{"id":790,"date":"2024-10-18T16:22:19","date_gmt":"2024-10-18T16:22:19","guid":{"rendered":"https:\/\/racoeseforragenscastanheira.com\/?post_type=product&#038;p=790"},"modified":"2025-11-24T16:29:29","modified_gmt":"2025-11-24T16:29:29","slug":"afugentador-solar-resistente-a-agua-pack-2un-masso","status":"publish","type":"product","link":"https:\/\/racoeseforragenscastanheira.com\/en\/product\/afugentador-solar-resistente-a-agua-pack-2un-masso\/","title":{"rendered":"Afugentador Solar Resistente a Agua Pack-2un Masso"},"content":{"rendered":"","protected":false},"excerpt":{"rendered":"<div class=\"elementor-element elementor-element-4b871bf wd-single-short-desc text-left elementor-widget elementor-widget-wd_single_product_short_description\" data-id=\"4b871bf\" data-element_type=\"widget\" data-widget_type=\"wd_single_product_short_description.default\">\n<div class=\"elementor-widget-container\">\n<div class=\"woocommerce-product-details__short-description\">\n<p>Emite sons e vibra\u00e7\u00f5es de baixa frequ\u00eancia e tem uma \u00e1rea de cobertura at\u00e9 650 m\u00b2; possui uma bateria interna recarregada diariamente com a luz solar.<\/p>\n<\/div>\n<\/div>\n<\/div>\n<section class=\"wd-negative-gap elementor-section elementor-inner-section elementor-element elementor-element-c23c920 elementor-section-boxed elementor-section-height-default elementor-section-height-default wd-section-disabled\" data-id=\"c23c920\" data-element_type=\"section\">\n<div class=\"elementor-container elementor-column-gap-default\">\n<div class=\"elementor-column elementor-col-100 elementor-inner-column elementor-element elementor-element-2e7e325\" data-id=\"2e7e325\" data-element_type=\"column\">\n<div class=\"elementor-widget-wrap elementor-element-populated\">\n<div class=\"elementor-element elementor-element-5d8acf1 elementor-widget__width-auto text-right wd-single-meta elementor-widget elementor-widget-wd_single_product_meta\" data-id=\"5d8acf1\" data-element_type=\"widget\" data-widget_type=\"wd_single_product_meta.default\">\n<div class=\"elementor-widget-container\">\n<div class=\"product_meta wd-layout-default\"><\/div>\n<\/div>\n<\/div>\n<\/div>\n<\/div>\n<\/div>\n<\/section>","protected":false},"featured_media":791,"comment_status":"open","ping_status":"closed","template":"","meta":[],"product_brand":[],"product_cat":[32],"product_tag":[],"class_list":{"0":"post-790","1":"product","2":"type-product","3":"status-publish","4":"has-post-thumbnail","6":"product_cat-horta-jardim","8":"first","9":"instock","10":"taxable","11":"shipping-taxable","12":"purchasable","13":"product-type-simple"},"yoast_head":"<!-- This site is optimized with the Yoast SEO plugin v27.5 - https:\/\/yoast.com\/product\/yoast-seo-wordpress\/ -->\n<title>Afugentador Solar Resistente a Agua Pack-2un Masso - racoes e forragens castanheira<\/title>\n<meta name=\"robots\" content=\"index, follow, max-snippet:-1, max-image-preview:large, max-video-preview:-1\" \/>\n<link rel=\"canonical\" href=\"https:\/\/racoeseforragenscastanheira.com\/en\/product\/afugentador-solar-resistente-a-agua-pack-2un-masso\/\" \/>\n<meta property=\"og:locale\" content=\"en_GB\" \/>\n<meta property=\"og:type\" content=\"article\" \/>\n<meta property=\"og:title\" content=\"Afugentador Solar Resistente a Agua Pack-2un Masso - racoes e forragens castanheira\" \/>\n<meta property=\"og:description\" content=\"Emite sons e vibra\u00e7\u00f5es de baixa frequ\u00eancia e tem uma \u00e1rea de cobertura at\u00e9 650 m\u00b2; possui uma bateria interna recarregada diariamente com a luz solar.\" \/>\n<meta property=\"og:url\" content=\"https:\/\/racoeseforragenscastanheira.com\/en\/product\/afugentador-solar-resistente-a-agua-pack-2un-masso\/\" \/>\n<meta property=\"og:site_name\" content=\"racoes e forragens castanheira\" \/>\n<meta property=\"article:publisher\" content=\"https:\/\/www.facebook.com\/racoeseforragenscastanheira\" \/>\n<meta property=\"article:modified_time\" content=\"2025-11-24T16:29:29+00:00\" \/>\n<meta property=\"og:image\" content=\"https:\/\/racoeseforragenscastanheira.com\/wp-content\/uploads\/2024\/10\/Copia-de-Design-sem-nome-57.png\" \/>\n\t<meta property=\"og:image:width\" content=\"1080\" \/>\n\t<meta property=\"og:image:height\" content=\"1080\" \/>\n\t<meta property=\"og:image:type\" content=\"image\/png\" \/>\n<meta name=\"twitter:card\" content=\"summary_large_image\" \/>\n<script type=\"application\/ld+json\" class=\"yoast-schema-graph\">{\"@context\":\"https:\\\/\\\/schema.org\",\"@graph\":[{\"@type\":\"WebPage\",\"@id\":\"https:\\\/\\\/racoeseforragenscastanheira.com\\\/produto\\\/afugentador-solar-resistente-a-agua-pack-2un-masso\\\/\",\"url\":\"https:\\\/\\\/racoeseforragenscastanheira.com\\\/produto\\\/afugentador-solar-resistente-a-agua-pack-2un-masso\\\/\",\"name\":\"Afugentador Solar Resistente a Agua Pack-2un Masso - racoes e forragens castanheira\",\"isPartOf\":{\"@id\":\"https:\\\/\\\/racoeseforragenscastanheira.com\\\/#website\"},\"primaryImageOfPage\":{\"@id\":\"https:\\\/\\\/racoeseforragenscastanheira.com\\\/produto\\\/afugentador-solar-resistente-a-agua-pack-2un-masso\\\/#primaryimage\"},\"image\":{\"@id\":\"https:\\\/\\\/racoeseforragenscastanheira.com\\\/produto\\\/afugentador-solar-resistente-a-agua-pack-2un-masso\\\/#primaryimage\"},\"thumbnailUrl\":\"https:\\\/\\\/racoeseforragenscastanheira.com\\\/wp-content\\\/uploads\\\/2024\\\/10\\\/Copia-de-Design-sem-nome-57.png\",\"datePublished\":\"2024-10-18T16:22:19+00:00\",\"dateModified\":\"2025-11-24T16:29:29+00:00\",\"breadcrumb\":{\"@id\":\"https:\\\/\\\/racoeseforragenscastanheira.com\\\/produto\\\/afugentador-solar-resistente-a-agua-pack-2un-masso\\\/#breadcrumb\"},\"inLanguage\":\"en-GB\",\"potentialAction\":[{\"@type\":\"ReadAction\",\"target\":[\"https:\\\/\\\/racoeseforragenscastanheira.com\\\/produto\\\/afugentador-solar-resistente-a-agua-pack-2un-masso\\\/\"]}]},{\"@type\":\"ImageObject\",\"inLanguage\":\"en-GB\",\"@id\":\"https:\\\/\\\/racoeseforragenscastanheira.com\\\/produto\\\/afugentador-solar-resistente-a-agua-pack-2un-masso\\\/#primaryimage\",\"url\":\"https:\\\/\\\/racoeseforragenscastanheira.com\\\/wp-content\\\/uploads\\\/2024\\\/10\\\/Copia-de-Design-sem-nome-57.png\",\"contentUrl\":\"https:\\\/\\\/racoeseforragenscastanheira.com\\\/wp-content\\\/uploads\\\/2024\\\/10\\\/Copia-de-Design-sem-nome-57.png\",\"width\":1080,\"height\":1080},{\"@type\":\"BreadcrumbList\",\"@id\":\"https:\\\/\\\/racoeseforragenscastanheira.com\\\/produto\\\/afugentador-solar-resistente-a-agua-pack-2un-masso\\\/#breadcrumb\",\"itemListElement\":[{\"@type\":\"ListItem\",\"position\":1,\"name\":\"In\u00edcio\",\"item\":\"https:\\\/\\\/racoeseforragenscastanheira.com\\\/\"},{\"@type\":\"ListItem\",\"position\":2,\"name\":\"Shop\",\"item\":\"https:\\\/\\\/racoeseforragenscastanheira.com\\\/shop\\\/\"},{\"@type\":\"ListItem\",\"position\":3,\"name\":\"Afugentador Solar Resistente a Agua Pack-2un Masso\"}]},{\"@type\":\"WebSite\",\"@id\":\"https:\\\/\\\/racoeseforragenscastanheira.com\\\/#website\",\"url\":\"https:\\\/\\\/racoeseforragenscastanheira.com\\\/\",\"name\":\"racoes e forragens castanheira\",\"description\":\"\",\"publisher\":{\"@id\":\"https:\\\/\\\/racoeseforragenscastanheira.com\\\/#organization\"},\"potentialAction\":[{\"@type\":\"SearchAction\",\"target\":{\"@type\":\"EntryPoint\",\"urlTemplate\":\"https:\\\/\\\/racoeseforragenscastanheira.com\\\/?s={search_term_string}\"},\"query-input\":{\"@type\":\"PropertyValueSpecification\",\"valueRequired\":true,\"valueName\":\"search_term_string\"}}],\"inLanguage\":\"en-GB\"},{\"@type\":\"Organization\",\"@id\":\"https:\\\/\\\/racoeseforragenscastanheira.com\\\/#organization\",\"name\":\"racoes e forragens castanheira\",\"url\":\"https:\\\/\\\/racoeseforragenscastanheira.com\\\/\",\"logo\":{\"@type\":\"ImageObject\",\"inLanguage\":\"en-GB\",\"@id\":\"https:\\\/\\\/racoeseforragenscastanheira.com\\\/#\\\/schema\\\/logo\\\/image\\\/\",\"url\":\"https:\\\/\\\/lightgoldenrodyellow-dugong-899059.hostingersite.com\\\/wp-content\\\/uploads\\\/2025\\\/01\\\/image003-e1726606072123.jpg\",\"contentUrl\":\"https:\\\/\\\/lightgoldenrodyellow-dugong-899059.hostingersite.com\\\/wp-content\\\/uploads\\\/2025\\\/01\\\/image003-e1726606072123.jpg\",\"width\":640,\"height\":405,\"caption\":\"racoes e forragens castanheira\"},\"image\":{\"@id\":\"https:\\\/\\\/racoeseforragenscastanheira.com\\\/#\\\/schema\\\/logo\\\/image\\\/\"},\"sameAs\":[\"https:\\\/\\\/www.facebook.com\\\/racoeseforragenscastanheira\",\"https:\\\/\\\/www.instagram.com\\\/racoes_e_forragens_castanheira\\\/\"]}]}<\/script>\n<!-- \/ Yoast SEO plugin. -->","yoast_head_json":{"title":"Afugentador Solar Resistente a Agua Pack-2un Masso - racoes e forragens castanheira","robots":{"index":"index","follow":"follow","max-snippet":"max-snippet:-1","max-image-preview":"max-image-preview:large","max-video-preview":"max-video-preview:-1"},"canonical":"https:\/\/racoeseforragenscastanheira.com\/en\/product\/afugentador-solar-resistente-a-agua-pack-2un-masso\/","og_locale":"en_GB","og_type":"article","og_title":"Afugentador Solar Resistente a Agua Pack-2un Masso - racoes e forragens castanheira","og_description":"Emite sons e vibra\u00e7\u00f5es de baixa frequ\u00eancia e tem uma \u00e1rea de cobertura at\u00e9 650 m\u00b2; possui uma bateria interna recarregada diariamente com a luz solar.","og_url":"https:\/\/racoeseforragenscastanheira.com\/en\/product\/afugentador-solar-resistente-a-agua-pack-2un-masso\/","og_site_name":"racoes e forragens castanheira","article_publisher":"https:\/\/www.facebook.com\/racoeseforragenscastanheira","article_modified_time":"2025-11-24T16:29:29+00:00","og_image":[{"width":1080,"height":1080,"url":"https:\/\/racoeseforragenscastanheira.com\/wp-content\/uploads\/2024\/10\/Copia-de-Design-sem-nome-57.png","type":"image\/png"}],"twitter_card":"summary_large_image","schema":{"@context":"https:\/\/schema.org","@graph":[{"@type":"WebPage","@id":"https:\/\/racoeseforragenscastanheira.com\/produto\/afugentador-solar-resistente-a-agua-pack-2un-masso\/","url":"https:\/\/racoeseforragenscastanheira.com\/produto\/afugentador-solar-resistente-a-agua-pack-2un-masso\/","name":"Afugentador Solar Resistente a Agua Pack-2un Masso - racoes e forragens castanheira","isPartOf":{"@id":"https:\/\/racoeseforragenscastanheira.com\/#website"},"primaryImageOfPage":{"@id":"https:\/\/racoeseforragenscastanheira.com\/produto\/afugentador-solar-resistente-a-agua-pack-2un-masso\/#primaryimage"},"image":{"@id":"https:\/\/racoeseforragenscastanheira.com\/produto\/afugentador-solar-resistente-a-agua-pack-2un-masso\/#primaryimage"},"thumbnailUrl":"https:\/\/racoeseforragenscastanheira.com\/wp-content\/uploads\/2024\/10\/Copia-de-Design-sem-nome-57.png","datePublished":"2024-10-18T16:22:19+00:00","dateModified":"2025-11-24T16:29:29+00:00","breadcrumb":{"@id":"https:\/\/racoeseforragenscastanheira.com\/produto\/afugentador-solar-resistente-a-agua-pack-2un-masso\/#breadcrumb"},"inLanguage":"en-GB","potentialAction":[{"@type":"ReadAction","target":["https:\/\/racoeseforragenscastanheira.com\/produto\/afugentador-solar-resistente-a-agua-pack-2un-masso\/"]}]},{"@type":"ImageObject","inLanguage":"en-GB","@id":"https:\/\/racoeseforragenscastanheira.com\/produto\/afugentador-solar-resistente-a-agua-pack-2un-masso\/#primaryimage","url":"https:\/\/racoeseforragenscastanheira.com\/wp-content\/uploads\/2024\/10\/Copia-de-Design-sem-nome-57.png","contentUrl":"https:\/\/racoeseforragenscastanheira.com\/wp-content\/uploads\/2024\/10\/Copia-de-Design-sem-nome-57.png","width":1080,"height":1080},{"@type":"BreadcrumbList","@id":"https:\/\/racoeseforragenscastanheira.com\/produto\/afugentador-solar-resistente-a-agua-pack-2un-masso\/#breadcrumb","itemListElement":[{"@type":"ListItem","position":1,"name":"In\u00edcio","item":"https:\/\/racoeseforragenscastanheira.com\/"},{"@type":"ListItem","position":2,"name":"Shop","item":"https:\/\/racoeseforragenscastanheira.com\/shop\/"},{"@type":"ListItem","position":3,"name":"Afugentador Solar Resistente a Agua Pack-2un Masso"}]},{"@type":"WebSite","@id":"https:\/\/racoeseforragenscastanheira.com\/#website","url":"https:\/\/racoeseforragenscastanheira.com\/","name":"racoes e forragens castanheira","description":"","publisher":{"@id":"https:\/\/racoeseforragenscastanheira.com\/#organization"},"potentialAction":[{"@type":"SearchAction","target":{"@type":"EntryPoint","urlTemplate":"https:\/\/racoeseforragenscastanheira.com\/?s={search_term_string}"},"query-input":{"@type":"PropertyValueSpecification","valueRequired":true,"valueName":"search_term_string"}}],"inLanguage":"en-GB"},{"@type":"Organization","@id":"https:\/\/racoeseforragenscastanheira.com\/#organization","name":"racoes e forragens castanheira","url":"https:\/\/racoeseforragenscastanheira.com\/","logo":{"@type":"ImageObject","inLanguage":"en-GB","@id":"https:\/\/racoeseforragenscastanheira.com\/#\/schema\/logo\/image\/","url":"https:\/\/lightgoldenrodyellow-dugong-899059.hostingersite.com\/wp-content\/uploads\/2025\/01\/image003-e1726606072123.jpg","contentUrl":"https:\/\/lightgoldenrodyellow-dugong-899059.hostingersite.com\/wp-content\/uploads\/2025\/01\/image003-e1726606072123.jpg","width":640,"height":405,"caption":"racoes e forragens castanheira"},"image":{"@id":"https:\/\/racoeseforragenscastanheira.com\/#\/schema\/logo\/image\/"},"sameAs":["https:\/\/www.facebook.com\/racoeseforragenscastanheira","https:\/\/www.instagram.com\/racoes_e_forragens_castanheira\/"]}]}},"_links":{"self":[{"href":"https:\/\/racoeseforragenscastanheira.com\/en\/wp-json\/wp\/v2\/product\/790","targetHints":{"allow":["GET"]}}],"collection":[{"href":"https:\/\/racoeseforragenscastanheira.com\/en\/wp-json\/wp\/v2\/product"}],"about":[{"href":"https:\/\/racoeseforragenscastanheira.com\/en\/wp-json\/wp\/v2\/types\/product"}],"replies":[{"embeddable":true,"href":"https:\/\/racoeseforragenscastanheira.com\/en\/wp-json\/wp\/v2\/comments?post=790"}],"wp:featuredmedia":[{"embeddable":true,"href":"https:\/\/racoeseforragenscastanheira.com\/en\/wp-json\/wp\/v2\/media\/791"}],"wp:attachment":[{"href":"https:\/\/racoeseforragenscastanheira.com\/en\/wp-json\/wp\/v2\/media?parent=790"}],"wp:term":[{"taxonomy":"product_brand","embeddable":true,"href":"https:\/\/racoeseforragenscastanheira.com\/en\/wp-json\/wp\/v2\/product_brand?post=790"},{"taxonomy":"product_cat","embeddable":true,"href":"https:\/\/racoeseforragenscastanheira.com\/en\/wp-json\/wp\/v2\/product_cat?post=790"},{"taxonomy":"product_tag","embeddable":true,"href":"https:\/\/racoeseforragenscastanheira.com\/en\/wp-json\/wp\/v2\/product_tag?post=790"}],"curies":[{"name":"wp","href":"https:\/\/api.w.org\/{rel}","templated":true}]}}