{"id":784,"date":"2024-10-18T16:12:04","date_gmt":"2024-10-18T16:12:04","guid":{"rendered":"https:\/\/racoeseforragenscastanheira.com\/?post_type=product&#038;p=784"},"modified":"2026-03-23T15:29:47","modified_gmt":"2026-03-23T15:29:47","slug":"ratigen-secure-isco-fresco-150gr-bioplagen","status":"publish","type":"product","link":"https:\/\/racoeseforragenscastanheira.com\/en\/product\/ratigen-secure-isco-fresco-150gr-bioplagen\/","title":{"rendered":"Brody Raticida &#8211; 150g (Brodifacume 0.0025%)"},"content":{"rendered":"","protected":false},"excerpt":{"rendered":"<p><strong>Brody Isco Fresco &#8211; Rodenticida<\/strong><\/p>\n<p>Uso n\u00e3o profissional.<\/p>\n<p>Pronto a usar, elimina ratos e ratazanas com uma ingest\u00e3o.<\/p>\n<p>Muito apetec\u00edvel para ratos e ratazanas, cont\u00e9m agente amargante para pessoas e animais.<\/p>\n<p>O produto n\u00e3o alerta e n\u00e3o cria suspeitas para os outros componentes da popula\u00e7\u00e3o de roedores.<\/p>\n<p>Princ\u00edpio ativo: Brodifacume.<\/p>\n<p><strong>Organismos alvo<\/strong><\/p>\n<p>Ratos e Ratazanas, juvenis e adultos (<em>Rattus norvegicus e Mus musculus<\/em>).<\/p>\n<p>*Independentemente da informa\u00e7\u00e3o aqui disponibilizada deve proceder cuidadosamente \u00e1 leitura do r\u00f3tulo e, quando aplic\u00e1vel, das fichas t\u00e9cnicas dos produtos.<\/p>","protected":false},"featured_media":1922,"comment_status":"open","ping_status":"closed","template":"","meta":[],"product_brand":[],"product_cat":[32],"product_tag":[],"class_list":{"0":"post-784","1":"product","2":"type-product","3":"status-publish","4":"has-post-thumbnail","6":"product_cat-horta-jardim","8":"first","9":"instock","10":"taxable","11":"shipping-taxable","12":"purchasable","13":"product-type-simple"},"yoast_head":"<!-- This site is optimized with the Yoast SEO plugin v27.5 - https:\/\/yoast.com\/product\/yoast-seo-wordpress\/ -->\n<title>Brody Raticida - 150g (Brodifacume 0.0025%) - racoes e forragens castanheira<\/title>\n<meta name=\"robots\" content=\"index, follow, max-snippet:-1, max-image-preview:large, max-video-preview:-1\" \/>\n<link rel=\"canonical\" href=\"https:\/\/racoeseforragenscastanheira.com\/en\/product\/ratigen-secure-isco-fresco-150gr-bioplagen\/\" \/>\n<meta property=\"og:locale\" content=\"en_GB\" \/>\n<meta property=\"og:type\" content=\"article\" \/>\n<meta property=\"og:title\" content=\"Brody Raticida - 150g (Brodifacume 0.0025%) - racoes e forragens castanheira\" \/>\n<meta property=\"og:description\" content=\"Brody Isco Fresco - Rodenticida  Uso n\u00e3o profissional.  Pronto a usar, elimina ratos e ratazanas com uma ingest\u00e3o.  Muito apetec\u00edvel para ratos e ratazanas, cont\u00e9m agente amargante para pessoas e animais.  O produto n\u00e3o alerta e n\u00e3o cria suspeitas para os outros componentes da popula\u00e7\u00e3o de roedores.  Princ\u00edpio ativo: Brodifacume.  Organismos alvo  Ratos e Ratazanas, juvenis e adultos (Rattus norvegicus e Mus musculus).  *Independentemente da informa\u00e7\u00e3o aqui disponibilizada deve proceder cuidadosamente \u00e1 leitura do r\u00f3tulo e, quando aplic\u00e1vel, das fichas t\u00e9cnicas dos produtos.\" \/>\n<meta property=\"og:url\" content=\"https:\/\/racoeseforragenscastanheira.com\/en\/product\/ratigen-secure-isco-fresco-150gr-bioplagen\/\" \/>\n<meta property=\"og:site_name\" content=\"racoes e forragens castanheira\" \/>\n<meta property=\"article:publisher\" content=\"https:\/\/www.facebook.com\/racoeseforragenscastanheira\" \/>\n<meta property=\"article:modified_time\" content=\"2026-03-23T15:29:47+00:00\" \/>\n<meta property=\"og:image\" content=\"https:\/\/racoeseforragenscastanheira.com\/wp-content\/uploads\/2024\/10\/c55358468ddfcdf83e4c932e499d05b7.webp\" \/>\n\t<meta property=\"og:image:width\" content=\"381\" \/>\n\t<meta property=\"og:image:height\" content=\"400\" \/>\n\t<meta property=\"og:image:type\" content=\"image\/webp\" \/>\n<meta name=\"twitter:card\" content=\"summary_large_image\" \/>\n<meta name=\"twitter:label1\" content=\"Estimated reading time\" \/>\n\t<meta name=\"twitter:data1\" content=\"1 minute\" \/>\n<script type=\"application\/ld+json\" class=\"yoast-schema-graph\">{\"@context\":\"https:\\\/\\\/schema.org\",\"@graph\":[{\"@type\":\"WebPage\",\"@id\":\"https:\\\/\\\/racoeseforragenscastanheira.com\\\/produto\\\/ratigen-secure-isco-fresco-150gr-bioplagen\\\/\",\"url\":\"https:\\\/\\\/racoeseforragenscastanheira.com\\\/produto\\\/ratigen-secure-isco-fresco-150gr-bioplagen\\\/\",\"name\":\"Brody Raticida - 150g (Brodifacume 0.0025%) - racoes e forragens castanheira\",\"isPartOf\":{\"@id\":\"https:\\\/\\\/racoeseforragenscastanheira.com\\\/#website\"},\"primaryImageOfPage\":{\"@id\":\"https:\\\/\\\/racoeseforragenscastanheira.com\\\/produto\\\/ratigen-secure-isco-fresco-150gr-bioplagen\\\/#primaryimage\"},\"image\":{\"@id\":\"https:\\\/\\\/racoeseforragenscastanheira.com\\\/produto\\\/ratigen-secure-isco-fresco-150gr-bioplagen\\\/#primaryimage\"},\"thumbnailUrl\":\"https:\\\/\\\/racoeseforragenscastanheira.com\\\/wp-content\\\/uploads\\\/2024\\\/10\\\/c55358468ddfcdf83e4c932e499d05b7.webp\",\"datePublished\":\"2024-10-18T16:12:04+00:00\",\"dateModified\":\"2026-03-23T15:29:47+00:00\",\"breadcrumb\":{\"@id\":\"https:\\\/\\\/racoeseforragenscastanheira.com\\\/produto\\\/ratigen-secure-isco-fresco-150gr-bioplagen\\\/#breadcrumb\"},\"inLanguage\":\"en-GB\",\"potentialAction\":[{\"@type\":\"ReadAction\",\"target\":[\"https:\\\/\\\/racoeseforragenscastanheira.com\\\/produto\\\/ratigen-secure-isco-fresco-150gr-bioplagen\\\/\"]}]},{\"@type\":\"ImageObject\",\"inLanguage\":\"en-GB\",\"@id\":\"https:\\\/\\\/racoeseforragenscastanheira.com\\\/produto\\\/ratigen-secure-isco-fresco-150gr-bioplagen\\\/#primaryimage\",\"url\":\"https:\\\/\\\/racoeseforragenscastanheira.com\\\/wp-content\\\/uploads\\\/2024\\\/10\\\/c55358468ddfcdf83e4c932e499d05b7.webp\",\"contentUrl\":\"https:\\\/\\\/racoeseforragenscastanheira.com\\\/wp-content\\\/uploads\\\/2024\\\/10\\\/c55358468ddfcdf83e4c932e499d05b7.webp\",\"width\":381,\"height\":400},{\"@type\":\"BreadcrumbList\",\"@id\":\"https:\\\/\\\/racoeseforragenscastanheira.com\\\/produto\\\/ratigen-secure-isco-fresco-150gr-bioplagen\\\/#breadcrumb\",\"itemListElement\":[{\"@type\":\"ListItem\",\"position\":1,\"name\":\"In\u00edcio\",\"item\":\"https:\\\/\\\/racoeseforragenscastanheira.com\\\/\"},{\"@type\":\"ListItem\",\"position\":2,\"name\":\"Shop\",\"item\":\"https:\\\/\\\/racoeseforragenscastanheira.com\\\/shop\\\/\"},{\"@type\":\"ListItem\",\"position\":3,\"name\":\"Brody Raticida &#8211; 150g (Brodifacume 0.0025%)\"}]},{\"@type\":\"WebSite\",\"@id\":\"https:\\\/\\\/racoeseforragenscastanheira.com\\\/#website\",\"url\":\"https:\\\/\\\/racoeseforragenscastanheira.com\\\/\",\"name\":\"racoes e forragens castanheira\",\"description\":\"\",\"publisher\":{\"@id\":\"https:\\\/\\\/racoeseforragenscastanheira.com\\\/#organization\"},\"potentialAction\":[{\"@type\":\"SearchAction\",\"target\":{\"@type\":\"EntryPoint\",\"urlTemplate\":\"https:\\\/\\\/racoeseforragenscastanheira.com\\\/?s={search_term_string}\"},\"query-input\":{\"@type\":\"PropertyValueSpecification\",\"valueRequired\":true,\"valueName\":\"search_term_string\"}}],\"inLanguage\":\"en-GB\"},{\"@type\":\"Organization\",\"@id\":\"https:\\\/\\\/racoeseforragenscastanheira.com\\\/#organization\",\"name\":\"racoes e forragens castanheira\",\"url\":\"https:\\\/\\\/racoeseforragenscastanheira.com\\\/\",\"logo\":{\"@type\":\"ImageObject\",\"inLanguage\":\"en-GB\",\"@id\":\"https:\\\/\\\/racoeseforragenscastanheira.com\\\/#\\\/schema\\\/logo\\\/image\\\/\",\"url\":\"https:\\\/\\\/lightgoldenrodyellow-dugong-899059.hostingersite.com\\\/wp-content\\\/uploads\\\/2025\\\/01\\\/image003-e1726606072123.jpg\",\"contentUrl\":\"https:\\\/\\\/lightgoldenrodyellow-dugong-899059.hostingersite.com\\\/wp-content\\\/uploads\\\/2025\\\/01\\\/image003-e1726606072123.jpg\",\"width\":640,\"height\":405,\"caption\":\"racoes e forragens castanheira\"},\"image\":{\"@id\":\"https:\\\/\\\/racoeseforragenscastanheira.com\\\/#\\\/schema\\\/logo\\\/image\\\/\"},\"sameAs\":[\"https:\\\/\\\/www.facebook.com\\\/racoeseforragenscastanheira\",\"https:\\\/\\\/www.instagram.com\\\/racoes_e_forragens_castanheira\\\/\"]}]}<\/script>\n<!-- \/ Yoast SEO plugin. -->","yoast_head_json":{"title":"Brody Raticida - 150g (Brodifacume 0.0025%) - racoes e forragens castanheira","robots":{"index":"index","follow":"follow","max-snippet":"max-snippet:-1","max-image-preview":"max-image-preview:large","max-video-preview":"max-video-preview:-1"},"canonical":"https:\/\/racoeseforragenscastanheira.com\/en\/product\/ratigen-secure-isco-fresco-150gr-bioplagen\/","og_locale":"en_GB","og_type":"article","og_title":"Brody Raticida - 150g (Brodifacume 0.0025%) - racoes e forragens castanheira","og_description":"Brody Isco Fresco - Rodenticida  Uso n\u00e3o profissional.  Pronto a usar, elimina ratos e ratazanas com uma ingest\u00e3o.  Muito apetec\u00edvel para ratos e ratazanas, cont\u00e9m agente amargante para pessoas e animais.  O produto n\u00e3o alerta e n\u00e3o cria suspeitas para os outros componentes da popula\u00e7\u00e3o de roedores.  Princ\u00edpio ativo: Brodifacume.  Organismos alvo  Ratos e Ratazanas, juvenis e adultos (Rattus norvegicus e Mus musculus).  *Independentemente da informa\u00e7\u00e3o aqui disponibilizada deve proceder cuidadosamente \u00e1 leitura do r\u00f3tulo e, quando aplic\u00e1vel, das fichas t\u00e9cnicas dos produtos.","og_url":"https:\/\/racoeseforragenscastanheira.com\/en\/product\/ratigen-secure-isco-fresco-150gr-bioplagen\/","og_site_name":"racoes e forragens castanheira","article_publisher":"https:\/\/www.facebook.com\/racoeseforragenscastanheira","article_modified_time":"2026-03-23T15:29:47+00:00","og_image":[{"width":381,"height":400,"url":"https:\/\/racoeseforragenscastanheira.com\/wp-content\/uploads\/2024\/10\/c55358468ddfcdf83e4c932e499d05b7.webp","type":"image\/webp"}],"twitter_card":"summary_large_image","twitter_misc":{"Estimated reading time":"1 minute"},"schema":{"@context":"https:\/\/schema.org","@graph":[{"@type":"WebPage","@id":"https:\/\/racoeseforragenscastanheira.com\/produto\/ratigen-secure-isco-fresco-150gr-bioplagen\/","url":"https:\/\/racoeseforragenscastanheira.com\/produto\/ratigen-secure-isco-fresco-150gr-bioplagen\/","name":"Brody Raticida - 150g (Brodifacume 0.0025%) - racoes e forragens castanheira","isPartOf":{"@id":"https:\/\/racoeseforragenscastanheira.com\/#website"},"primaryImageOfPage":{"@id":"https:\/\/racoeseforragenscastanheira.com\/produto\/ratigen-secure-isco-fresco-150gr-bioplagen\/#primaryimage"},"image":{"@id":"https:\/\/racoeseforragenscastanheira.com\/produto\/ratigen-secure-isco-fresco-150gr-bioplagen\/#primaryimage"},"thumbnailUrl":"https:\/\/racoeseforragenscastanheira.com\/wp-content\/uploads\/2024\/10\/c55358468ddfcdf83e4c932e499d05b7.webp","datePublished":"2024-10-18T16:12:04+00:00","dateModified":"2026-03-23T15:29:47+00:00","breadcrumb":{"@id":"https:\/\/racoeseforragenscastanheira.com\/produto\/ratigen-secure-isco-fresco-150gr-bioplagen\/#breadcrumb"},"inLanguage":"en-GB","potentialAction":[{"@type":"ReadAction","target":["https:\/\/racoeseforragenscastanheira.com\/produto\/ratigen-secure-isco-fresco-150gr-bioplagen\/"]}]},{"@type":"ImageObject","inLanguage":"en-GB","@id":"https:\/\/racoeseforragenscastanheira.com\/produto\/ratigen-secure-isco-fresco-150gr-bioplagen\/#primaryimage","url":"https:\/\/racoeseforragenscastanheira.com\/wp-content\/uploads\/2024\/10\/c55358468ddfcdf83e4c932e499d05b7.webp","contentUrl":"https:\/\/racoeseforragenscastanheira.com\/wp-content\/uploads\/2024\/10\/c55358468ddfcdf83e4c932e499d05b7.webp","width":381,"height":400},{"@type":"BreadcrumbList","@id":"https:\/\/racoeseforragenscastanheira.com\/produto\/ratigen-secure-isco-fresco-150gr-bioplagen\/#breadcrumb","itemListElement":[{"@type":"ListItem","position":1,"name":"In\u00edcio","item":"https:\/\/racoeseforragenscastanheira.com\/"},{"@type":"ListItem","position":2,"name":"Shop","item":"https:\/\/racoeseforragenscastanheira.com\/shop\/"},{"@type":"ListItem","position":3,"name":"Brody Raticida &#8211; 150g (Brodifacume 0.0025%)"}]},{"@type":"WebSite","@id":"https:\/\/racoeseforragenscastanheira.com\/#website","url":"https:\/\/racoeseforragenscastanheira.com\/","name":"racoes e forragens castanheira","description":"","publisher":{"@id":"https:\/\/racoeseforragenscastanheira.com\/#organization"},"potentialAction":[{"@type":"SearchAction","target":{"@type":"EntryPoint","urlTemplate":"https:\/\/racoeseforragenscastanheira.com\/?s={search_term_string}"},"query-input":{"@type":"PropertyValueSpecification","valueRequired":true,"valueName":"search_term_string"}}],"inLanguage":"en-GB"},{"@type":"Organization","@id":"https:\/\/racoeseforragenscastanheira.com\/#organization","name":"racoes e forragens castanheira","url":"https:\/\/racoeseforragenscastanheira.com\/","logo":{"@type":"ImageObject","inLanguage":"en-GB","@id":"https:\/\/racoeseforragenscastanheira.com\/#\/schema\/logo\/image\/","url":"https:\/\/lightgoldenrodyellow-dugong-899059.hostingersite.com\/wp-content\/uploads\/2025\/01\/image003-e1726606072123.jpg","contentUrl":"https:\/\/lightgoldenrodyellow-dugong-899059.hostingersite.com\/wp-content\/uploads\/2025\/01\/image003-e1726606072123.jpg","width":640,"height":405,"caption":"racoes e forragens castanheira"},"image":{"@id":"https:\/\/racoeseforragenscastanheira.com\/#\/schema\/logo\/image\/"},"sameAs":["https:\/\/www.facebook.com\/racoeseforragenscastanheira","https:\/\/www.instagram.com\/racoes_e_forragens_castanheira\/"]}]}},"_links":{"self":[{"href":"https:\/\/racoeseforragenscastanheira.com\/en\/wp-json\/wp\/v2\/product\/784","targetHints":{"allow":["GET"]}}],"collection":[{"href":"https:\/\/racoeseforragenscastanheira.com\/en\/wp-json\/wp\/v2\/product"}],"about":[{"href":"https:\/\/racoeseforragenscastanheira.com\/en\/wp-json\/wp\/v2\/types\/product"}],"replies":[{"embeddable":true,"href":"https:\/\/racoeseforragenscastanheira.com\/en\/wp-json\/wp\/v2\/comments?post=784"}],"wp:featuredmedia":[{"embeddable":true,"href":"https:\/\/racoeseforragenscastanheira.com\/en\/wp-json\/wp\/v2\/media\/1922"}],"wp:attachment":[{"href":"https:\/\/racoeseforragenscastanheira.com\/en\/wp-json\/wp\/v2\/media?parent=784"}],"wp:term":[{"taxonomy":"product_brand","embeddable":true,"href":"https:\/\/racoeseforragenscastanheira.com\/en\/wp-json\/wp\/v2\/product_brand?post=784"},{"taxonomy":"product_cat","embeddable":true,"href":"https:\/\/racoeseforragenscastanheira.com\/en\/wp-json\/wp\/v2\/product_cat?post=784"},{"taxonomy":"product_tag","embeddable":true,"href":"https:\/\/racoeseforragenscastanheira.com\/en\/wp-json\/wp\/v2\/product_tag?post=784"}],"curies":[{"name":"wp","href":"https:\/\/api.w.org\/{rel}","templated":true}]}}