{"id":778,"date":"2024-10-18T16:01:43","date_gmt":"2024-10-18T16:01:43","guid":{"rendered":"https:\/\/racoeseforragenscastanheira.com\/?post_type=product&#038;p=778"},"modified":"2025-07-14T17:40:41","modified_gmt":"2025-07-14T17:40:41","slug":"actibiol-flow-50ml","status":"publish","type":"product","link":"https:\/\/racoeseforragenscastanheira.com\/en\/product\/actibiol-flow-50ml\/","title":{"rendered":"Actibiol Flow 50ml"},"content":{"rendered":"","protected":false},"excerpt":{"rendered":"<p><span style=\"font-weight: 400;\">O\u00a0<\/span><b>ACTIBIOL FLOW<\/b><span style=\"font-weight: 400;\">\u00a0\u00e9 um insecticida piretr\u00f3ide de amplo espectro de ac\u00e7\u00e3o, que actua por contacto e ingest\u00e3o.<\/span><\/p>\n<p><span style=\"font-weight: 400;\">A sua formula\u00e7\u00e3o concentrada de base aquosa, para aplica\u00e7\u00e3o por pulveriza\u00e7\u00e3o em todo o tipo de superf\u00edcies, apresenta elevada efic\u00e1cia a baixas concentra\u00e7\u00f5es e grande persist\u00eancia de ac\u00e7\u00e3o.<\/span><\/p>\n<p><span style=\"font-weight: 400;\">Tem amplo espectro de ac\u00e7\u00e3o contra insectos voadores e rastejantes (moscas, mosquitos, pulgas, baratas, formigas, etc.).<\/span><\/p>\n<p><span style=\"font-weight: 400;\">Devido \u00e1 sua baixa toxicidade, est\u00e1 especialmente indicado para ser usado em seguran\u00e7a em instala\u00e7\u00f5es dom\u00e9sticas, pecu\u00e1rias, industriais e locais p\u00fablicos.<\/span><\/p>\n<p><span style=\"font-weight: 400;\">N\u00e3o mancha e \u00e9 praticamente inodoro.<\/span><\/p>\n<p><span style=\"font-weight: 400;\">Pode ser aplicado em interiores ou exteriores.<\/span><\/p>\n<h2><b>Modo de emprego<\/b><\/h2>\n<p><span style=\"font-weight: 400;\">A aplica\u00e7\u00e3o dever\u00e1 ser directa por pulveriza\u00e7\u00e3o localizada, dirigida \u00e0s superf\u00edcies a tratar.<\/span><\/p>\n<p><span style=\"font-weight: 400;\">N\u00e3o pode ser aplicado de forma a\u00e9rea sobre superf\u00edcies onde se manipulem, preparem ou consumam alimentos.<\/span><\/p>","protected":false},"featured_media":1921,"comment_status":"open","ping_status":"closed","template":"","meta":[],"product_brand":[],"product_cat":[32],"product_tag":[],"class_list":{"0":"post-778","1":"product","2":"type-product","3":"status-publish","4":"has-post-thumbnail","6":"product_cat-horta-jardim","8":"first","9":"instock","10":"taxable","11":"shipping-taxable","12":"purchasable","13":"product-type-simple"},"yoast_head":"<!-- This site is optimized with the Yoast SEO plugin v27.5 - https:\/\/yoast.com\/product\/yoast-seo-wordpress\/ -->\n<title>Actibiol Flow 50ml - racoes e forragens castanheira<\/title>\n<meta name=\"robots\" content=\"index, follow, max-snippet:-1, max-image-preview:large, max-video-preview:-1\" \/>\n<link rel=\"canonical\" href=\"https:\/\/racoeseforragenscastanheira.com\/en\/product\/actibiol-flow-50ml\/\" \/>\n<meta property=\"og:locale\" content=\"en_GB\" \/>\n<meta property=\"og:type\" content=\"article\" \/>\n<meta property=\"og:title\" content=\"Actibiol Flow 50ml - racoes e forragens castanheira\" \/>\n<meta property=\"og:description\" content=\"O\u00a0ACTIBIOL FLOW\u00a0\u00e9 um insecticida piretr\u00f3ide de amplo espectro de ac\u00e7\u00e3o, que actua por contacto e ingest\u00e3o.  A sua formula\u00e7\u00e3o concentrada de base aquosa, para aplica\u00e7\u00e3o por pulveriza\u00e7\u00e3o em todo o tipo de superf\u00edcies, apresenta elevada efic\u00e1cia a baixas concentra\u00e7\u00f5es e grande persist\u00eancia de ac\u00e7\u00e3o.  Tem amplo espectro de ac\u00e7\u00e3o contra insectos voadores e rastejantes (moscas, mosquitos, pulgas, baratas, formigas, etc.).  Devido \u00e1 sua baixa toxicidade, est\u00e1 especialmente indicado para ser usado em seguran\u00e7a em instala\u00e7\u00f5es dom\u00e9sticas, pecu\u00e1rias, industriais e locais p\u00fablicos.  N\u00e3o mancha e \u00e9 praticamente inodoro.  Pode ser aplicado em interiores ou exteriores. Modo de emprego A aplica\u00e7\u00e3o dever\u00e1 ser directa por pulveriza\u00e7\u00e3o localizada, dirigida \u00e0s superf\u00edcies a tratar.  N\u00e3o pode ser aplicado de forma a\u00e9rea sobre superf\u00edcies onde se manipulem, preparem ou consumam alimentos.\" \/>\n<meta property=\"og:url\" content=\"https:\/\/racoeseforragenscastanheira.com\/en\/product\/actibiol-flow-50ml\/\" \/>\n<meta property=\"og:site_name\" content=\"racoes e forragens castanheira\" \/>\n<meta property=\"article:publisher\" content=\"https:\/\/www.facebook.com\/racoeseforragenscastanheira\" \/>\n<meta property=\"article:modified_time\" content=\"2025-07-14T17:40:41+00:00\" \/>\n<meta property=\"og:image\" content=\"https:\/\/racoeseforragenscastanheira.com\/wp-content\/uploads\/2024\/10\/1718796868_eb8309a472d73762186bac70a24ce367.jpg\" \/>\n\t<meta property=\"og:image:width\" content=\"544\" \/>\n\t<meta property=\"og:image:height\" content=\"544\" \/>\n\t<meta property=\"og:image:type\" content=\"image\/jpeg\" \/>\n<meta name=\"twitter:card\" content=\"summary_large_image\" \/>\n<meta name=\"twitter:label1\" content=\"Estimated reading time\" \/>\n\t<meta name=\"twitter:data1\" content=\"1 minute\" \/>\n<script type=\"application\/ld+json\" class=\"yoast-schema-graph\">{\"@context\":\"https:\\\/\\\/schema.org\",\"@graph\":[{\"@type\":\"WebPage\",\"@id\":\"https:\\\/\\\/racoeseforragenscastanheira.com\\\/produto\\\/actibiol-flow-50ml\\\/\",\"url\":\"https:\\\/\\\/racoeseforragenscastanheira.com\\\/produto\\\/actibiol-flow-50ml\\\/\",\"name\":\"Actibiol Flow 50ml - racoes e forragens castanheira\",\"isPartOf\":{\"@id\":\"https:\\\/\\\/racoeseforragenscastanheira.com\\\/#website\"},\"primaryImageOfPage\":{\"@id\":\"https:\\\/\\\/racoeseforragenscastanheira.com\\\/produto\\\/actibiol-flow-50ml\\\/#primaryimage\"},\"image\":{\"@id\":\"https:\\\/\\\/racoeseforragenscastanheira.com\\\/produto\\\/actibiol-flow-50ml\\\/#primaryimage\"},\"thumbnailUrl\":\"https:\\\/\\\/racoeseforragenscastanheira.com\\\/wp-content\\\/uploads\\\/2024\\\/10\\\/1718796868_eb8309a472d73762186bac70a24ce367.jpg\",\"datePublished\":\"2024-10-18T16:01:43+00:00\",\"dateModified\":\"2025-07-14T17:40:41+00:00\",\"breadcrumb\":{\"@id\":\"https:\\\/\\\/racoeseforragenscastanheira.com\\\/produto\\\/actibiol-flow-50ml\\\/#breadcrumb\"},\"inLanguage\":\"en-GB\",\"potentialAction\":[{\"@type\":\"ReadAction\",\"target\":[\"https:\\\/\\\/racoeseforragenscastanheira.com\\\/produto\\\/actibiol-flow-50ml\\\/\"]}]},{\"@type\":\"ImageObject\",\"inLanguage\":\"en-GB\",\"@id\":\"https:\\\/\\\/racoeseforragenscastanheira.com\\\/produto\\\/actibiol-flow-50ml\\\/#primaryimage\",\"url\":\"https:\\\/\\\/racoeseforragenscastanheira.com\\\/wp-content\\\/uploads\\\/2024\\\/10\\\/1718796868_eb8309a472d73762186bac70a24ce367.jpg\",\"contentUrl\":\"https:\\\/\\\/racoeseforragenscastanheira.com\\\/wp-content\\\/uploads\\\/2024\\\/10\\\/1718796868_eb8309a472d73762186bac70a24ce367.jpg\",\"width\":544,\"height\":544},{\"@type\":\"BreadcrumbList\",\"@id\":\"https:\\\/\\\/racoeseforragenscastanheira.com\\\/produto\\\/actibiol-flow-50ml\\\/#breadcrumb\",\"itemListElement\":[{\"@type\":\"ListItem\",\"position\":1,\"name\":\"In\u00edcio\",\"item\":\"https:\\\/\\\/racoeseforragenscastanheira.com\\\/\"},{\"@type\":\"ListItem\",\"position\":2,\"name\":\"Shop\",\"item\":\"https:\\\/\\\/racoeseforragenscastanheira.com\\\/shop\\\/\"},{\"@type\":\"ListItem\",\"position\":3,\"name\":\"Actibiol Flow 50ml\"}]},{\"@type\":\"WebSite\",\"@id\":\"https:\\\/\\\/racoeseforragenscastanheira.com\\\/#website\",\"url\":\"https:\\\/\\\/racoeseforragenscastanheira.com\\\/\",\"name\":\"racoes e forragens castanheira\",\"description\":\"\",\"publisher\":{\"@id\":\"https:\\\/\\\/racoeseforragenscastanheira.com\\\/#organization\"},\"potentialAction\":[{\"@type\":\"SearchAction\",\"target\":{\"@type\":\"EntryPoint\",\"urlTemplate\":\"https:\\\/\\\/racoeseforragenscastanheira.com\\\/?s={search_term_string}\"},\"query-input\":{\"@type\":\"PropertyValueSpecification\",\"valueRequired\":true,\"valueName\":\"search_term_string\"}}],\"inLanguage\":\"en-GB\"},{\"@type\":\"Organization\",\"@id\":\"https:\\\/\\\/racoeseforragenscastanheira.com\\\/#organization\",\"name\":\"racoes e forragens castanheira\",\"url\":\"https:\\\/\\\/racoeseforragenscastanheira.com\\\/\",\"logo\":{\"@type\":\"ImageObject\",\"inLanguage\":\"en-GB\",\"@id\":\"https:\\\/\\\/racoeseforragenscastanheira.com\\\/#\\\/schema\\\/logo\\\/image\\\/\",\"url\":\"https:\\\/\\\/lightgoldenrodyellow-dugong-899059.hostingersite.com\\\/wp-content\\\/uploads\\\/2025\\\/01\\\/image003-e1726606072123.jpg\",\"contentUrl\":\"https:\\\/\\\/lightgoldenrodyellow-dugong-899059.hostingersite.com\\\/wp-content\\\/uploads\\\/2025\\\/01\\\/image003-e1726606072123.jpg\",\"width\":640,\"height\":405,\"caption\":\"racoes e forragens castanheira\"},\"image\":{\"@id\":\"https:\\\/\\\/racoeseforragenscastanheira.com\\\/#\\\/schema\\\/logo\\\/image\\\/\"},\"sameAs\":[\"https:\\\/\\\/www.facebook.com\\\/racoeseforragenscastanheira\",\"https:\\\/\\\/www.instagram.com\\\/racoes_e_forragens_castanheira\\\/\"]}]}<\/script>\n<!-- \/ Yoast SEO plugin. -->","yoast_head_json":{"title":"Actibiol Flow 50ml - racoes e forragens castanheira","robots":{"index":"index","follow":"follow","max-snippet":"max-snippet:-1","max-image-preview":"max-image-preview:large","max-video-preview":"max-video-preview:-1"},"canonical":"https:\/\/racoeseforragenscastanheira.com\/en\/product\/actibiol-flow-50ml\/","og_locale":"en_GB","og_type":"article","og_title":"Actibiol Flow 50ml - racoes e forragens castanheira","og_description":"O\u00a0ACTIBIOL FLOW\u00a0\u00e9 um insecticida piretr\u00f3ide de amplo espectro de ac\u00e7\u00e3o, que actua por contacto e ingest\u00e3o.  A sua formula\u00e7\u00e3o concentrada de base aquosa, para aplica\u00e7\u00e3o por pulveriza\u00e7\u00e3o em todo o tipo de superf\u00edcies, apresenta elevada efic\u00e1cia a baixas concentra\u00e7\u00f5es e grande persist\u00eancia de ac\u00e7\u00e3o.  Tem amplo espectro de ac\u00e7\u00e3o contra insectos voadores e rastejantes (moscas, mosquitos, pulgas, baratas, formigas, etc.).  Devido \u00e1 sua baixa toxicidade, est\u00e1 especialmente indicado para ser usado em seguran\u00e7a em instala\u00e7\u00f5es dom\u00e9sticas, pecu\u00e1rias, industriais e locais p\u00fablicos.  N\u00e3o mancha e \u00e9 praticamente inodoro.  Pode ser aplicado em interiores ou exteriores. Modo de emprego A aplica\u00e7\u00e3o dever\u00e1 ser directa por pulveriza\u00e7\u00e3o localizada, dirigida \u00e0s superf\u00edcies a tratar.  N\u00e3o pode ser aplicado de forma a\u00e9rea sobre superf\u00edcies onde se manipulem, preparem ou consumam alimentos.","og_url":"https:\/\/racoeseforragenscastanheira.com\/en\/product\/actibiol-flow-50ml\/","og_site_name":"racoes e forragens castanheira","article_publisher":"https:\/\/www.facebook.com\/racoeseforragenscastanheira","article_modified_time":"2025-07-14T17:40:41+00:00","og_image":[{"width":544,"height":544,"url":"https:\/\/racoeseforragenscastanheira.com\/wp-content\/uploads\/2024\/10\/1718796868_eb8309a472d73762186bac70a24ce367.jpg","type":"image\/jpeg"}],"twitter_card":"summary_large_image","twitter_misc":{"Estimated reading time":"1 minute"},"schema":{"@context":"https:\/\/schema.org","@graph":[{"@type":"WebPage","@id":"https:\/\/racoeseforragenscastanheira.com\/produto\/actibiol-flow-50ml\/","url":"https:\/\/racoeseforragenscastanheira.com\/produto\/actibiol-flow-50ml\/","name":"Actibiol Flow 50ml - racoes e forragens castanheira","isPartOf":{"@id":"https:\/\/racoeseforragenscastanheira.com\/#website"},"primaryImageOfPage":{"@id":"https:\/\/racoeseforragenscastanheira.com\/produto\/actibiol-flow-50ml\/#primaryimage"},"image":{"@id":"https:\/\/racoeseforragenscastanheira.com\/produto\/actibiol-flow-50ml\/#primaryimage"},"thumbnailUrl":"https:\/\/racoeseforragenscastanheira.com\/wp-content\/uploads\/2024\/10\/1718796868_eb8309a472d73762186bac70a24ce367.jpg","datePublished":"2024-10-18T16:01:43+00:00","dateModified":"2025-07-14T17:40:41+00:00","breadcrumb":{"@id":"https:\/\/racoeseforragenscastanheira.com\/produto\/actibiol-flow-50ml\/#breadcrumb"},"inLanguage":"en-GB","potentialAction":[{"@type":"ReadAction","target":["https:\/\/racoeseforragenscastanheira.com\/produto\/actibiol-flow-50ml\/"]}]},{"@type":"ImageObject","inLanguage":"en-GB","@id":"https:\/\/racoeseforragenscastanheira.com\/produto\/actibiol-flow-50ml\/#primaryimage","url":"https:\/\/racoeseforragenscastanheira.com\/wp-content\/uploads\/2024\/10\/1718796868_eb8309a472d73762186bac70a24ce367.jpg","contentUrl":"https:\/\/racoeseforragenscastanheira.com\/wp-content\/uploads\/2024\/10\/1718796868_eb8309a472d73762186bac70a24ce367.jpg","width":544,"height":544},{"@type":"BreadcrumbList","@id":"https:\/\/racoeseforragenscastanheira.com\/produto\/actibiol-flow-50ml\/#breadcrumb","itemListElement":[{"@type":"ListItem","position":1,"name":"In\u00edcio","item":"https:\/\/racoeseforragenscastanheira.com\/"},{"@type":"ListItem","position":2,"name":"Shop","item":"https:\/\/racoeseforragenscastanheira.com\/shop\/"},{"@type":"ListItem","position":3,"name":"Actibiol Flow 50ml"}]},{"@type":"WebSite","@id":"https:\/\/racoeseforragenscastanheira.com\/#website","url":"https:\/\/racoeseforragenscastanheira.com\/","name":"racoes e forragens castanheira","description":"","publisher":{"@id":"https:\/\/racoeseforragenscastanheira.com\/#organization"},"potentialAction":[{"@type":"SearchAction","target":{"@type":"EntryPoint","urlTemplate":"https:\/\/racoeseforragenscastanheira.com\/?s={search_term_string}"},"query-input":{"@type":"PropertyValueSpecification","valueRequired":true,"valueName":"search_term_string"}}],"inLanguage":"en-GB"},{"@type":"Organization","@id":"https:\/\/racoeseforragenscastanheira.com\/#organization","name":"racoes e forragens castanheira","url":"https:\/\/racoeseforragenscastanheira.com\/","logo":{"@type":"ImageObject","inLanguage":"en-GB","@id":"https:\/\/racoeseforragenscastanheira.com\/#\/schema\/logo\/image\/","url":"https:\/\/lightgoldenrodyellow-dugong-899059.hostingersite.com\/wp-content\/uploads\/2025\/01\/image003-e1726606072123.jpg","contentUrl":"https:\/\/lightgoldenrodyellow-dugong-899059.hostingersite.com\/wp-content\/uploads\/2025\/01\/image003-e1726606072123.jpg","width":640,"height":405,"caption":"racoes e forragens castanheira"},"image":{"@id":"https:\/\/racoeseforragenscastanheira.com\/#\/schema\/logo\/image\/"},"sameAs":["https:\/\/www.facebook.com\/racoeseforragenscastanheira","https:\/\/www.instagram.com\/racoes_e_forragens_castanheira\/"]}]}},"_links":{"self":[{"href":"https:\/\/racoeseforragenscastanheira.com\/en\/wp-json\/wp\/v2\/product\/778","targetHints":{"allow":["GET"]}}],"collection":[{"href":"https:\/\/racoeseforragenscastanheira.com\/en\/wp-json\/wp\/v2\/product"}],"about":[{"href":"https:\/\/racoeseforragenscastanheira.com\/en\/wp-json\/wp\/v2\/types\/product"}],"replies":[{"embeddable":true,"href":"https:\/\/racoeseforragenscastanheira.com\/en\/wp-json\/wp\/v2\/comments?post=778"}],"wp:featuredmedia":[{"embeddable":true,"href":"https:\/\/racoeseforragenscastanheira.com\/en\/wp-json\/wp\/v2\/media\/1921"}],"wp:attachment":[{"href":"https:\/\/racoeseforragenscastanheira.com\/en\/wp-json\/wp\/v2\/media?parent=778"}],"wp:term":[{"taxonomy":"product_brand","embeddable":true,"href":"https:\/\/racoeseforragenscastanheira.com\/en\/wp-json\/wp\/v2\/product_brand?post=778"},{"taxonomy":"product_cat","embeddable":true,"href":"https:\/\/racoeseforragenscastanheira.com\/en\/wp-json\/wp\/v2\/product_cat?post=778"},{"taxonomy":"product_tag","embeddable":true,"href":"https:\/\/racoeseforragenscastanheira.com\/en\/wp-json\/wp\/v2\/product_tag?post=778"}],"curies":[{"name":"wp","href":"https:\/\/api.w.org\/{rel}","templated":true}]}}