{"id":770,"date":"2024-10-18T15:44:47","date_gmt":"2024-10-18T15:44:47","guid":{"rendered":"https:\/\/racoeseforragenscastanheira.com\/?post_type=product&#038;p=770"},"modified":"2025-08-08T15:57:17","modified_gmt":"2025-08-08T15:57:17","slug":"terra-de-diatomaceas-250gr-bioplagen-natura","status":"publish","type":"product","link":"https:\/\/racoeseforragenscastanheira.com\/en\/product\/terra-de-diatomaceas-250gr-bioplagen-natura\/","title":{"rendered":"Terra de Diatomaceas 250gr Bioplagen Natura"},"content":{"rendered":"","protected":false},"excerpt":{"rendered":"<h1><\/h1>\n<p><span style=\"font-weight: 400;\">COMPOSI\u00c7\u00c3O: 100% Terra de Diatom\u00e1ceas. A Terra de Diatom\u00e1ceas \u00e9 um mineral de origem natural, formado pela acumula\u00e7\u00e3o de algas microsc\u00f3picas unicelulares no fundo do mar e fossilizadas h\u00e1 milh\u00f5es de anos. As diatom\u00e1ceas s\u00e3o compostas por uma parede celular transparente de s\u00edlica e uma camada interior de pectina, com um tamanho e forma \u00fanica. PROPRIEDADES: 100 % mineral e produto natural, uma vez que n\u00e3o est\u00e1 sujeito a processos qu\u00edmicos ou f\u00edsicos por calor. A sua composi\u00e7\u00e3o confere-lhe as seguintes propriedades: \u00b7 Absorvente: Melhora a capacidade de reten\u00e7\u00e3o de \u00e1gua do solo, aumentando a disponibilidade do solo para a planta. \u00b7 Fertilizante: Fornece uma grande quantidade de minerais e micronutrientes ao solo, vital para a intera\u00e7\u00e3o metab\u00f3lica dos tecidos vegetais, bem como para o seu desenvolvimento e melhoria natural da fertilidade da planta. \u00b7 Conservante: A sua utiliza\u00e7\u00e3o ajuda a prevenir o aparecimento de fungos e bact\u00e9rias fitopatog\u00e9nicas, uma vez que ret\u00e9m a poss\u00edvel humidade excessiva do solo.<\/span><\/p>","protected":false},"featured_media":771,"comment_status":"open","ping_status":"closed","template":"","meta":[],"product_brand":[],"product_cat":[32],"product_tag":[],"class_list":{"0":"post-770","1":"product","2":"type-product","3":"status-publish","4":"has-post-thumbnail","6":"product_cat-horta-jardim","8":"first","9":"instock","10":"taxable","11":"shipping-taxable","12":"purchasable","13":"product-type-simple"},"yoast_head":"<!-- This site is optimized with the Yoast SEO plugin v27.5 - https:\/\/yoast.com\/product\/yoast-seo-wordpress\/ -->\n<title>Terra de Diatomaceas 250gr Bioplagen Natura - racoes e forragens castanheira<\/title>\n<meta name=\"robots\" content=\"index, follow, max-snippet:-1, max-image-preview:large, max-video-preview:-1\" \/>\n<link rel=\"canonical\" href=\"https:\/\/racoeseforragenscastanheira.com\/en\/product\/terra-de-diatomaceas-250gr-bioplagen-natura\/\" \/>\n<meta property=\"og:locale\" content=\"en_GB\" \/>\n<meta property=\"og:type\" content=\"article\" \/>\n<meta property=\"og:title\" content=\"Terra de Diatomaceas 250gr Bioplagen Natura - racoes e forragens castanheira\" \/>\n<meta property=\"og:description\" content=\"COMPOSI\u00c7\u00c3O: 100% Terra de Diatom\u00e1ceas. A Terra de Diatom\u00e1ceas \u00e9 um mineral de origem natural, formado pela acumula\u00e7\u00e3o de algas microsc\u00f3picas unicelulares no fundo do mar e fossilizadas h\u00e1 milh\u00f5es de anos. As diatom\u00e1ceas s\u00e3o compostas por uma parede celular transparente de s\u00edlica e uma camada interior de pectina, com um tamanho e forma \u00fanica. PROPRIEDADES: 100 % mineral e produto natural, uma vez que n\u00e3o est\u00e1 sujeito a processos qu\u00edmicos ou f\u00edsicos por calor. A sua composi\u00e7\u00e3o confere-lhe as seguintes propriedades: \u00b7 Absorvente: Melhora a capacidade de reten\u00e7\u00e3o de \u00e1gua do solo, aumentando a disponibilidade do solo para a planta. \u00b7 Fertilizante: Fornece uma grande quantidade de minerais e micronutrientes ao solo, vital para a intera\u00e7\u00e3o metab\u00f3lica dos tecidos vegetais, bem como para o seu desenvolvimento e melhoria natural da fertilidade da planta. \u00b7 Conservante: A sua utiliza\u00e7\u00e3o ajuda a prevenir o aparecimento de fungos e bact\u00e9rias fitopatog\u00e9nicas, uma vez que ret\u00e9m a poss\u00edvel humidade excessiva do solo.\" \/>\n<meta property=\"og:url\" content=\"https:\/\/racoeseforragenscastanheira.com\/en\/product\/terra-de-diatomaceas-250gr-bioplagen-natura\/\" \/>\n<meta property=\"og:site_name\" content=\"racoes e forragens castanheira\" \/>\n<meta property=\"article:publisher\" content=\"https:\/\/www.facebook.com\/racoeseforragenscastanheira\" \/>\n<meta property=\"article:modified_time\" content=\"2025-08-08T15:57:17+00:00\" \/>\n<meta property=\"og:image\" content=\"https:\/\/racoeseforragenscastanheira.com\/wp-content\/uploads\/2024\/10\/Copia-de-Design-sem-nome-46.png\" \/>\n\t<meta property=\"og:image:width\" content=\"1080\" \/>\n\t<meta property=\"og:image:height\" content=\"1080\" \/>\n\t<meta property=\"og:image:type\" content=\"image\/png\" \/>\n<meta name=\"twitter:card\" content=\"summary_large_image\" \/>\n<meta name=\"twitter:label1\" content=\"Estimated reading time\" \/>\n\t<meta name=\"twitter:data1\" content=\"1 minute\" \/>\n<script type=\"application\/ld+json\" class=\"yoast-schema-graph\">{\"@context\":\"https:\\\/\\\/schema.org\",\"@graph\":[{\"@type\":\"WebPage\",\"@id\":\"https:\\\/\\\/racoeseforragenscastanheira.com\\\/en\\\/product\\\/terra-de-diatomaceas-250gr-bioplagen-natura\\\/\",\"url\":\"https:\\\/\\\/racoeseforragenscastanheira.com\\\/en\\\/product\\\/terra-de-diatomaceas-250gr-bioplagen-natura\\\/\",\"name\":\"Terra de Diatomaceas 250gr Bioplagen Natura - racoes e forragens castanheira\",\"isPartOf\":{\"@id\":\"https:\\\/\\\/racoeseforragenscastanheira.com\\\/#website\"},\"primaryImageOfPage\":{\"@id\":\"https:\\\/\\\/racoeseforragenscastanheira.com\\\/en\\\/product\\\/terra-de-diatomaceas-250gr-bioplagen-natura\\\/#primaryimage\"},\"image\":{\"@id\":\"https:\\\/\\\/racoeseforragenscastanheira.com\\\/en\\\/product\\\/terra-de-diatomaceas-250gr-bioplagen-natura\\\/#primaryimage\"},\"thumbnailUrl\":\"https:\\\/\\\/racoeseforragenscastanheira.com\\\/wp-content\\\/uploads\\\/2024\\\/10\\\/Copia-de-Design-sem-nome-46.png\",\"datePublished\":\"2024-10-18T15:44:47+00:00\",\"dateModified\":\"2025-08-08T15:57:17+00:00\",\"breadcrumb\":{\"@id\":\"https:\\\/\\\/racoeseforragenscastanheira.com\\\/en\\\/product\\\/terra-de-diatomaceas-250gr-bioplagen-natura\\\/#breadcrumb\"},\"inLanguage\":\"en-GB\",\"potentialAction\":[{\"@type\":\"ReadAction\",\"target\":[\"https:\\\/\\\/racoeseforragenscastanheira.com\\\/en\\\/product\\\/terra-de-diatomaceas-250gr-bioplagen-natura\\\/\"]}]},{\"@type\":\"ImageObject\",\"inLanguage\":\"en-GB\",\"@id\":\"https:\\\/\\\/racoeseforragenscastanheira.com\\\/en\\\/product\\\/terra-de-diatomaceas-250gr-bioplagen-natura\\\/#primaryimage\",\"url\":\"https:\\\/\\\/racoeseforragenscastanheira.com\\\/wp-content\\\/uploads\\\/2024\\\/10\\\/Copia-de-Design-sem-nome-46.png\",\"contentUrl\":\"https:\\\/\\\/racoeseforragenscastanheira.com\\\/wp-content\\\/uploads\\\/2024\\\/10\\\/Copia-de-Design-sem-nome-46.png\",\"width\":1080,\"height\":1080},{\"@type\":\"BreadcrumbList\",\"@id\":\"https:\\\/\\\/racoeseforragenscastanheira.com\\\/en\\\/product\\\/terra-de-diatomaceas-250gr-bioplagen-natura\\\/#breadcrumb\",\"itemListElement\":[{\"@type\":\"ListItem\",\"position\":1,\"name\":\"In\u00edcio\",\"item\":\"https:\\\/\\\/racoeseforragenscastanheira.com\\\/\"},{\"@type\":\"ListItem\",\"position\":2,\"name\":\"Shop\",\"item\":\"https:\\\/\\\/racoeseforragenscastanheira.com\\\/shop\\\/\"},{\"@type\":\"ListItem\",\"position\":3,\"name\":\"Terra de Diatomaceas 250gr Bioplagen Natura\"}]},{\"@type\":\"WebSite\",\"@id\":\"https:\\\/\\\/racoeseforragenscastanheira.com\\\/#website\",\"url\":\"https:\\\/\\\/racoeseforragenscastanheira.com\\\/\",\"name\":\"racoes e forragens castanheira\",\"description\":\"\",\"publisher\":{\"@id\":\"https:\\\/\\\/racoeseforragenscastanheira.com\\\/#organization\"},\"potentialAction\":[{\"@type\":\"SearchAction\",\"target\":{\"@type\":\"EntryPoint\",\"urlTemplate\":\"https:\\\/\\\/racoeseforragenscastanheira.com\\\/?s={search_term_string}\"},\"query-input\":{\"@type\":\"PropertyValueSpecification\",\"valueRequired\":true,\"valueName\":\"search_term_string\"}}],\"inLanguage\":\"en-GB\"},{\"@type\":\"Organization\",\"@id\":\"https:\\\/\\\/racoeseforragenscastanheira.com\\\/#organization\",\"name\":\"racoes e forragens castanheira\",\"url\":\"https:\\\/\\\/racoeseforragenscastanheira.com\\\/\",\"logo\":{\"@type\":\"ImageObject\",\"inLanguage\":\"en-GB\",\"@id\":\"https:\\\/\\\/racoeseforragenscastanheira.com\\\/#\\\/schema\\\/logo\\\/image\\\/\",\"url\":\"https:\\\/\\\/lightgoldenrodyellow-dugong-899059.hostingersite.com\\\/wp-content\\\/uploads\\\/2025\\\/01\\\/image003-e1726606072123.jpg\",\"contentUrl\":\"https:\\\/\\\/lightgoldenrodyellow-dugong-899059.hostingersite.com\\\/wp-content\\\/uploads\\\/2025\\\/01\\\/image003-e1726606072123.jpg\",\"width\":640,\"height\":405,\"caption\":\"racoes e forragens castanheira\"},\"image\":{\"@id\":\"https:\\\/\\\/racoeseforragenscastanheira.com\\\/#\\\/schema\\\/logo\\\/image\\\/\"},\"sameAs\":[\"https:\\\/\\\/www.facebook.com\\\/racoeseforragenscastanheira\",\"https:\\\/\\\/www.instagram.com\\\/racoes_e_forragens_castanheira\\\/\"]}]}<\/script>\n<!-- \/ Yoast SEO plugin. -->","yoast_head_json":{"title":"Terra de Diatomaceas 250gr Bioplagen Natura - racoes e forragens castanheira","robots":{"index":"index","follow":"follow","max-snippet":"max-snippet:-1","max-image-preview":"max-image-preview:large","max-video-preview":"max-video-preview:-1"},"canonical":"https:\/\/racoeseforragenscastanheira.com\/en\/product\/terra-de-diatomaceas-250gr-bioplagen-natura\/","og_locale":"en_GB","og_type":"article","og_title":"Terra de Diatomaceas 250gr Bioplagen Natura - racoes e forragens castanheira","og_description":"COMPOSI\u00c7\u00c3O: 100% Terra de Diatom\u00e1ceas. A Terra de Diatom\u00e1ceas \u00e9 um mineral de origem natural, formado pela acumula\u00e7\u00e3o de algas microsc\u00f3picas unicelulares no fundo do mar e fossilizadas h\u00e1 milh\u00f5es de anos. As diatom\u00e1ceas s\u00e3o compostas por uma parede celular transparente de s\u00edlica e uma camada interior de pectina, com um tamanho e forma \u00fanica. PROPRIEDADES: 100 % mineral e produto natural, uma vez que n\u00e3o est\u00e1 sujeito a processos qu\u00edmicos ou f\u00edsicos por calor. A sua composi\u00e7\u00e3o confere-lhe as seguintes propriedades: \u00b7 Absorvente: Melhora a capacidade de reten\u00e7\u00e3o de \u00e1gua do solo, aumentando a disponibilidade do solo para a planta. \u00b7 Fertilizante: Fornece uma grande quantidade de minerais e micronutrientes ao solo, vital para a intera\u00e7\u00e3o metab\u00f3lica dos tecidos vegetais, bem como para o seu desenvolvimento e melhoria natural da fertilidade da planta. \u00b7 Conservante: A sua utiliza\u00e7\u00e3o ajuda a prevenir o aparecimento de fungos e bact\u00e9rias fitopatog\u00e9nicas, uma vez que ret\u00e9m a poss\u00edvel humidade excessiva do solo.","og_url":"https:\/\/racoeseforragenscastanheira.com\/en\/product\/terra-de-diatomaceas-250gr-bioplagen-natura\/","og_site_name":"racoes e forragens castanheira","article_publisher":"https:\/\/www.facebook.com\/racoeseforragenscastanheira","article_modified_time":"2025-08-08T15:57:17+00:00","og_image":[{"width":1080,"height":1080,"url":"https:\/\/racoeseforragenscastanheira.com\/wp-content\/uploads\/2024\/10\/Copia-de-Design-sem-nome-46.png","type":"image\/png"}],"twitter_card":"summary_large_image","twitter_misc":{"Estimated reading time":"1 minute"},"schema":{"@context":"https:\/\/schema.org","@graph":[{"@type":"WebPage","@id":"https:\/\/racoeseforragenscastanheira.com\/en\/product\/terra-de-diatomaceas-250gr-bioplagen-natura\/","url":"https:\/\/racoeseforragenscastanheira.com\/en\/product\/terra-de-diatomaceas-250gr-bioplagen-natura\/","name":"Terra de Diatomaceas 250gr Bioplagen Natura - racoes e forragens castanheira","isPartOf":{"@id":"https:\/\/racoeseforragenscastanheira.com\/#website"},"primaryImageOfPage":{"@id":"https:\/\/racoeseforragenscastanheira.com\/en\/product\/terra-de-diatomaceas-250gr-bioplagen-natura\/#primaryimage"},"image":{"@id":"https:\/\/racoeseforragenscastanheira.com\/en\/product\/terra-de-diatomaceas-250gr-bioplagen-natura\/#primaryimage"},"thumbnailUrl":"https:\/\/racoeseforragenscastanheira.com\/wp-content\/uploads\/2024\/10\/Copia-de-Design-sem-nome-46.png","datePublished":"2024-10-18T15:44:47+00:00","dateModified":"2025-08-08T15:57:17+00:00","breadcrumb":{"@id":"https:\/\/racoeseforragenscastanheira.com\/en\/product\/terra-de-diatomaceas-250gr-bioplagen-natura\/#breadcrumb"},"inLanguage":"en-GB","potentialAction":[{"@type":"ReadAction","target":["https:\/\/racoeseforragenscastanheira.com\/en\/product\/terra-de-diatomaceas-250gr-bioplagen-natura\/"]}]},{"@type":"ImageObject","inLanguage":"en-GB","@id":"https:\/\/racoeseforragenscastanheira.com\/en\/product\/terra-de-diatomaceas-250gr-bioplagen-natura\/#primaryimage","url":"https:\/\/racoeseforragenscastanheira.com\/wp-content\/uploads\/2024\/10\/Copia-de-Design-sem-nome-46.png","contentUrl":"https:\/\/racoeseforragenscastanheira.com\/wp-content\/uploads\/2024\/10\/Copia-de-Design-sem-nome-46.png","width":1080,"height":1080},{"@type":"BreadcrumbList","@id":"https:\/\/racoeseforragenscastanheira.com\/en\/product\/terra-de-diatomaceas-250gr-bioplagen-natura\/#breadcrumb","itemListElement":[{"@type":"ListItem","position":1,"name":"In\u00edcio","item":"https:\/\/racoeseforragenscastanheira.com\/"},{"@type":"ListItem","position":2,"name":"Shop","item":"https:\/\/racoeseforragenscastanheira.com\/shop\/"},{"@type":"ListItem","position":3,"name":"Terra de Diatomaceas 250gr Bioplagen Natura"}]},{"@type":"WebSite","@id":"https:\/\/racoeseforragenscastanheira.com\/#website","url":"https:\/\/racoeseforragenscastanheira.com\/","name":"racoes e forragens castanheira","description":"","publisher":{"@id":"https:\/\/racoeseforragenscastanheira.com\/#organization"},"potentialAction":[{"@type":"SearchAction","target":{"@type":"EntryPoint","urlTemplate":"https:\/\/racoeseforragenscastanheira.com\/?s={search_term_string}"},"query-input":{"@type":"PropertyValueSpecification","valueRequired":true,"valueName":"search_term_string"}}],"inLanguage":"en-GB"},{"@type":"Organization","@id":"https:\/\/racoeseforragenscastanheira.com\/#organization","name":"racoes e forragens castanheira","url":"https:\/\/racoeseforragenscastanheira.com\/","logo":{"@type":"ImageObject","inLanguage":"en-GB","@id":"https:\/\/racoeseforragenscastanheira.com\/#\/schema\/logo\/image\/","url":"https:\/\/lightgoldenrodyellow-dugong-899059.hostingersite.com\/wp-content\/uploads\/2025\/01\/image003-e1726606072123.jpg","contentUrl":"https:\/\/lightgoldenrodyellow-dugong-899059.hostingersite.com\/wp-content\/uploads\/2025\/01\/image003-e1726606072123.jpg","width":640,"height":405,"caption":"racoes e forragens castanheira"},"image":{"@id":"https:\/\/racoeseforragenscastanheira.com\/#\/schema\/logo\/image\/"},"sameAs":["https:\/\/www.facebook.com\/racoeseforragenscastanheira","https:\/\/www.instagram.com\/racoes_e_forragens_castanheira\/"]}]}},"_links":{"self":[{"href":"https:\/\/racoeseforragenscastanheira.com\/en\/wp-json\/wp\/v2\/product\/770","targetHints":{"allow":["GET"]}}],"collection":[{"href":"https:\/\/racoeseforragenscastanheira.com\/en\/wp-json\/wp\/v2\/product"}],"about":[{"href":"https:\/\/racoeseforragenscastanheira.com\/en\/wp-json\/wp\/v2\/types\/product"}],"replies":[{"embeddable":true,"href":"https:\/\/racoeseforragenscastanheira.com\/en\/wp-json\/wp\/v2\/comments?post=770"}],"wp:featuredmedia":[{"embeddable":true,"href":"https:\/\/racoeseforragenscastanheira.com\/en\/wp-json\/wp\/v2\/media\/771"}],"wp:attachment":[{"href":"https:\/\/racoeseforragenscastanheira.com\/en\/wp-json\/wp\/v2\/media?parent=770"}],"wp:term":[{"taxonomy":"product_brand","embeddable":true,"href":"https:\/\/racoeseforragenscastanheira.com\/en\/wp-json\/wp\/v2\/product_brand?post=770"},{"taxonomy":"product_cat","embeddable":true,"href":"https:\/\/racoeseforragenscastanheira.com\/en\/wp-json\/wp\/v2\/product_cat?post=770"},{"taxonomy":"product_tag","embeddable":true,"href":"https:\/\/racoeseforragenscastanheira.com\/en\/wp-json\/wp\/v2\/product_tag?post=770"}],"curies":[{"name":"wp","href":"https:\/\/api.w.org\/{rel}","templated":true}]}}