{"id":764,"date":"2024-10-18T11:43:12","date_gmt":"2024-10-18T11:43:12","guid":{"rendered":"https:\/\/racoeseforragenscastanheira.com\/?post_type=product&#038;p=764"},"modified":"2025-08-07T14:42:19","modified_gmt":"2025-08-07T14:42:19","slug":"flurokey-100ml","status":"publish","type":"product","link":"https:\/\/racoeseforragenscastanheira.com\/en\/product\/flurokey-100ml\/","title":{"rendered":"Flurokey, herbicida sist\u00e9mico 100ml"},"content":{"rendered":"","protected":false},"excerpt":{"rendered":"<p>Flurokey \u00e9 um herbicida sist\u00e9mico de p\u00f3s-emerg\u00eancia, para o controlo de infestantes dicotiled\u00f3neas anuais e vivazes em pomares de citrinos, macieiras, pereiras, marmeleiro, nespereira, oliveira e relvados.<\/p>\n<p>Use os produtos fitofarmac\u00eauticos de forma segura. Leia sempre o r\u00f3tulo e a informa\u00e7\u00e3o sobre o produto antes de o utilizar. Flurokey\u00a0\u00a0\u00e9 um herbicida \u00e0 base de fluroxipir, pertencente ao grupo qu\u00edmico dos piridiloxicarboxilatos, sendo uma auxina sint\u00e9tica (grupo HRAC 4). Tem absor\u00e7\u00e3o foliar e radicular, transloca\u00e7\u00e3o atrav\u00e9s do simplasto e do apoplasto com acumula\u00e7\u00e3o nos tecidos merist\u00e1ticos. Inibe o desenvolvimento celular (atua como o \u00e1cido indolac\u00e9tico, IAA).<br \/>\nCitrinos, Macieira, Pereira, Marmeleiro, Nespereira, Olival e Relvados.<\/p>","protected":false},"featured_media":765,"comment_status":"open","ping_status":"closed","template":"","meta":[],"product_brand":[],"product_cat":[32,38],"product_tag":[],"class_list":{"0":"post-764","1":"product","2":"type-product","3":"status-publish","4":"has-post-thumbnail","6":"product_cat-horta-jardim","7":"product_cat-uso-nao-profissional","9":"first","10":"instock","11":"taxable","12":"shipping-taxable","13":"purchasable","14":"product-type-simple"},"yoast_head":"<!-- This site is optimized with the Yoast SEO plugin v27.5 - https:\/\/yoast.com\/product\/yoast-seo-wordpress\/ -->\n<title>Flurokey, herbicida sist\u00e9mico 100ml - racoes e forragens castanheira<\/title>\n<meta name=\"robots\" content=\"index, follow, max-snippet:-1, max-image-preview:large, max-video-preview:-1\" \/>\n<link rel=\"canonical\" href=\"https:\/\/racoeseforragenscastanheira.com\/en\/product\/flurokey-100ml\/\" \/>\n<meta property=\"og:locale\" content=\"en_GB\" \/>\n<meta property=\"og:type\" content=\"article\" \/>\n<meta property=\"og:title\" content=\"Flurokey, herbicida sist\u00e9mico 100ml - racoes e forragens castanheira\" \/>\n<meta property=\"og:description\" content=\"Flurokey \u00e9 um herbicida sist\u00e9mico de p\u00f3s-emerg\u00eancia, para o controlo de infestantes dicotiled\u00f3neas anuais e vivazes em pomares de citrinos, macieiras, pereiras, marmeleiro, nespereira, oliveira e relvados.  Use os produtos fitofarmac\u00eauticos de forma segura. Leia sempre o r\u00f3tulo e a informa\u00e7\u00e3o sobre o produto antes de o utilizar. Flurokey\u00a0\u00a0\u00e9 um herbicida \u00e0 base de fluroxipir, pertencente ao grupo qu\u00edmico dos piridiloxicarboxilatos, sendo uma auxina sint\u00e9tica (grupo HRAC 4). Tem absor\u00e7\u00e3o foliar e radicular, transloca\u00e7\u00e3o atrav\u00e9s do simplasto e do apoplasto com acumula\u00e7\u00e3o nos tecidos merist\u00e1ticos. Inibe o desenvolvimento celular (atua como o \u00e1cido indolac\u00e9tico, IAA). Citrinos, Macieira, Pereira, Marmeleiro, Nespereira, Olival e Relvados.\" \/>\n<meta property=\"og:url\" content=\"https:\/\/racoeseforragenscastanheira.com\/en\/product\/flurokey-100ml\/\" \/>\n<meta property=\"og:site_name\" content=\"racoes e forragens castanheira\" \/>\n<meta property=\"article:publisher\" content=\"https:\/\/www.facebook.com\/racoeseforragenscastanheira\" \/>\n<meta property=\"article:modified_time\" content=\"2025-08-07T14:42:19+00:00\" \/>\n<meta property=\"og:image\" content=\"https:\/\/racoeseforragenscastanheira.com\/wp-content\/uploads\/2024\/10\/Copia-de-Design-sem-nome-43.png\" \/>\n\t<meta property=\"og:image:width\" content=\"1080\" \/>\n\t<meta property=\"og:image:height\" content=\"1080\" \/>\n\t<meta property=\"og:image:type\" content=\"image\/png\" \/>\n<meta name=\"twitter:card\" content=\"summary_large_image\" \/>\n<meta name=\"twitter:label1\" content=\"Estimated reading time\" \/>\n\t<meta name=\"twitter:data1\" content=\"1 minute\" \/>\n<script type=\"application\/ld+json\" class=\"yoast-schema-graph\">{\"@context\":\"https:\\\/\\\/schema.org\",\"@graph\":[{\"@type\":\"WebPage\",\"@id\":\"https:\\\/\\\/racoeseforragenscastanheira.com\\\/produto\\\/flurokey-100ml\\\/\",\"url\":\"https:\\\/\\\/racoeseforragenscastanheira.com\\\/produto\\\/flurokey-100ml\\\/\",\"name\":\"Flurokey, herbicida sist\u00e9mico 100ml - racoes e forragens castanheira\",\"isPartOf\":{\"@id\":\"https:\\\/\\\/racoeseforragenscastanheira.com\\\/#website\"},\"primaryImageOfPage\":{\"@id\":\"https:\\\/\\\/racoeseforragenscastanheira.com\\\/produto\\\/flurokey-100ml\\\/#primaryimage\"},\"image\":{\"@id\":\"https:\\\/\\\/racoeseforragenscastanheira.com\\\/produto\\\/flurokey-100ml\\\/#primaryimage\"},\"thumbnailUrl\":\"https:\\\/\\\/racoeseforragenscastanheira.com\\\/wp-content\\\/uploads\\\/2024\\\/10\\\/Copia-de-Design-sem-nome-43.png\",\"datePublished\":\"2024-10-18T11:43:12+00:00\",\"dateModified\":\"2025-08-07T14:42:19+00:00\",\"breadcrumb\":{\"@id\":\"https:\\\/\\\/racoeseforragenscastanheira.com\\\/produto\\\/flurokey-100ml\\\/#breadcrumb\"},\"inLanguage\":\"en-GB\",\"potentialAction\":[{\"@type\":\"ReadAction\",\"target\":[\"https:\\\/\\\/racoeseforragenscastanheira.com\\\/produto\\\/flurokey-100ml\\\/\"]}]},{\"@type\":\"ImageObject\",\"inLanguage\":\"en-GB\",\"@id\":\"https:\\\/\\\/racoeseforragenscastanheira.com\\\/produto\\\/flurokey-100ml\\\/#primaryimage\",\"url\":\"https:\\\/\\\/racoeseforragenscastanheira.com\\\/wp-content\\\/uploads\\\/2024\\\/10\\\/Copia-de-Design-sem-nome-43.png\",\"contentUrl\":\"https:\\\/\\\/racoeseforragenscastanheira.com\\\/wp-content\\\/uploads\\\/2024\\\/10\\\/Copia-de-Design-sem-nome-43.png\",\"width\":1080,\"height\":1080},{\"@type\":\"BreadcrumbList\",\"@id\":\"https:\\\/\\\/racoeseforragenscastanheira.com\\\/produto\\\/flurokey-100ml\\\/#breadcrumb\",\"itemListElement\":[{\"@type\":\"ListItem\",\"position\":1,\"name\":\"In\u00edcio\",\"item\":\"https:\\\/\\\/racoeseforragenscastanheira.com\\\/\"},{\"@type\":\"ListItem\",\"position\":2,\"name\":\"Shop\",\"item\":\"https:\\\/\\\/racoeseforragenscastanheira.com\\\/shop\\\/\"},{\"@type\":\"ListItem\",\"position\":3,\"name\":\"Flurokey, herbicida sist\u00e9mico 100ml\"}]},{\"@type\":\"WebSite\",\"@id\":\"https:\\\/\\\/racoeseforragenscastanheira.com\\\/#website\",\"url\":\"https:\\\/\\\/racoeseforragenscastanheira.com\\\/\",\"name\":\"racoes e forragens castanheira\",\"description\":\"\",\"publisher\":{\"@id\":\"https:\\\/\\\/racoeseforragenscastanheira.com\\\/#organization\"},\"potentialAction\":[{\"@type\":\"SearchAction\",\"target\":{\"@type\":\"EntryPoint\",\"urlTemplate\":\"https:\\\/\\\/racoeseforragenscastanheira.com\\\/?s={search_term_string}\"},\"query-input\":{\"@type\":\"PropertyValueSpecification\",\"valueRequired\":true,\"valueName\":\"search_term_string\"}}],\"inLanguage\":\"en-GB\"},{\"@type\":\"Organization\",\"@id\":\"https:\\\/\\\/racoeseforragenscastanheira.com\\\/#organization\",\"name\":\"racoes e forragens castanheira\",\"url\":\"https:\\\/\\\/racoeseforragenscastanheira.com\\\/\",\"logo\":{\"@type\":\"ImageObject\",\"inLanguage\":\"en-GB\",\"@id\":\"https:\\\/\\\/racoeseforragenscastanheira.com\\\/#\\\/schema\\\/logo\\\/image\\\/\",\"url\":\"https:\\\/\\\/lightgoldenrodyellow-dugong-899059.hostingersite.com\\\/wp-content\\\/uploads\\\/2025\\\/01\\\/image003-e1726606072123.jpg\",\"contentUrl\":\"https:\\\/\\\/lightgoldenrodyellow-dugong-899059.hostingersite.com\\\/wp-content\\\/uploads\\\/2025\\\/01\\\/image003-e1726606072123.jpg\",\"width\":640,\"height\":405,\"caption\":\"racoes e forragens castanheira\"},\"image\":{\"@id\":\"https:\\\/\\\/racoeseforragenscastanheira.com\\\/#\\\/schema\\\/logo\\\/image\\\/\"},\"sameAs\":[\"https:\\\/\\\/www.facebook.com\\\/racoeseforragenscastanheira\",\"https:\\\/\\\/www.instagram.com\\\/racoes_e_forragens_castanheira\\\/\"]}]}<\/script>\n<!-- \/ Yoast SEO plugin. -->","yoast_head_json":{"title":"Flurokey, herbicida sist\u00e9mico 100ml - racoes e forragens castanheira","robots":{"index":"index","follow":"follow","max-snippet":"max-snippet:-1","max-image-preview":"max-image-preview:large","max-video-preview":"max-video-preview:-1"},"canonical":"https:\/\/racoeseforragenscastanheira.com\/en\/product\/flurokey-100ml\/","og_locale":"en_GB","og_type":"article","og_title":"Flurokey, herbicida sist\u00e9mico 100ml - racoes e forragens castanheira","og_description":"Flurokey \u00e9 um herbicida sist\u00e9mico de p\u00f3s-emerg\u00eancia, para o controlo de infestantes dicotiled\u00f3neas anuais e vivazes em pomares de citrinos, macieiras, pereiras, marmeleiro, nespereira, oliveira e relvados.  Use os produtos fitofarmac\u00eauticos de forma segura. Leia sempre o r\u00f3tulo e a informa\u00e7\u00e3o sobre o produto antes de o utilizar. Flurokey\u00a0\u00a0\u00e9 um herbicida \u00e0 base de fluroxipir, pertencente ao grupo qu\u00edmico dos piridiloxicarboxilatos, sendo uma auxina sint\u00e9tica (grupo HRAC 4). Tem absor\u00e7\u00e3o foliar e radicular, transloca\u00e7\u00e3o atrav\u00e9s do simplasto e do apoplasto com acumula\u00e7\u00e3o nos tecidos merist\u00e1ticos. Inibe o desenvolvimento celular (atua como o \u00e1cido indolac\u00e9tico, IAA). Citrinos, Macieira, Pereira, Marmeleiro, Nespereira, Olival e Relvados.","og_url":"https:\/\/racoeseforragenscastanheira.com\/en\/product\/flurokey-100ml\/","og_site_name":"racoes e forragens castanheira","article_publisher":"https:\/\/www.facebook.com\/racoeseforragenscastanheira","article_modified_time":"2025-08-07T14:42:19+00:00","og_image":[{"width":1080,"height":1080,"url":"https:\/\/racoeseforragenscastanheira.com\/wp-content\/uploads\/2024\/10\/Copia-de-Design-sem-nome-43.png","type":"image\/png"}],"twitter_card":"summary_large_image","twitter_misc":{"Estimated reading time":"1 minute"},"schema":{"@context":"https:\/\/schema.org","@graph":[{"@type":"WebPage","@id":"https:\/\/racoeseforragenscastanheira.com\/produto\/flurokey-100ml\/","url":"https:\/\/racoeseforragenscastanheira.com\/produto\/flurokey-100ml\/","name":"Flurokey, herbicida sist\u00e9mico 100ml - racoes e forragens castanheira","isPartOf":{"@id":"https:\/\/racoeseforragenscastanheira.com\/#website"},"primaryImageOfPage":{"@id":"https:\/\/racoeseforragenscastanheira.com\/produto\/flurokey-100ml\/#primaryimage"},"image":{"@id":"https:\/\/racoeseforragenscastanheira.com\/produto\/flurokey-100ml\/#primaryimage"},"thumbnailUrl":"https:\/\/racoeseforragenscastanheira.com\/wp-content\/uploads\/2024\/10\/Copia-de-Design-sem-nome-43.png","datePublished":"2024-10-18T11:43:12+00:00","dateModified":"2025-08-07T14:42:19+00:00","breadcrumb":{"@id":"https:\/\/racoeseforragenscastanheira.com\/produto\/flurokey-100ml\/#breadcrumb"},"inLanguage":"en-GB","potentialAction":[{"@type":"ReadAction","target":["https:\/\/racoeseforragenscastanheira.com\/produto\/flurokey-100ml\/"]}]},{"@type":"ImageObject","inLanguage":"en-GB","@id":"https:\/\/racoeseforragenscastanheira.com\/produto\/flurokey-100ml\/#primaryimage","url":"https:\/\/racoeseforragenscastanheira.com\/wp-content\/uploads\/2024\/10\/Copia-de-Design-sem-nome-43.png","contentUrl":"https:\/\/racoeseforragenscastanheira.com\/wp-content\/uploads\/2024\/10\/Copia-de-Design-sem-nome-43.png","width":1080,"height":1080},{"@type":"BreadcrumbList","@id":"https:\/\/racoeseforragenscastanheira.com\/produto\/flurokey-100ml\/#breadcrumb","itemListElement":[{"@type":"ListItem","position":1,"name":"In\u00edcio","item":"https:\/\/racoeseforragenscastanheira.com\/"},{"@type":"ListItem","position":2,"name":"Shop","item":"https:\/\/racoeseforragenscastanheira.com\/shop\/"},{"@type":"ListItem","position":3,"name":"Flurokey, herbicida sist\u00e9mico 100ml"}]},{"@type":"WebSite","@id":"https:\/\/racoeseforragenscastanheira.com\/#website","url":"https:\/\/racoeseforragenscastanheira.com\/","name":"racoes e forragens castanheira","description":"","publisher":{"@id":"https:\/\/racoeseforragenscastanheira.com\/#organization"},"potentialAction":[{"@type":"SearchAction","target":{"@type":"EntryPoint","urlTemplate":"https:\/\/racoeseforragenscastanheira.com\/?s={search_term_string}"},"query-input":{"@type":"PropertyValueSpecification","valueRequired":true,"valueName":"search_term_string"}}],"inLanguage":"en-GB"},{"@type":"Organization","@id":"https:\/\/racoeseforragenscastanheira.com\/#organization","name":"racoes e forragens castanheira","url":"https:\/\/racoeseforragenscastanheira.com\/","logo":{"@type":"ImageObject","inLanguage":"en-GB","@id":"https:\/\/racoeseforragenscastanheira.com\/#\/schema\/logo\/image\/","url":"https:\/\/lightgoldenrodyellow-dugong-899059.hostingersite.com\/wp-content\/uploads\/2025\/01\/image003-e1726606072123.jpg","contentUrl":"https:\/\/lightgoldenrodyellow-dugong-899059.hostingersite.com\/wp-content\/uploads\/2025\/01\/image003-e1726606072123.jpg","width":640,"height":405,"caption":"racoes e forragens castanheira"},"image":{"@id":"https:\/\/racoeseforragenscastanheira.com\/#\/schema\/logo\/image\/"},"sameAs":["https:\/\/www.facebook.com\/racoeseforragenscastanheira","https:\/\/www.instagram.com\/racoes_e_forragens_castanheira\/"]}]}},"_links":{"self":[{"href":"https:\/\/racoeseforragenscastanheira.com\/en\/wp-json\/wp\/v2\/product\/764","targetHints":{"allow":["GET"]}}],"collection":[{"href":"https:\/\/racoeseforragenscastanheira.com\/en\/wp-json\/wp\/v2\/product"}],"about":[{"href":"https:\/\/racoeseforragenscastanheira.com\/en\/wp-json\/wp\/v2\/types\/product"}],"replies":[{"embeddable":true,"href":"https:\/\/racoeseforragenscastanheira.com\/en\/wp-json\/wp\/v2\/comments?post=764"}],"wp:featuredmedia":[{"embeddable":true,"href":"https:\/\/racoeseforragenscastanheira.com\/en\/wp-json\/wp\/v2\/media\/765"}],"wp:attachment":[{"href":"https:\/\/racoeseforragenscastanheira.com\/en\/wp-json\/wp\/v2\/media?parent=764"}],"wp:term":[{"taxonomy":"product_brand","embeddable":true,"href":"https:\/\/racoeseforragenscastanheira.com\/en\/wp-json\/wp\/v2\/product_brand?post=764"},{"taxonomy":"product_cat","embeddable":true,"href":"https:\/\/racoeseforragenscastanheira.com\/en\/wp-json\/wp\/v2\/product_cat?post=764"},{"taxonomy":"product_tag","embeddable":true,"href":"https:\/\/racoeseforragenscastanheira.com\/en\/wp-json\/wp\/v2\/product_tag?post=764"}],"curies":[{"name":"wp","href":"https:\/\/api.w.org\/{rel}","templated":true}]}}