{"id":695,"date":"2024-10-14T07:13:11","date_gmt":"2024-10-14T07:13:11","guid":{"rendered":"https:\/\/racoeseforragenscastanheira.com\/?post_type=product&#038;p=695"},"modified":"2025-08-20T15:59:06","modified_gmt":"2025-08-20T15:59:06","slug":"aeroxon-fita-apanha-moscas-estabulos-kit-2-unid","status":"publish","type":"product","link":"https:\/\/racoeseforragenscastanheira.com\/en\/product\/aeroxon-fita-apanha-moscas-estabulos-kit-2-unid\/","title":{"rendered":"Aeroxon Fita Apanha Moscas Estabulos kit 2-unid"},"content":{"rendered":"","protected":false},"excerpt":{"rendered":"<p>As fitas para est\u00e1bulos e celeiros s\u00e3o armadilhas cobertas em ambas as faces com uma cola natural, n\u00e3o secante, de grandes dimens\u00f5es (2x 200 cm x 20 cm) idealizadas para uso em armaz\u00e9ns, arrecada\u00e7\u00f5es, celeiros, est\u00e1bulos, vacarias, pocilgas, etc., ou qualquer outro local onde se queira controlar moscas sem recurso a inseticidas, permite apanhar 10.000 moscas ou mais. Sem inseticida.<\/p>\n<p>A sua forma especial, assim como o padr\u00e3o contrastante impresso, s\u00e3o altamente atraentes para as moscas, que pousam e ficam firmemente presas nas superf\u00edcies com cola.<\/p>\n<p>Caixa com 2 rolos de fita.<\/p>","protected":false},"featured_media":696,"comment_status":"open","ping_status":"closed","template":"","meta":[],"product_brand":[],"product_cat":[24],"product_tag":[],"class_list":{"0":"post-695","1":"product","2":"type-product","3":"status-publish","4":"has-post-thumbnail","6":"product_cat-pecuaria","8":"first","9":"instock","10":"taxable","11":"shipping-taxable","12":"purchasable","13":"product-type-simple"},"yoast_head":"<!-- This site is optimized with the Yoast SEO plugin v27.5 - https:\/\/yoast.com\/product\/yoast-seo-wordpress\/ -->\n<title>Aeroxon Fita Apanha Moscas Estabulos kit 2-unid - racoes e forragens castanheira<\/title>\n<meta name=\"robots\" content=\"index, follow, max-snippet:-1, max-image-preview:large, max-video-preview:-1\" \/>\n<link rel=\"canonical\" href=\"https:\/\/racoeseforragenscastanheira.com\/en\/product\/aeroxon-fita-apanha-moscas-estabulos-kit-2-unid\/\" \/>\n<meta property=\"og:locale\" content=\"en_GB\" \/>\n<meta property=\"og:type\" content=\"article\" \/>\n<meta property=\"og:title\" content=\"Aeroxon Fita Apanha Moscas Estabulos kit 2-unid - racoes e forragens castanheira\" \/>\n<meta property=\"og:description\" content=\"As fitas para est\u00e1bulos e celeiros s\u00e3o armadilhas cobertas em ambas as faces com uma cola natural, n\u00e3o secante, de grandes dimens\u00f5es (2x 200 cm x 20 cm) idealizadas para uso em armaz\u00e9ns, arrecada\u00e7\u00f5es, celeiros, est\u00e1bulos, vacarias, pocilgas, etc., ou qualquer outro local onde se queira controlar moscas sem recurso a inseticidas, permite apanhar 10.000 moscas ou mais. Sem inseticida.  A sua forma especial, assim como o padr\u00e3o contrastante impresso, s\u00e3o altamente atraentes para as moscas, que pousam e ficam firmemente presas nas superf\u00edcies com cola.  Caixa com 2 rolos de fita.\" \/>\n<meta property=\"og:url\" content=\"https:\/\/racoeseforragenscastanheira.com\/en\/product\/aeroxon-fita-apanha-moscas-estabulos-kit-2-unid\/\" \/>\n<meta property=\"og:site_name\" content=\"racoes e forragens castanheira\" \/>\n<meta property=\"article:publisher\" content=\"https:\/\/www.facebook.com\/racoeseforragenscastanheira\" \/>\n<meta property=\"article:modified_time\" content=\"2025-08-20T15:59:06+00:00\" \/>\n<meta property=\"og:image\" content=\"https:\/\/racoeseforragenscastanheira.com\/wp-content\/uploads\/2024\/10\/Copia-de-Design-sem-nome-17.png\" \/>\n\t<meta property=\"og:image:width\" content=\"1080\" \/>\n\t<meta property=\"og:image:height\" content=\"1080\" \/>\n\t<meta property=\"og:image:type\" content=\"image\/png\" \/>\n<meta name=\"twitter:card\" content=\"summary_large_image\" \/>\n<script type=\"application\/ld+json\" class=\"yoast-schema-graph\">{\"@context\":\"https:\\\/\\\/schema.org\",\"@graph\":[{\"@type\":\"WebPage\",\"@id\":\"https:\\\/\\\/racoeseforragenscastanheira.com\\\/produto\\\/aeroxon-fita-apanha-moscas-estabulos-kit-2-unid\\\/\",\"url\":\"https:\\\/\\\/racoeseforragenscastanheira.com\\\/produto\\\/aeroxon-fita-apanha-moscas-estabulos-kit-2-unid\\\/\",\"name\":\"Aeroxon Fita Apanha Moscas Estabulos kit 2-unid - racoes e forragens castanheira\",\"isPartOf\":{\"@id\":\"https:\\\/\\\/racoeseforragenscastanheira.com\\\/#website\"},\"primaryImageOfPage\":{\"@id\":\"https:\\\/\\\/racoeseforragenscastanheira.com\\\/produto\\\/aeroxon-fita-apanha-moscas-estabulos-kit-2-unid\\\/#primaryimage\"},\"image\":{\"@id\":\"https:\\\/\\\/racoeseforragenscastanheira.com\\\/produto\\\/aeroxon-fita-apanha-moscas-estabulos-kit-2-unid\\\/#primaryimage\"},\"thumbnailUrl\":\"https:\\\/\\\/racoeseforragenscastanheira.com\\\/wp-content\\\/uploads\\\/2024\\\/10\\\/Copia-de-Design-sem-nome-17.png\",\"datePublished\":\"2024-10-14T07:13:11+00:00\",\"dateModified\":\"2025-08-20T15:59:06+00:00\",\"breadcrumb\":{\"@id\":\"https:\\\/\\\/racoeseforragenscastanheira.com\\\/produto\\\/aeroxon-fita-apanha-moscas-estabulos-kit-2-unid\\\/#breadcrumb\"},\"inLanguage\":\"en-GB\",\"potentialAction\":[{\"@type\":\"ReadAction\",\"target\":[\"https:\\\/\\\/racoeseforragenscastanheira.com\\\/produto\\\/aeroxon-fita-apanha-moscas-estabulos-kit-2-unid\\\/\"]}]},{\"@type\":\"ImageObject\",\"inLanguage\":\"en-GB\",\"@id\":\"https:\\\/\\\/racoeseforragenscastanheira.com\\\/produto\\\/aeroxon-fita-apanha-moscas-estabulos-kit-2-unid\\\/#primaryimage\",\"url\":\"https:\\\/\\\/racoeseforragenscastanheira.com\\\/wp-content\\\/uploads\\\/2024\\\/10\\\/Copia-de-Design-sem-nome-17.png\",\"contentUrl\":\"https:\\\/\\\/racoeseforragenscastanheira.com\\\/wp-content\\\/uploads\\\/2024\\\/10\\\/Copia-de-Design-sem-nome-17.png\",\"width\":1080,\"height\":1080},{\"@type\":\"BreadcrumbList\",\"@id\":\"https:\\\/\\\/racoeseforragenscastanheira.com\\\/produto\\\/aeroxon-fita-apanha-moscas-estabulos-kit-2-unid\\\/#breadcrumb\",\"itemListElement\":[{\"@type\":\"ListItem\",\"position\":1,\"name\":\"In\u00edcio\",\"item\":\"https:\\\/\\\/racoeseforragenscastanheira.com\\\/\"},{\"@type\":\"ListItem\",\"position\":2,\"name\":\"Shop\",\"item\":\"https:\\\/\\\/racoeseforragenscastanheira.com\\\/shop\\\/\"},{\"@type\":\"ListItem\",\"position\":3,\"name\":\"Aeroxon Fita Apanha Moscas Estabulos kit 2-unid\"}]},{\"@type\":\"WebSite\",\"@id\":\"https:\\\/\\\/racoeseforragenscastanheira.com\\\/#website\",\"url\":\"https:\\\/\\\/racoeseforragenscastanheira.com\\\/\",\"name\":\"racoes e forragens castanheira\",\"description\":\"\",\"publisher\":{\"@id\":\"https:\\\/\\\/racoeseforragenscastanheira.com\\\/#organization\"},\"potentialAction\":[{\"@type\":\"SearchAction\",\"target\":{\"@type\":\"EntryPoint\",\"urlTemplate\":\"https:\\\/\\\/racoeseforragenscastanheira.com\\\/?s={search_term_string}\"},\"query-input\":{\"@type\":\"PropertyValueSpecification\",\"valueRequired\":true,\"valueName\":\"search_term_string\"}}],\"inLanguage\":\"en-GB\"},{\"@type\":\"Organization\",\"@id\":\"https:\\\/\\\/racoeseforragenscastanheira.com\\\/#organization\",\"name\":\"racoes e forragens castanheira\",\"url\":\"https:\\\/\\\/racoeseforragenscastanheira.com\\\/\",\"logo\":{\"@type\":\"ImageObject\",\"inLanguage\":\"en-GB\",\"@id\":\"https:\\\/\\\/racoeseforragenscastanheira.com\\\/#\\\/schema\\\/logo\\\/image\\\/\",\"url\":\"https:\\\/\\\/lightgoldenrodyellow-dugong-899059.hostingersite.com\\\/wp-content\\\/uploads\\\/2025\\\/01\\\/image003-e1726606072123.jpg\",\"contentUrl\":\"https:\\\/\\\/lightgoldenrodyellow-dugong-899059.hostingersite.com\\\/wp-content\\\/uploads\\\/2025\\\/01\\\/image003-e1726606072123.jpg\",\"width\":640,\"height\":405,\"caption\":\"racoes e forragens castanheira\"},\"image\":{\"@id\":\"https:\\\/\\\/racoeseforragenscastanheira.com\\\/#\\\/schema\\\/logo\\\/image\\\/\"},\"sameAs\":[\"https:\\\/\\\/www.facebook.com\\\/racoeseforragenscastanheira\",\"https:\\\/\\\/www.instagram.com\\\/racoes_e_forragens_castanheira\\\/\"]}]}<\/script>\n<!-- \/ Yoast SEO plugin. -->","yoast_head_json":{"title":"Aeroxon Fita Apanha Moscas Estabulos kit 2-unid - racoes e forragens castanheira","robots":{"index":"index","follow":"follow","max-snippet":"max-snippet:-1","max-image-preview":"max-image-preview:large","max-video-preview":"max-video-preview:-1"},"canonical":"https:\/\/racoeseforragenscastanheira.com\/en\/product\/aeroxon-fita-apanha-moscas-estabulos-kit-2-unid\/","og_locale":"en_GB","og_type":"article","og_title":"Aeroxon Fita Apanha Moscas Estabulos kit 2-unid - racoes e forragens castanheira","og_description":"As fitas para est\u00e1bulos e celeiros s\u00e3o armadilhas cobertas em ambas as faces com uma cola natural, n\u00e3o secante, de grandes dimens\u00f5es (2x 200 cm x 20 cm) idealizadas para uso em armaz\u00e9ns, arrecada\u00e7\u00f5es, celeiros, est\u00e1bulos, vacarias, pocilgas, etc., ou qualquer outro local onde se queira controlar moscas sem recurso a inseticidas, permite apanhar 10.000 moscas ou mais. Sem inseticida.  A sua forma especial, assim como o padr\u00e3o contrastante impresso, s\u00e3o altamente atraentes para as moscas, que pousam e ficam firmemente presas nas superf\u00edcies com cola.  Caixa com 2 rolos de fita.","og_url":"https:\/\/racoeseforragenscastanheira.com\/en\/product\/aeroxon-fita-apanha-moscas-estabulos-kit-2-unid\/","og_site_name":"racoes e forragens castanheira","article_publisher":"https:\/\/www.facebook.com\/racoeseforragenscastanheira","article_modified_time":"2025-08-20T15:59:06+00:00","og_image":[{"width":1080,"height":1080,"url":"https:\/\/racoeseforragenscastanheira.com\/wp-content\/uploads\/2024\/10\/Copia-de-Design-sem-nome-17.png","type":"image\/png"}],"twitter_card":"summary_large_image","schema":{"@context":"https:\/\/schema.org","@graph":[{"@type":"WebPage","@id":"https:\/\/racoeseforragenscastanheira.com\/produto\/aeroxon-fita-apanha-moscas-estabulos-kit-2-unid\/","url":"https:\/\/racoeseforragenscastanheira.com\/produto\/aeroxon-fita-apanha-moscas-estabulos-kit-2-unid\/","name":"Aeroxon Fita Apanha Moscas Estabulos kit 2-unid - racoes e forragens castanheira","isPartOf":{"@id":"https:\/\/racoeseforragenscastanheira.com\/#website"},"primaryImageOfPage":{"@id":"https:\/\/racoeseforragenscastanheira.com\/produto\/aeroxon-fita-apanha-moscas-estabulos-kit-2-unid\/#primaryimage"},"image":{"@id":"https:\/\/racoeseforragenscastanheira.com\/produto\/aeroxon-fita-apanha-moscas-estabulos-kit-2-unid\/#primaryimage"},"thumbnailUrl":"https:\/\/racoeseforragenscastanheira.com\/wp-content\/uploads\/2024\/10\/Copia-de-Design-sem-nome-17.png","datePublished":"2024-10-14T07:13:11+00:00","dateModified":"2025-08-20T15:59:06+00:00","breadcrumb":{"@id":"https:\/\/racoeseforragenscastanheira.com\/produto\/aeroxon-fita-apanha-moscas-estabulos-kit-2-unid\/#breadcrumb"},"inLanguage":"en-GB","potentialAction":[{"@type":"ReadAction","target":["https:\/\/racoeseforragenscastanheira.com\/produto\/aeroxon-fita-apanha-moscas-estabulos-kit-2-unid\/"]}]},{"@type":"ImageObject","inLanguage":"en-GB","@id":"https:\/\/racoeseforragenscastanheira.com\/produto\/aeroxon-fita-apanha-moscas-estabulos-kit-2-unid\/#primaryimage","url":"https:\/\/racoeseforragenscastanheira.com\/wp-content\/uploads\/2024\/10\/Copia-de-Design-sem-nome-17.png","contentUrl":"https:\/\/racoeseforragenscastanheira.com\/wp-content\/uploads\/2024\/10\/Copia-de-Design-sem-nome-17.png","width":1080,"height":1080},{"@type":"BreadcrumbList","@id":"https:\/\/racoeseforragenscastanheira.com\/produto\/aeroxon-fita-apanha-moscas-estabulos-kit-2-unid\/#breadcrumb","itemListElement":[{"@type":"ListItem","position":1,"name":"In\u00edcio","item":"https:\/\/racoeseforragenscastanheira.com\/"},{"@type":"ListItem","position":2,"name":"Shop","item":"https:\/\/racoeseforragenscastanheira.com\/shop\/"},{"@type":"ListItem","position":3,"name":"Aeroxon Fita Apanha Moscas Estabulos kit 2-unid"}]},{"@type":"WebSite","@id":"https:\/\/racoeseforragenscastanheira.com\/#website","url":"https:\/\/racoeseforragenscastanheira.com\/","name":"racoes e forragens castanheira","description":"","publisher":{"@id":"https:\/\/racoeseforragenscastanheira.com\/#organization"},"potentialAction":[{"@type":"SearchAction","target":{"@type":"EntryPoint","urlTemplate":"https:\/\/racoeseforragenscastanheira.com\/?s={search_term_string}"},"query-input":{"@type":"PropertyValueSpecification","valueRequired":true,"valueName":"search_term_string"}}],"inLanguage":"en-GB"},{"@type":"Organization","@id":"https:\/\/racoeseforragenscastanheira.com\/#organization","name":"racoes e forragens castanheira","url":"https:\/\/racoeseforragenscastanheira.com\/","logo":{"@type":"ImageObject","inLanguage":"en-GB","@id":"https:\/\/racoeseforragenscastanheira.com\/#\/schema\/logo\/image\/","url":"https:\/\/lightgoldenrodyellow-dugong-899059.hostingersite.com\/wp-content\/uploads\/2025\/01\/image003-e1726606072123.jpg","contentUrl":"https:\/\/lightgoldenrodyellow-dugong-899059.hostingersite.com\/wp-content\/uploads\/2025\/01\/image003-e1726606072123.jpg","width":640,"height":405,"caption":"racoes e forragens castanheira"},"image":{"@id":"https:\/\/racoeseforragenscastanheira.com\/#\/schema\/logo\/image\/"},"sameAs":["https:\/\/www.facebook.com\/racoeseforragenscastanheira","https:\/\/www.instagram.com\/racoes_e_forragens_castanheira\/"]}]}},"_links":{"self":[{"href":"https:\/\/racoeseforragenscastanheira.com\/en\/wp-json\/wp\/v2\/product\/695","targetHints":{"allow":["GET"]}}],"collection":[{"href":"https:\/\/racoeseforragenscastanheira.com\/en\/wp-json\/wp\/v2\/product"}],"about":[{"href":"https:\/\/racoeseforragenscastanheira.com\/en\/wp-json\/wp\/v2\/types\/product"}],"replies":[{"embeddable":true,"href":"https:\/\/racoeseforragenscastanheira.com\/en\/wp-json\/wp\/v2\/comments?post=695"}],"wp:featuredmedia":[{"embeddable":true,"href":"https:\/\/racoeseforragenscastanheira.com\/en\/wp-json\/wp\/v2\/media\/696"}],"wp:attachment":[{"href":"https:\/\/racoeseforragenscastanheira.com\/en\/wp-json\/wp\/v2\/media?parent=695"}],"wp:term":[{"taxonomy":"product_brand","embeddable":true,"href":"https:\/\/racoeseforragenscastanheira.com\/en\/wp-json\/wp\/v2\/product_brand?post=695"},{"taxonomy":"product_cat","embeddable":true,"href":"https:\/\/racoeseforragenscastanheira.com\/en\/wp-json\/wp\/v2\/product_cat?post=695"},{"taxonomy":"product_tag","embeddable":true,"href":"https:\/\/racoeseforragenscastanheira.com\/en\/wp-json\/wp\/v2\/product_tag?post=695"}],"curies":[{"name":"wp","href":"https:\/\/api.w.org\/{rel}","templated":true}]}}