{"id":2139,"date":"2026-04-08T16:27:40","date_gmt":"2026-04-08T16:27:40","guid":{"rendered":"https:\/\/racoeseforragenscastanheira.com\/?post_type=product&#038;p=2139"},"modified":"2026-04-08T16:27:40","modified_gmt":"2026-04-08T16:27:40","slug":"oleo-motoserra-galp-5lt","status":"publish","type":"product","link":"https:\/\/racoeseforragenscastanheira.com\/en\/product\/oleo-motoserra-galp-5lt\/","title":{"rendered":"\u00d3leo Motoserra GALP 5LT"},"content":{"rendered":"","protected":false},"excerpt":{"rendered":"<p>Lubrificante Galp Moto Serra So40 para correntes de motosserras.<\/p>\n<p>Incorpora aditivos espec\u00edficos, que conferem elevada adesividade \u00e0 superf\u00edcie a lubrificar.<\/p>","protected":false},"featured_media":2140,"comment_status":"open","ping_status":"closed","template":"","meta":[],"product_brand":[],"product_cat":[41,97,35,36],"product_tag":[],"class_list":{"0":"post-2139","1":"product","2":"type-product","3":"status-publish","4":"has-post-thumbnail","6":"product_cat-acessorios-aves-de-rapina","7":"product_cat-diversos","8":"product_cat-ferramentas-utensilios","9":"product_cat-utensilios","11":"first","12":"instock","13":"taxable","14":"shipping-taxable","15":"purchasable","16":"product-type-simple"},"yoast_head":"<!-- This site is optimized with the Yoast SEO plugin v27.1.1 - https:\/\/yoast.com\/product\/yoast-seo-wordpress\/ -->\n<title>\u00d3leo Motoserra GALP 5LT - racoes e forragens castanheira<\/title>\n<meta name=\"robots\" content=\"index, follow, max-snippet:-1, max-image-preview:large, max-video-preview:-1\" \/>\n<link rel=\"canonical\" href=\"https:\/\/racoeseforragenscastanheira.com\/en\/produto\/oleo-motoserra-galp-5lt\/\" \/>\n<meta property=\"og:locale\" content=\"en_GB\" \/>\n<meta property=\"og:type\" content=\"article\" \/>\n<meta property=\"og:title\" content=\"\u00d3leo Motoserra GALP 5LT - racoes e forragens castanheira\" \/>\n<meta property=\"og:description\" content=\"Lubrificante Galp Moto Serra So40 para correntes de motosserras.  Incorpora aditivos espec\u00edficos, que conferem elevada adesividade \u00e0 superf\u00edcie a lubrificar.\" \/>\n<meta property=\"og:url\" content=\"https:\/\/racoeseforragenscastanheira.com\/en\/produto\/oleo-motoserra-galp-5lt\/\" \/>\n<meta property=\"og:site_name\" content=\"racoes e forragens castanheira\" \/>\n<meta property=\"article:publisher\" content=\"https:\/\/www.facebook.com\/racoeseforragenscastanheira\" \/>\n<meta property=\"og:image\" content=\"https:\/\/racoeseforragenscastanheira.com\/wp-content\/uploads\/2026\/04\/1729006188_f37967d395c8dcf4e5e0c200adbfaa3d.jpg\" \/>\n\t<meta property=\"og:image:width\" content=\"580\" \/>\n\t<meta property=\"og:image:height\" content=\"580\" \/>\n\t<meta property=\"og:image:type\" content=\"image\/jpeg\" \/>\n<meta name=\"twitter:card\" content=\"summary_large_image\" \/>\n<meta name=\"twitter:label1\" content=\"Estimated reading time\" \/>\n\t<meta name=\"twitter:data1\" content=\"1 minute\" \/>\n<script type=\"application\/ld+json\" class=\"yoast-schema-graph\">{\"@context\":\"https:\/\/schema.org\",\"@graph\":[{\"@type\":\"WebPage\",\"@id\":\"https:\/\/racoeseforragenscastanheira.com\/produto\/oleo-motoserra-galp-5lt\/\",\"url\":\"https:\/\/racoeseforragenscastanheira.com\/produto\/oleo-motoserra-galp-5lt\/\",\"name\":\"\u00d3leo Motoserra GALP 5LT - racoes e forragens castanheira\",\"isPartOf\":{\"@id\":\"https:\/\/racoeseforragenscastanheira.com\/#website\"},\"primaryImageOfPage\":{\"@id\":\"https:\/\/racoeseforragenscastanheira.com\/produto\/oleo-motoserra-galp-5lt\/#primaryimage\"},\"image\":{\"@id\":\"https:\/\/racoeseforragenscastanheira.com\/produto\/oleo-motoserra-galp-5lt\/#primaryimage\"},\"thumbnailUrl\":\"https:\/\/racoeseforragenscastanheira.com\/wp-content\/uploads\/2026\/04\/1729006188_f37967d395c8dcf4e5e0c200adbfaa3d.jpg\",\"datePublished\":\"2026-04-08T16:27:40+00:00\",\"breadcrumb\":{\"@id\":\"https:\/\/racoeseforragenscastanheira.com\/produto\/oleo-motoserra-galp-5lt\/#breadcrumb\"},\"inLanguage\":\"en-GB\",\"potentialAction\":[{\"@type\":\"ReadAction\",\"target\":[\"https:\/\/racoeseforragenscastanheira.com\/produto\/oleo-motoserra-galp-5lt\/\"]}]},{\"@type\":\"ImageObject\",\"inLanguage\":\"en-GB\",\"@id\":\"https:\/\/racoeseforragenscastanheira.com\/produto\/oleo-motoserra-galp-5lt\/#primaryimage\",\"url\":\"https:\/\/racoeseforragenscastanheira.com\/wp-content\/uploads\/2026\/04\/1729006188_f37967d395c8dcf4e5e0c200adbfaa3d.jpg\",\"contentUrl\":\"https:\/\/racoeseforragenscastanheira.com\/wp-content\/uploads\/2026\/04\/1729006188_f37967d395c8dcf4e5e0c200adbfaa3d.jpg\",\"width\":580,\"height\":580},{\"@type\":\"BreadcrumbList\",\"@id\":\"https:\/\/racoeseforragenscastanheira.com\/produto\/oleo-motoserra-galp-5lt\/#breadcrumb\",\"itemListElement\":[{\"@type\":\"ListItem\",\"position\":1,\"name\":\"In\u00edcio\",\"item\":\"https:\/\/racoeseforragenscastanheira.com\/\"},{\"@type\":\"ListItem\",\"position\":2,\"name\":\"Shop\",\"item\":\"https:\/\/racoeseforragenscastanheira.com\/shop\/\"},{\"@type\":\"ListItem\",\"position\":3,\"name\":\"\u00d3leo Motoserra GALP 5LT\"}]},{\"@type\":\"WebSite\",\"@id\":\"https:\/\/racoeseforragenscastanheira.com\/#website\",\"url\":\"https:\/\/racoeseforragenscastanheira.com\/\",\"name\":\"racoes e forragens castanheira\",\"description\":\"\",\"publisher\":{\"@id\":\"https:\/\/racoeseforragenscastanheira.com\/#organization\"},\"potentialAction\":[{\"@type\":\"SearchAction\",\"target\":{\"@type\":\"EntryPoint\",\"urlTemplate\":\"https:\/\/racoeseforragenscastanheira.com\/?s={search_term_string}\"},\"query-input\":{\"@type\":\"PropertyValueSpecification\",\"valueRequired\":true,\"valueName\":\"search_term_string\"}}],\"inLanguage\":\"en-GB\"},{\"@type\":\"Organization\",\"@id\":\"https:\/\/racoeseforragenscastanheira.com\/#organization\",\"name\":\"racoes e forragens castanheira\",\"url\":\"https:\/\/racoeseforragenscastanheira.com\/\",\"logo\":{\"@type\":\"ImageObject\",\"inLanguage\":\"en-GB\",\"@id\":\"https:\/\/racoeseforragenscastanheira.com\/#\/schema\/logo\/image\/\",\"url\":\"https:\/\/lightgoldenrodyellow-dugong-899059.hostingersite.com\/wp-content\/uploads\/2025\/01\/image003-e1726606072123.jpg\",\"contentUrl\":\"https:\/\/lightgoldenrodyellow-dugong-899059.hostingersite.com\/wp-content\/uploads\/2025\/01\/image003-e1726606072123.jpg\",\"width\":640,\"height\":405,\"caption\":\"racoes e forragens castanheira\"},\"image\":{\"@id\":\"https:\/\/racoeseforragenscastanheira.com\/#\/schema\/logo\/image\/\"},\"sameAs\":[\"https:\/\/www.facebook.com\/racoeseforragenscastanheira\",\"https:\/\/www.instagram.com\/racoes_e_forragens_castanheira\/\"]}]}<\/script>\n<!-- \/ Yoast SEO plugin. -->","yoast_head_json":{"title":"\u00d3leo Motoserra GALP 5LT - racoes e forragens castanheira","robots":{"index":"index","follow":"follow","max-snippet":"max-snippet:-1","max-image-preview":"max-image-preview:large","max-video-preview":"max-video-preview:-1"},"canonical":"https:\/\/racoeseforragenscastanheira.com\/en\/produto\/oleo-motoserra-galp-5lt\/","og_locale":"en_GB","og_type":"article","og_title":"\u00d3leo Motoserra GALP 5LT - racoes e forragens castanheira","og_description":"Lubrificante Galp Moto Serra So40 para correntes de motosserras.  Incorpora aditivos espec\u00edficos, que conferem elevada adesividade \u00e0 superf\u00edcie a lubrificar.","og_url":"https:\/\/racoeseforragenscastanheira.com\/en\/produto\/oleo-motoserra-galp-5lt\/","og_site_name":"racoes e forragens castanheira","article_publisher":"https:\/\/www.facebook.com\/racoeseforragenscastanheira","og_image":[{"width":580,"height":580,"url":"https:\/\/racoeseforragenscastanheira.com\/wp-content\/uploads\/2026\/04\/1729006188_f37967d395c8dcf4e5e0c200adbfaa3d.jpg","type":"image\/jpeg"}],"twitter_card":"summary_large_image","twitter_misc":{"Estimated reading time":"1 minute"},"schema":{"@context":"https:\/\/schema.org","@graph":[{"@type":"WebPage","@id":"https:\/\/racoeseforragenscastanheira.com\/produto\/oleo-motoserra-galp-5lt\/","url":"https:\/\/racoeseforragenscastanheira.com\/produto\/oleo-motoserra-galp-5lt\/","name":"\u00d3leo Motoserra GALP 5LT - racoes e forragens castanheira","isPartOf":{"@id":"https:\/\/racoeseforragenscastanheira.com\/#website"},"primaryImageOfPage":{"@id":"https:\/\/racoeseforragenscastanheira.com\/produto\/oleo-motoserra-galp-5lt\/#primaryimage"},"image":{"@id":"https:\/\/racoeseforragenscastanheira.com\/produto\/oleo-motoserra-galp-5lt\/#primaryimage"},"thumbnailUrl":"https:\/\/racoeseforragenscastanheira.com\/wp-content\/uploads\/2026\/04\/1729006188_f37967d395c8dcf4e5e0c200adbfaa3d.jpg","datePublished":"2026-04-08T16:27:40+00:00","breadcrumb":{"@id":"https:\/\/racoeseforragenscastanheira.com\/produto\/oleo-motoserra-galp-5lt\/#breadcrumb"},"inLanguage":"en-GB","potentialAction":[{"@type":"ReadAction","target":["https:\/\/racoeseforragenscastanheira.com\/produto\/oleo-motoserra-galp-5lt\/"]}]},{"@type":"ImageObject","inLanguage":"en-GB","@id":"https:\/\/racoeseforragenscastanheira.com\/produto\/oleo-motoserra-galp-5lt\/#primaryimage","url":"https:\/\/racoeseforragenscastanheira.com\/wp-content\/uploads\/2026\/04\/1729006188_f37967d395c8dcf4e5e0c200adbfaa3d.jpg","contentUrl":"https:\/\/racoeseforragenscastanheira.com\/wp-content\/uploads\/2026\/04\/1729006188_f37967d395c8dcf4e5e0c200adbfaa3d.jpg","width":580,"height":580},{"@type":"BreadcrumbList","@id":"https:\/\/racoeseforragenscastanheira.com\/produto\/oleo-motoserra-galp-5lt\/#breadcrumb","itemListElement":[{"@type":"ListItem","position":1,"name":"In\u00edcio","item":"https:\/\/racoeseforragenscastanheira.com\/"},{"@type":"ListItem","position":2,"name":"Shop","item":"https:\/\/racoeseforragenscastanheira.com\/shop\/"},{"@type":"ListItem","position":3,"name":"\u00d3leo Motoserra GALP 5LT"}]},{"@type":"WebSite","@id":"https:\/\/racoeseforragenscastanheira.com\/#website","url":"https:\/\/racoeseforragenscastanheira.com\/","name":"racoes e forragens castanheira","description":"","publisher":{"@id":"https:\/\/racoeseforragenscastanheira.com\/#organization"},"potentialAction":[{"@type":"SearchAction","target":{"@type":"EntryPoint","urlTemplate":"https:\/\/racoeseforragenscastanheira.com\/?s={search_term_string}"},"query-input":{"@type":"PropertyValueSpecification","valueRequired":true,"valueName":"search_term_string"}}],"inLanguage":"en-GB"},{"@type":"Organization","@id":"https:\/\/racoeseforragenscastanheira.com\/#organization","name":"racoes e forragens castanheira","url":"https:\/\/racoeseforragenscastanheira.com\/","logo":{"@type":"ImageObject","inLanguage":"en-GB","@id":"https:\/\/racoeseforragenscastanheira.com\/#\/schema\/logo\/image\/","url":"https:\/\/lightgoldenrodyellow-dugong-899059.hostingersite.com\/wp-content\/uploads\/2025\/01\/image003-e1726606072123.jpg","contentUrl":"https:\/\/lightgoldenrodyellow-dugong-899059.hostingersite.com\/wp-content\/uploads\/2025\/01\/image003-e1726606072123.jpg","width":640,"height":405,"caption":"racoes e forragens castanheira"},"image":{"@id":"https:\/\/racoeseforragenscastanheira.com\/#\/schema\/logo\/image\/"},"sameAs":["https:\/\/www.facebook.com\/racoeseforragenscastanheira","https:\/\/www.instagram.com\/racoes_e_forragens_castanheira\/"]}]}},"_links":{"self":[{"href":"https:\/\/racoeseforragenscastanheira.com\/en\/wp-json\/wp\/v2\/product\/2139","targetHints":{"allow":["GET"]}}],"collection":[{"href":"https:\/\/racoeseforragenscastanheira.com\/en\/wp-json\/wp\/v2\/product"}],"about":[{"href":"https:\/\/racoeseforragenscastanheira.com\/en\/wp-json\/wp\/v2\/types\/product"}],"replies":[{"embeddable":true,"href":"https:\/\/racoeseforragenscastanheira.com\/en\/wp-json\/wp\/v2\/comments?post=2139"}],"wp:featuredmedia":[{"embeddable":true,"href":"https:\/\/racoeseforragenscastanheira.com\/en\/wp-json\/wp\/v2\/media\/2140"}],"wp:attachment":[{"href":"https:\/\/racoeseforragenscastanheira.com\/en\/wp-json\/wp\/v2\/media?parent=2139"}],"wp:term":[{"taxonomy":"product_brand","embeddable":true,"href":"https:\/\/racoeseforragenscastanheira.com\/en\/wp-json\/wp\/v2\/product_brand?post=2139"},{"taxonomy":"product_cat","embeddable":true,"href":"https:\/\/racoeseforragenscastanheira.com\/en\/wp-json\/wp\/v2\/product_cat?post=2139"},{"taxonomy":"product_tag","embeddable":true,"href":"https:\/\/racoeseforragenscastanheira.com\/en\/wp-json\/wp\/v2\/product_tag?post=2139"}],"curies":[{"name":"wp","href":"https:\/\/api.w.org\/{rel}","templated":true}]}}