{"id":2123,"date":"2026-03-09T15:13:51","date_gmt":"2026-03-09T15:13:51","guid":{"rendered":"https:\/\/racoeseforragenscastanheira.com\/?post_type=product&#038;p=2123"},"modified":"2026-03-18T10:25:12","modified_gmt":"2026-03-18T10:25:12","slug":"acetakill-inseticida-500ml","status":"publish","type":"product","link":"https:\/\/racoeseforragenscastanheira.com\/en\/product\/acetakill-inseticida-500ml\/","title":{"rendered":"Acetakill\u00ae Inseticida 500ML"},"content":{"rendered":"","protected":false},"excerpt":{"rendered":"<p>Inseticida composto por uma formula\u00e7\u00e3o l\u00edquida que atua por ingest\u00e3o e contato, garantindo o efeito de choque imediato e a elevada efic\u00e1cia no controlo de insetos voadores e rastejantes.<\/p>\n<h2>Informa\u00e7\u00e3o adicional<\/h2>\n<table class=\"woocommerce-product-attributes shop_attributes\" aria-label=\"Detalhes do produto\">\n<tbody>\n<tr class=\"woocommerce-product-attributes-item woocommerce-product-attributes-item--attribute_pa_embalagens\">\n<th class=\"woocommerce-product-attributes-item__label\" scope=\"row\">Embalagens<\/th>\n<td class=\"woocommerce-product-attributes-item__value\">500ml<\/td>\n<\/tr>\n<tr class=\"woocommerce-product-attributes-item woocommerce-product-attributes-item--attribute_pa_aplicacao\">\n<th class=\"woocommerce-product-attributes-item__label\" scope=\"row\">Aplica\u00e7\u00e3o<\/th>\n<td class=\"woocommerce-product-attributes-item__value\">Exterior, Interior<\/td>\n<\/tr>\n<tr class=\"woocommerce-product-attributes-item woocommerce-product-attributes-item--attribute_pa_formulacao\">\n<th class=\"woocommerce-product-attributes-item__label\" scope=\"row\">Formula\u00e7\u00e3o<\/th>\n<td class=\"woocommerce-product-attributes-item__value\">Solu\u00e7\u00e3o concentrada (SL)<\/td>\n<\/tr>\n<tr class=\"woocommerce-product-attributes-item woocommerce-product-attributes-item--attribute_autoriza%c3%a7%c3%a3o-de-venda\">\n<th class=\"woocommerce-product-attributes-item__label\" scope=\"row\">Autoriza\u00e7\u00e3o de Venda<\/th>\n<td class=\"woocommerce-product-attributes-item__value\">PT\/DGS N\u00ba1865S<\/td>\n<\/tr>\n<tr class=\"woocommerce-product-attributes-item woocommerce-product-attributes-item--attribute_pa_infestantes\">\n<th class=\"woocommerce-product-attributes-item__label\" scope=\"row\">Infestantes<\/th>\n<td class=\"woocommerce-product-attributes-item__value\">Insetos voadores e rastejantes<\/td>\n<\/tr>\n<\/tbody>\n<\/table>","protected":false},"featured_media":2124,"comment_status":"open","ping_status":"closed","template":"","meta":[],"product_brand":[],"product_cat":[28,56,71],"product_tag":[],"class_list":{"0":"post-2123","1":"product","2":"type-product","3":"status-publish","4":"has-post-thumbnail","6":"product_cat-pet-shop","7":"product_cat-produtos-de-higiene-e-beleza","8":"product_cat-produtos-de-higiene-e-beleza-gatos","10":"first","11":"instock","12":"taxable","13":"shipping-taxable","14":"purchasable","15":"product-type-simple"},"yoast_head":"<!-- This site is optimized with the Yoast SEO plugin v27.4 - https:\/\/yoast.com\/product\/yoast-seo-wordpress\/ -->\n<title>Acetakill\u00ae Inseticida 500ML - racoes e forragens castanheira<\/title>\n<meta name=\"robots\" content=\"index, follow, max-snippet:-1, max-image-preview:large, max-video-preview:-1\" \/>\n<link rel=\"canonical\" href=\"https:\/\/racoeseforragenscastanheira.com\/en\/produto\/acetakill-inseticida-500ml\/\" \/>\n<meta property=\"og:locale\" content=\"en_GB\" \/>\n<meta property=\"og:type\" content=\"article\" \/>\n<meta property=\"og:title\" content=\"Acetakill\u00ae Inseticida 500ML - racoes e forragens castanheira\" \/>\n<meta property=\"og:description\" content=\"Inseticida composto por uma formula\u00e7\u00e3o l\u00edquida que atua por ingest\u00e3o e contato, garantindo o efeito de choque imediato e a elevada efic\u00e1cia no controlo de insetos voadores e rastejantes. Informa\u00e7\u00e3o adicional    Embalagens 500ml   Aplica\u00e7\u00e3o Exterior, Interior   Formula\u00e7\u00e3o Solu\u00e7\u00e3o concentrada (SL)   Autoriza\u00e7\u00e3o de Venda PT\/DGS N\u00ba1865S   Infestantes Insetos voadores e rastejantes\" \/>\n<meta property=\"og:url\" content=\"https:\/\/racoeseforragenscastanheira.com\/en\/produto\/acetakill-inseticida-500ml\/\" \/>\n<meta property=\"og:site_name\" content=\"racoes e forragens castanheira\" \/>\n<meta property=\"article:publisher\" content=\"https:\/\/www.facebook.com\/racoeseforragenscastanheira\" \/>\n<meta property=\"article:modified_time\" content=\"2026-03-18T10:25:12+00:00\" \/>\n<meta property=\"og:image\" content=\"https:\/\/racoeseforragenscastanheira.com\/wp-content\/uploads\/2026\/03\/acetakill_produto-600x600-1.png\" \/>\n\t<meta property=\"og:image:width\" content=\"600\" \/>\n\t<meta property=\"og:image:height\" content=\"600\" \/>\n\t<meta property=\"og:image:type\" content=\"image\/png\" \/>\n<meta name=\"twitter:card\" content=\"summary_large_image\" \/>\n<meta name=\"twitter:label1\" content=\"Estimated reading time\" \/>\n\t<meta name=\"twitter:data1\" content=\"1 minute\" \/>\n<script type=\"application\/ld+json\" class=\"yoast-schema-graph\">{\"@context\":\"https:\\\/\\\/schema.org\",\"@graph\":[{\"@type\":\"WebPage\",\"@id\":\"https:\\\/\\\/racoeseforragenscastanheira.com\\\/produto\\\/acetakill-inseticida-500ml\\\/\",\"url\":\"https:\\\/\\\/racoeseforragenscastanheira.com\\\/produto\\\/acetakill-inseticida-500ml\\\/\",\"name\":\"Acetakill\u00ae Inseticida 500ML - racoes e forragens castanheira\",\"isPartOf\":{\"@id\":\"https:\\\/\\\/racoeseforragenscastanheira.com\\\/#website\"},\"primaryImageOfPage\":{\"@id\":\"https:\\\/\\\/racoeseforragenscastanheira.com\\\/produto\\\/acetakill-inseticida-500ml\\\/#primaryimage\"},\"image\":{\"@id\":\"https:\\\/\\\/racoeseforragenscastanheira.com\\\/produto\\\/acetakill-inseticida-500ml\\\/#primaryimage\"},\"thumbnailUrl\":\"https:\\\/\\\/racoeseforragenscastanheira.com\\\/wp-content\\\/uploads\\\/2026\\\/03\\\/acetakill_produto-600x600-1.png\",\"datePublished\":\"2026-03-09T15:13:51+00:00\",\"dateModified\":\"2026-03-18T10:25:12+00:00\",\"breadcrumb\":{\"@id\":\"https:\\\/\\\/racoeseforragenscastanheira.com\\\/produto\\\/acetakill-inseticida-500ml\\\/#breadcrumb\"},\"inLanguage\":\"en-GB\",\"potentialAction\":[{\"@type\":\"ReadAction\",\"target\":[\"https:\\\/\\\/racoeseforragenscastanheira.com\\\/produto\\\/acetakill-inseticida-500ml\\\/\"]}]},{\"@type\":\"ImageObject\",\"inLanguage\":\"en-GB\",\"@id\":\"https:\\\/\\\/racoeseforragenscastanheira.com\\\/produto\\\/acetakill-inseticida-500ml\\\/#primaryimage\",\"url\":\"https:\\\/\\\/racoeseforragenscastanheira.com\\\/wp-content\\\/uploads\\\/2026\\\/03\\\/acetakill_produto-600x600-1.png\",\"contentUrl\":\"https:\\\/\\\/racoeseforragenscastanheira.com\\\/wp-content\\\/uploads\\\/2026\\\/03\\\/acetakill_produto-600x600-1.png\",\"width\":600,\"height\":600},{\"@type\":\"BreadcrumbList\",\"@id\":\"https:\\\/\\\/racoeseforragenscastanheira.com\\\/produto\\\/acetakill-inseticida-500ml\\\/#breadcrumb\",\"itemListElement\":[{\"@type\":\"ListItem\",\"position\":1,\"name\":\"In\u00edcio\",\"item\":\"https:\\\/\\\/racoeseforragenscastanheira.com\\\/\"},{\"@type\":\"ListItem\",\"position\":2,\"name\":\"Shop\",\"item\":\"https:\\\/\\\/racoeseforragenscastanheira.com\\\/shop\\\/\"},{\"@type\":\"ListItem\",\"position\":3,\"name\":\"Acetakill\u00ae Inseticida 500ML\"}]},{\"@type\":\"WebSite\",\"@id\":\"https:\\\/\\\/racoeseforragenscastanheira.com\\\/#website\",\"url\":\"https:\\\/\\\/racoeseforragenscastanheira.com\\\/\",\"name\":\"racoes e forragens castanheira\",\"description\":\"\",\"publisher\":{\"@id\":\"https:\\\/\\\/racoeseforragenscastanheira.com\\\/#organization\"},\"potentialAction\":[{\"@type\":\"SearchAction\",\"target\":{\"@type\":\"EntryPoint\",\"urlTemplate\":\"https:\\\/\\\/racoeseforragenscastanheira.com\\\/?s={search_term_string}\"},\"query-input\":{\"@type\":\"PropertyValueSpecification\",\"valueRequired\":true,\"valueName\":\"search_term_string\"}}],\"inLanguage\":\"en-GB\"},{\"@type\":\"Organization\",\"@id\":\"https:\\\/\\\/racoeseforragenscastanheira.com\\\/#organization\",\"name\":\"racoes e forragens castanheira\",\"url\":\"https:\\\/\\\/racoeseforragenscastanheira.com\\\/\",\"logo\":{\"@type\":\"ImageObject\",\"inLanguage\":\"en-GB\",\"@id\":\"https:\\\/\\\/racoeseforragenscastanheira.com\\\/#\\\/schema\\\/logo\\\/image\\\/\",\"url\":\"https:\\\/\\\/lightgoldenrodyellow-dugong-899059.hostingersite.com\\\/wp-content\\\/uploads\\\/2025\\\/01\\\/image003-e1726606072123.jpg\",\"contentUrl\":\"https:\\\/\\\/lightgoldenrodyellow-dugong-899059.hostingersite.com\\\/wp-content\\\/uploads\\\/2025\\\/01\\\/image003-e1726606072123.jpg\",\"width\":640,\"height\":405,\"caption\":\"racoes e forragens castanheira\"},\"image\":{\"@id\":\"https:\\\/\\\/racoeseforragenscastanheira.com\\\/#\\\/schema\\\/logo\\\/image\\\/\"},\"sameAs\":[\"https:\\\/\\\/www.facebook.com\\\/racoeseforragenscastanheira\",\"https:\\\/\\\/www.instagram.com\\\/racoes_e_forragens_castanheira\\\/\"]}]}<\/script>\n<!-- \/ Yoast SEO plugin. -->","yoast_head_json":{"title":"Acetakill\u00ae Inseticida 500ML - racoes e forragens castanheira","robots":{"index":"index","follow":"follow","max-snippet":"max-snippet:-1","max-image-preview":"max-image-preview:large","max-video-preview":"max-video-preview:-1"},"canonical":"https:\/\/racoeseforragenscastanheira.com\/en\/produto\/acetakill-inseticida-500ml\/","og_locale":"en_GB","og_type":"article","og_title":"Acetakill\u00ae Inseticida 500ML - racoes e forragens castanheira","og_description":"Inseticida composto por uma formula\u00e7\u00e3o l\u00edquida que atua por ingest\u00e3o e contato, garantindo o efeito de choque imediato e a elevada efic\u00e1cia no controlo de insetos voadores e rastejantes. Informa\u00e7\u00e3o adicional    Embalagens 500ml   Aplica\u00e7\u00e3o Exterior, Interior   Formula\u00e7\u00e3o Solu\u00e7\u00e3o concentrada (SL)   Autoriza\u00e7\u00e3o de Venda PT\/DGS N\u00ba1865S   Infestantes Insetos voadores e rastejantes","og_url":"https:\/\/racoeseforragenscastanheira.com\/en\/produto\/acetakill-inseticida-500ml\/","og_site_name":"racoes e forragens castanheira","article_publisher":"https:\/\/www.facebook.com\/racoeseforragenscastanheira","article_modified_time":"2026-03-18T10:25:12+00:00","og_image":[{"width":600,"height":600,"url":"https:\/\/racoeseforragenscastanheira.com\/wp-content\/uploads\/2026\/03\/acetakill_produto-600x600-1.png","type":"image\/png"}],"twitter_card":"summary_large_image","twitter_misc":{"Estimated reading time":"1 minute"},"schema":{"@context":"https:\/\/schema.org","@graph":[{"@type":"WebPage","@id":"https:\/\/racoeseforragenscastanheira.com\/produto\/acetakill-inseticida-500ml\/","url":"https:\/\/racoeseforragenscastanheira.com\/produto\/acetakill-inseticida-500ml\/","name":"Acetakill\u00ae Inseticida 500ML - racoes e forragens castanheira","isPartOf":{"@id":"https:\/\/racoeseforragenscastanheira.com\/#website"},"primaryImageOfPage":{"@id":"https:\/\/racoeseforragenscastanheira.com\/produto\/acetakill-inseticida-500ml\/#primaryimage"},"image":{"@id":"https:\/\/racoeseforragenscastanheira.com\/produto\/acetakill-inseticida-500ml\/#primaryimage"},"thumbnailUrl":"https:\/\/racoeseforragenscastanheira.com\/wp-content\/uploads\/2026\/03\/acetakill_produto-600x600-1.png","datePublished":"2026-03-09T15:13:51+00:00","dateModified":"2026-03-18T10:25:12+00:00","breadcrumb":{"@id":"https:\/\/racoeseforragenscastanheira.com\/produto\/acetakill-inseticida-500ml\/#breadcrumb"},"inLanguage":"en-GB","potentialAction":[{"@type":"ReadAction","target":["https:\/\/racoeseforragenscastanheira.com\/produto\/acetakill-inseticida-500ml\/"]}]},{"@type":"ImageObject","inLanguage":"en-GB","@id":"https:\/\/racoeseforragenscastanheira.com\/produto\/acetakill-inseticida-500ml\/#primaryimage","url":"https:\/\/racoeseforragenscastanheira.com\/wp-content\/uploads\/2026\/03\/acetakill_produto-600x600-1.png","contentUrl":"https:\/\/racoeseforragenscastanheira.com\/wp-content\/uploads\/2026\/03\/acetakill_produto-600x600-1.png","width":600,"height":600},{"@type":"BreadcrumbList","@id":"https:\/\/racoeseforragenscastanheira.com\/produto\/acetakill-inseticida-500ml\/#breadcrumb","itemListElement":[{"@type":"ListItem","position":1,"name":"In\u00edcio","item":"https:\/\/racoeseforragenscastanheira.com\/"},{"@type":"ListItem","position":2,"name":"Shop","item":"https:\/\/racoeseforragenscastanheira.com\/shop\/"},{"@type":"ListItem","position":3,"name":"Acetakill\u00ae Inseticida 500ML"}]},{"@type":"WebSite","@id":"https:\/\/racoeseforragenscastanheira.com\/#website","url":"https:\/\/racoeseforragenscastanheira.com\/","name":"racoes e forragens castanheira","description":"","publisher":{"@id":"https:\/\/racoeseforragenscastanheira.com\/#organization"},"potentialAction":[{"@type":"SearchAction","target":{"@type":"EntryPoint","urlTemplate":"https:\/\/racoeseforragenscastanheira.com\/?s={search_term_string}"},"query-input":{"@type":"PropertyValueSpecification","valueRequired":true,"valueName":"search_term_string"}}],"inLanguage":"en-GB"},{"@type":"Organization","@id":"https:\/\/racoeseforragenscastanheira.com\/#organization","name":"racoes e forragens castanheira","url":"https:\/\/racoeseforragenscastanheira.com\/","logo":{"@type":"ImageObject","inLanguage":"en-GB","@id":"https:\/\/racoeseforragenscastanheira.com\/#\/schema\/logo\/image\/","url":"https:\/\/lightgoldenrodyellow-dugong-899059.hostingersite.com\/wp-content\/uploads\/2025\/01\/image003-e1726606072123.jpg","contentUrl":"https:\/\/lightgoldenrodyellow-dugong-899059.hostingersite.com\/wp-content\/uploads\/2025\/01\/image003-e1726606072123.jpg","width":640,"height":405,"caption":"racoes e forragens castanheira"},"image":{"@id":"https:\/\/racoeseforragenscastanheira.com\/#\/schema\/logo\/image\/"},"sameAs":["https:\/\/www.facebook.com\/racoeseforragenscastanheira","https:\/\/www.instagram.com\/racoes_e_forragens_castanheira\/"]}]}},"_links":{"self":[{"href":"https:\/\/racoeseforragenscastanheira.com\/en\/wp-json\/wp\/v2\/product\/2123","targetHints":{"allow":["GET"]}}],"collection":[{"href":"https:\/\/racoeseforragenscastanheira.com\/en\/wp-json\/wp\/v2\/product"}],"about":[{"href":"https:\/\/racoeseforragenscastanheira.com\/en\/wp-json\/wp\/v2\/types\/product"}],"replies":[{"embeddable":true,"href":"https:\/\/racoeseforragenscastanheira.com\/en\/wp-json\/wp\/v2\/comments?post=2123"}],"wp:featuredmedia":[{"embeddable":true,"href":"https:\/\/racoeseforragenscastanheira.com\/en\/wp-json\/wp\/v2\/media\/2124"}],"wp:attachment":[{"href":"https:\/\/racoeseforragenscastanheira.com\/en\/wp-json\/wp\/v2\/media?parent=2123"}],"wp:term":[{"taxonomy":"product_brand","embeddable":true,"href":"https:\/\/racoeseforragenscastanheira.com\/en\/wp-json\/wp\/v2\/product_brand?post=2123"},{"taxonomy":"product_cat","embeddable":true,"href":"https:\/\/racoeseforragenscastanheira.com\/en\/wp-json\/wp\/v2\/product_cat?post=2123"},{"taxonomy":"product_tag","embeddable":true,"href":"https:\/\/racoeseforragenscastanheira.com\/en\/wp-json\/wp\/v2\/product_tag?post=2123"}],"curies":[{"name":"wp","href":"https:\/\/api.w.org\/{rel}","templated":true}]}}