{"id":2120,"date":"2026-03-09T15:03:18","date_gmt":"2026-03-09T15:03:18","guid":{"rendered":"https:\/\/racoeseforragenscastanheira.com\/?post_type=product&#038;p=2120"},"modified":"2026-03-09T15:05:25","modified_gmt":"2026-03-09T15:05:25","slug":"crunchy-chicken-para-gatos-adultos","status":"publish","type":"product","link":"https:\/\/racoeseforragenscastanheira.com\/en\/product\/crunchy-chicken-para-gatos-adultos\/","title":{"rendered":"Crunchy Chicken para gatos adultos"},"content":{"rendered":"","protected":false},"excerpt":{"rendered":"<p><span dir=\"auto\">Crunchy Cat \u00e9 a nossa recomenda\u00e7\u00e3o para a alimenta\u00e7\u00e3o de gatos adultos. \u00c9 um alimento completo e balanceado, com alto teor de prote\u00edna e um aporte energ\u00e9tico ideal para mant\u00ea-los em boa forma f\u00edsica. Crunchy Cat, com alto teor de frango e vegetais, fornece os nutrientes essenciais que garantem a boa sa\u00fade dos gatos durante toda a sua vida adulta. \u00a0<\/span><br \/>\n<span dir=\"auto\">A embalagem de 20 kg.<\/span><\/p>\n<h3><span dir=\"auto\">Composi\u00e7\u00e3o da ra\u00e7\u00e3o:\u00a0<\/span><\/h3>\n<ul>\n<li><span dir=\"auto\">Cereais<\/span><\/li>\n<li><span dir=\"auto\">Carnes e subprodutos animais (m\u00ednimo de 14% de carne de frango)<\/span><\/li>\n<li><span dir=\"auto\">subprodutos vegetais<\/span><\/li>\n<li><span dir=\"auto\">vegetais (ervilhas 4%)<\/span><\/li>\n<li><span dir=\"auto\">gorduras e \u00f3leos<\/span><\/li>\n<li><span dir=\"auto\">subst\u00e2ncias minerais<\/span><\/li>\n<\/ul>\n<h3><span dir=\"auto\">Componentes anal\u00edticos da ra\u00e7\u00e3o:\u00a0<\/span><\/h3>\n<ul>\n<li><span dir=\"auto\">Prote\u00edna bruta: 30%<\/span><\/li>\n<li><span dir=\"auto\">Gordura bruta: 10%<\/span><\/li>\n<li><span dir=\"auto\">Fibra bruta: 2,7%<\/span><\/li>\n<li><span dir=\"auto\">Cinzas brutas: 9,4%<\/span><\/li>\n<li><span dir=\"auto\">Umidade: 9%<\/span><\/li>\n<li><span dir=\"auto\">C\u00e1lcio: 1,8%<\/span><\/li>\n<li><span dir=\"auto\">F\u00f3sforo: 1,2%<\/span><\/li>\n<\/ul>\n<ul>\n<li><span dir=\"auto\">Vitamina A: 15.000 UI\/kg<\/span><\/li>\n<li><span dir=\"auto\">Vitamina D3: 1.500 UI\/kg<\/span><\/li>\n<li><span dir=\"auto\">Vitamina E: 150 mg\/kg<\/span><\/li>\n<\/ul>\n<h3><span dir=\"auto\">Por\u00e7\u00f5es recomendadas:\u00a0<\/span><\/h3>\n<p><img fetchpriority=\"high\" decoding=\"async\" src=\"https:\/\/www.m-gourmand.com\/img\/cms\/Doses%20conseill%C3%A9es\/recommandation_crunchy_cat.JPG\" alt=\"Doses recomendadas\" width=\"950\" height=\"218\" \/><\/p>","protected":false},"featured_media":2121,"comment_status":"open","ping_status":"closed","template":"","meta":[],"product_brand":[],"product_cat":[29,67,52,64,28,21],"product_tag":[],"class_list":{"0":"post-2120","1":"product","2":"type-product","3":"status-publish","4":"has-post-thumbnail","6":"product_cat-alimentacao-pet-shop","7":"product_cat-alimentacao-secos-gatos","8":"product_cat-alimentacao-secos","9":"product_cat-gatos","10":"product_cat-pet-shop","11":"product_cat-racao","13":"first","14":"instock","15":"taxable","16":"shipping-taxable","17":"purchasable","18":"product-type-simple"},"yoast_head":"<!-- This site is optimized with the Yoast SEO plugin v27.4 - https:\/\/yoast.com\/product\/yoast-seo-wordpress\/ -->\n<title>Crunchy Chicken para gatos adultos - racoes e forragens castanheira<\/title>\n<meta name=\"robots\" content=\"index, follow, max-snippet:-1, max-image-preview:large, max-video-preview:-1\" \/>\n<link rel=\"canonical\" href=\"https:\/\/racoeseforragenscastanheira.com\/en\/produto\/crunchy-chicken-para-gatos-adultos\/\" \/>\n<meta property=\"og:locale\" content=\"en_GB\" \/>\n<meta property=\"og:type\" content=\"article\" \/>\n<meta property=\"og:title\" content=\"Crunchy Chicken para gatos adultos - racoes e forragens castanheira\" \/>\n<meta property=\"og:description\" content=\"Crunchy Cat \u00e9 a nossa recomenda\u00e7\u00e3o para a alimenta\u00e7\u00e3o de gatos adultos. \u00c9 um alimento completo e balanceado, com alto teor de prote\u00edna e um aporte energ\u00e9tico ideal para mant\u00ea-los em boa forma f\u00edsica. Crunchy Cat, com alto teor de frango e vegetais, fornece os nutrientes essenciais que garantem a boa sa\u00fade dos gatos durante toda a sua vida adulta. \u00a0 A embalagem de 20 kg. Composi\u00e7\u00e3o da ra\u00e7\u00e3o:\u00a0   Cereais  Carnes e subprodutos animais (m\u00ednimo de 14% de carne de frango)  subprodutos vegetais  vegetais (ervilhas 4%)  gorduras e \u00f3leos  subst\u00e2ncias minerais  Componentes anal\u00edticos da ra\u00e7\u00e3o:\u00a0   Prote\u00edna bruta: 30%  Gordura bruta: 10%  Fibra bruta: 2,7%  Cinzas brutas: 9,4%  Umidade: 9%  C\u00e1lcio: 1,8%  F\u00f3sforo: 1,2%    Vitamina A: 15.000 UI\/kg  Vitamina D3: 1.500 UI\/kg  Vitamina E: 150 mg\/kg  Por\u00e7\u00f5es recomendadas:\u00a0\" \/>\n<meta property=\"og:url\" content=\"https:\/\/racoeseforragenscastanheira.com\/en\/produto\/crunchy-chicken-para-gatos-adultos\/\" \/>\n<meta property=\"og:site_name\" content=\"racoes e forragens castanheira\" \/>\n<meta property=\"article:publisher\" content=\"https:\/\/www.facebook.com\/racoeseforragenscastanheira\" \/>\n<meta property=\"article:modified_time\" content=\"2026-03-09T15:05:25+00:00\" \/>\n<meta property=\"og:image\" content=\"https:\/\/racoeseforragenscastanheira.com\/wp-content\/uploads\/2026\/03\/CrunchyCatChickenVegetables_2.jpg\" \/>\n\t<meta property=\"og:image:width\" content=\"948\" \/>\n\t<meta property=\"og:image:height\" content=\"960\" \/>\n\t<meta property=\"og:image:type\" content=\"image\/jpeg\" \/>\n<meta name=\"twitter:card\" content=\"summary_large_image\" \/>\n<meta name=\"twitter:label1\" content=\"Estimated reading time\" \/>\n\t<meta name=\"twitter:data1\" content=\"1 minute\" \/>\n<script type=\"application\/ld+json\" class=\"yoast-schema-graph\">{\"@context\":\"https:\\\/\\\/schema.org\",\"@graph\":[{\"@type\":\"WebPage\",\"@id\":\"https:\\\/\\\/racoeseforragenscastanheira.com\\\/produto\\\/crunchy-chicken-para-gatos-adultos\\\/\",\"url\":\"https:\\\/\\\/racoeseforragenscastanheira.com\\\/produto\\\/crunchy-chicken-para-gatos-adultos\\\/\",\"name\":\"Crunchy Chicken para gatos adultos - racoes e forragens castanheira\",\"isPartOf\":{\"@id\":\"https:\\\/\\\/racoeseforragenscastanheira.com\\\/#website\"},\"primaryImageOfPage\":{\"@id\":\"https:\\\/\\\/racoeseforragenscastanheira.com\\\/produto\\\/crunchy-chicken-para-gatos-adultos\\\/#primaryimage\"},\"image\":{\"@id\":\"https:\\\/\\\/racoeseforragenscastanheira.com\\\/produto\\\/crunchy-chicken-para-gatos-adultos\\\/#primaryimage\"},\"thumbnailUrl\":\"https:\\\/\\\/racoeseforragenscastanheira.com\\\/wp-content\\\/uploads\\\/2026\\\/03\\\/CrunchyCatChickenVegetables_2.jpg\",\"datePublished\":\"2026-03-09T15:03:18+00:00\",\"dateModified\":\"2026-03-09T15:05:25+00:00\",\"breadcrumb\":{\"@id\":\"https:\\\/\\\/racoeseforragenscastanheira.com\\\/produto\\\/crunchy-chicken-para-gatos-adultos\\\/#breadcrumb\"},\"inLanguage\":\"en-GB\",\"potentialAction\":[{\"@type\":\"ReadAction\",\"target\":[\"https:\\\/\\\/racoeseforragenscastanheira.com\\\/produto\\\/crunchy-chicken-para-gatos-adultos\\\/\"]}]},{\"@type\":\"ImageObject\",\"inLanguage\":\"en-GB\",\"@id\":\"https:\\\/\\\/racoeseforragenscastanheira.com\\\/produto\\\/crunchy-chicken-para-gatos-adultos\\\/#primaryimage\",\"url\":\"https:\\\/\\\/racoeseforragenscastanheira.com\\\/wp-content\\\/uploads\\\/2026\\\/03\\\/CrunchyCatChickenVegetables_2.jpg\",\"contentUrl\":\"https:\\\/\\\/racoeseforragenscastanheira.com\\\/wp-content\\\/uploads\\\/2026\\\/03\\\/CrunchyCatChickenVegetables_2.jpg\",\"width\":948,\"height\":960},{\"@type\":\"BreadcrumbList\",\"@id\":\"https:\\\/\\\/racoeseforragenscastanheira.com\\\/produto\\\/crunchy-chicken-para-gatos-adultos\\\/#breadcrumb\",\"itemListElement\":[{\"@type\":\"ListItem\",\"position\":1,\"name\":\"In\u00edcio\",\"item\":\"https:\\\/\\\/racoeseforragenscastanheira.com\\\/\"},{\"@type\":\"ListItem\",\"position\":2,\"name\":\"Shop\",\"item\":\"https:\\\/\\\/racoeseforragenscastanheira.com\\\/shop\\\/\"},{\"@type\":\"ListItem\",\"position\":3,\"name\":\"Crunchy Chicken para gatos adultos\"}]},{\"@type\":\"WebSite\",\"@id\":\"https:\\\/\\\/racoeseforragenscastanheira.com\\\/#website\",\"url\":\"https:\\\/\\\/racoeseforragenscastanheira.com\\\/\",\"name\":\"racoes e forragens castanheira\",\"description\":\"\",\"publisher\":{\"@id\":\"https:\\\/\\\/racoeseforragenscastanheira.com\\\/#organization\"},\"potentialAction\":[{\"@type\":\"SearchAction\",\"target\":{\"@type\":\"EntryPoint\",\"urlTemplate\":\"https:\\\/\\\/racoeseforragenscastanheira.com\\\/?s={search_term_string}\"},\"query-input\":{\"@type\":\"PropertyValueSpecification\",\"valueRequired\":true,\"valueName\":\"search_term_string\"}}],\"inLanguage\":\"en-GB\"},{\"@type\":\"Organization\",\"@id\":\"https:\\\/\\\/racoeseforragenscastanheira.com\\\/#organization\",\"name\":\"racoes e forragens castanheira\",\"url\":\"https:\\\/\\\/racoeseforragenscastanheira.com\\\/\",\"logo\":{\"@type\":\"ImageObject\",\"inLanguage\":\"en-GB\",\"@id\":\"https:\\\/\\\/racoeseforragenscastanheira.com\\\/#\\\/schema\\\/logo\\\/image\\\/\",\"url\":\"https:\\\/\\\/lightgoldenrodyellow-dugong-899059.hostingersite.com\\\/wp-content\\\/uploads\\\/2025\\\/01\\\/image003-e1726606072123.jpg\",\"contentUrl\":\"https:\\\/\\\/lightgoldenrodyellow-dugong-899059.hostingersite.com\\\/wp-content\\\/uploads\\\/2025\\\/01\\\/image003-e1726606072123.jpg\",\"width\":640,\"height\":405,\"caption\":\"racoes e forragens castanheira\"},\"image\":{\"@id\":\"https:\\\/\\\/racoeseforragenscastanheira.com\\\/#\\\/schema\\\/logo\\\/image\\\/\"},\"sameAs\":[\"https:\\\/\\\/www.facebook.com\\\/racoeseforragenscastanheira\",\"https:\\\/\\\/www.instagram.com\\\/racoes_e_forragens_castanheira\\\/\"]}]}<\/script>\n<!-- \/ Yoast SEO plugin. -->","yoast_head_json":{"title":"Crunchy Chicken para gatos adultos - racoes e forragens castanheira","robots":{"index":"index","follow":"follow","max-snippet":"max-snippet:-1","max-image-preview":"max-image-preview:large","max-video-preview":"max-video-preview:-1"},"canonical":"https:\/\/racoeseforragenscastanheira.com\/en\/produto\/crunchy-chicken-para-gatos-adultos\/","og_locale":"en_GB","og_type":"article","og_title":"Crunchy Chicken para gatos adultos - racoes e forragens castanheira","og_description":"Crunchy Cat \u00e9 a nossa recomenda\u00e7\u00e3o para a alimenta\u00e7\u00e3o de gatos adultos. \u00c9 um alimento completo e balanceado, com alto teor de prote\u00edna e um aporte energ\u00e9tico ideal para mant\u00ea-los em boa forma f\u00edsica. Crunchy Cat, com alto teor de frango e vegetais, fornece os nutrientes essenciais que garantem a boa sa\u00fade dos gatos durante toda a sua vida adulta. \u00a0 A embalagem de 20 kg. Composi\u00e7\u00e3o da ra\u00e7\u00e3o:\u00a0   Cereais  Carnes e subprodutos animais (m\u00ednimo de 14% de carne de frango)  subprodutos vegetais  vegetais (ervilhas 4%)  gorduras e \u00f3leos  subst\u00e2ncias minerais  Componentes anal\u00edticos da ra\u00e7\u00e3o:\u00a0   Prote\u00edna bruta: 30%  Gordura bruta: 10%  Fibra bruta: 2,7%  Cinzas brutas: 9,4%  Umidade: 9%  C\u00e1lcio: 1,8%  F\u00f3sforo: 1,2%    Vitamina A: 15.000 UI\/kg  Vitamina D3: 1.500 UI\/kg  Vitamina E: 150 mg\/kg  Por\u00e7\u00f5es recomendadas:\u00a0","og_url":"https:\/\/racoeseforragenscastanheira.com\/en\/produto\/crunchy-chicken-para-gatos-adultos\/","og_site_name":"racoes e forragens castanheira","article_publisher":"https:\/\/www.facebook.com\/racoeseforragenscastanheira","article_modified_time":"2026-03-09T15:05:25+00:00","og_image":[{"width":948,"height":960,"url":"https:\/\/racoeseforragenscastanheira.com\/wp-content\/uploads\/2026\/03\/CrunchyCatChickenVegetables_2.jpg","type":"image\/jpeg"}],"twitter_card":"summary_large_image","twitter_misc":{"Estimated reading time":"1 minute"},"schema":{"@context":"https:\/\/schema.org","@graph":[{"@type":"WebPage","@id":"https:\/\/racoeseforragenscastanheira.com\/produto\/crunchy-chicken-para-gatos-adultos\/","url":"https:\/\/racoeseforragenscastanheira.com\/produto\/crunchy-chicken-para-gatos-adultos\/","name":"Crunchy Chicken para gatos adultos - racoes e forragens castanheira","isPartOf":{"@id":"https:\/\/racoeseforragenscastanheira.com\/#website"},"primaryImageOfPage":{"@id":"https:\/\/racoeseforragenscastanheira.com\/produto\/crunchy-chicken-para-gatos-adultos\/#primaryimage"},"image":{"@id":"https:\/\/racoeseforragenscastanheira.com\/produto\/crunchy-chicken-para-gatos-adultos\/#primaryimage"},"thumbnailUrl":"https:\/\/racoeseforragenscastanheira.com\/wp-content\/uploads\/2026\/03\/CrunchyCatChickenVegetables_2.jpg","datePublished":"2026-03-09T15:03:18+00:00","dateModified":"2026-03-09T15:05:25+00:00","breadcrumb":{"@id":"https:\/\/racoeseforragenscastanheira.com\/produto\/crunchy-chicken-para-gatos-adultos\/#breadcrumb"},"inLanguage":"en-GB","potentialAction":[{"@type":"ReadAction","target":["https:\/\/racoeseforragenscastanheira.com\/produto\/crunchy-chicken-para-gatos-adultos\/"]}]},{"@type":"ImageObject","inLanguage":"en-GB","@id":"https:\/\/racoeseforragenscastanheira.com\/produto\/crunchy-chicken-para-gatos-adultos\/#primaryimage","url":"https:\/\/racoeseforragenscastanheira.com\/wp-content\/uploads\/2026\/03\/CrunchyCatChickenVegetables_2.jpg","contentUrl":"https:\/\/racoeseforragenscastanheira.com\/wp-content\/uploads\/2026\/03\/CrunchyCatChickenVegetables_2.jpg","width":948,"height":960},{"@type":"BreadcrumbList","@id":"https:\/\/racoeseforragenscastanheira.com\/produto\/crunchy-chicken-para-gatos-adultos\/#breadcrumb","itemListElement":[{"@type":"ListItem","position":1,"name":"In\u00edcio","item":"https:\/\/racoeseforragenscastanheira.com\/"},{"@type":"ListItem","position":2,"name":"Shop","item":"https:\/\/racoeseforragenscastanheira.com\/shop\/"},{"@type":"ListItem","position":3,"name":"Crunchy Chicken para gatos adultos"}]},{"@type":"WebSite","@id":"https:\/\/racoeseforragenscastanheira.com\/#website","url":"https:\/\/racoeseforragenscastanheira.com\/","name":"racoes e forragens castanheira","description":"","publisher":{"@id":"https:\/\/racoeseforragenscastanheira.com\/#organization"},"potentialAction":[{"@type":"SearchAction","target":{"@type":"EntryPoint","urlTemplate":"https:\/\/racoeseforragenscastanheira.com\/?s={search_term_string}"},"query-input":{"@type":"PropertyValueSpecification","valueRequired":true,"valueName":"search_term_string"}}],"inLanguage":"en-GB"},{"@type":"Organization","@id":"https:\/\/racoeseforragenscastanheira.com\/#organization","name":"racoes e forragens castanheira","url":"https:\/\/racoeseforragenscastanheira.com\/","logo":{"@type":"ImageObject","inLanguage":"en-GB","@id":"https:\/\/racoeseforragenscastanheira.com\/#\/schema\/logo\/image\/","url":"https:\/\/lightgoldenrodyellow-dugong-899059.hostingersite.com\/wp-content\/uploads\/2025\/01\/image003-e1726606072123.jpg","contentUrl":"https:\/\/lightgoldenrodyellow-dugong-899059.hostingersite.com\/wp-content\/uploads\/2025\/01\/image003-e1726606072123.jpg","width":640,"height":405,"caption":"racoes e forragens castanheira"},"image":{"@id":"https:\/\/racoeseforragenscastanheira.com\/#\/schema\/logo\/image\/"},"sameAs":["https:\/\/www.facebook.com\/racoeseforragenscastanheira","https:\/\/www.instagram.com\/racoes_e_forragens_castanheira\/"]}]}},"_links":{"self":[{"href":"https:\/\/racoeseforragenscastanheira.com\/en\/wp-json\/wp\/v2\/product\/2120","targetHints":{"allow":["GET"]}}],"collection":[{"href":"https:\/\/racoeseforragenscastanheira.com\/en\/wp-json\/wp\/v2\/product"}],"about":[{"href":"https:\/\/racoeseforragenscastanheira.com\/en\/wp-json\/wp\/v2\/types\/product"}],"replies":[{"embeddable":true,"href":"https:\/\/racoeseforragenscastanheira.com\/en\/wp-json\/wp\/v2\/comments?post=2120"}],"wp:featuredmedia":[{"embeddable":true,"href":"https:\/\/racoeseforragenscastanheira.com\/en\/wp-json\/wp\/v2\/media\/2121"}],"wp:attachment":[{"href":"https:\/\/racoeseforragenscastanheira.com\/en\/wp-json\/wp\/v2\/media?parent=2120"}],"wp:term":[{"taxonomy":"product_brand","embeddable":true,"href":"https:\/\/racoeseforragenscastanheira.com\/en\/wp-json\/wp\/v2\/product_brand?post=2120"},{"taxonomy":"product_cat","embeddable":true,"href":"https:\/\/racoeseforragenscastanheira.com\/en\/wp-json\/wp\/v2\/product_cat?post=2120"},{"taxonomy":"product_tag","embeddable":true,"href":"https:\/\/racoeseforragenscastanheira.com\/en\/wp-json\/wp\/v2\/product_tag?post=2120"}],"curies":[{"name":"wp","href":"https:\/\/api.w.org\/{rel}","templated":true}]}}