{"id":2109,"date":"2026-02-21T10:15:30","date_gmt":"2026-02-21T10:15:30","guid":{"rendered":"https:\/\/racoeseforragenscastanheira.com\/?post_type=product&#038;p=2109"},"modified":"2026-03-27T17:16:42","modified_gmt":"2026-03-27T17:16:42","slug":"inseticida-polysect-hortas-ultra-sl-polivalente-100ml","status":"publish","type":"product","link":"https:\/\/racoeseforragenscastanheira.com\/en\/product\/inseticida-polysect-hortas-ultra-sl-polivalente-100ml\/","title":{"rendered":"Inseticida Polysect Hortas Ultra SL Polivalente 100ml"},"content":{"rendered":"<h2>Elimine Insetos de Forma Eficaz<\/h2>\n<p>Descubra o inseticida de a\u00e7\u00e3o sist\u00e9mica concentrado que atua de maneira eficiente contra uma grande variedade de insetos. Com sua f\u00f3rmula avan\u00e7ada, este produto \u00e9 a solu\u00e7\u00e3o ideal para proteger suas plantas favoritas.<\/p>\n<h2>Indicado para M\u00faltiplos Tipos de Plantas<\/h2>\n<p>Este inseticida \u00e9 um aliado indispens\u00e1vel para o cuidado das suas plantas de interior, roseiras, \u00e1rvores de fruto e culturas hort\u00edcolas. Garanta sa\u00fade e beleza ao seu jardim ou espa\u00e7o verde, independentemente do tipo de vegetal.<\/p>\n<h2>F\u00e1cil Aplica\u00e7\u00e3o e Resultados R\u00e1pidos<\/h2>\n<p>Gra\u00e7as \u00e0 sua f\u00f3rmula concentrada, o inseticida \u00e9 f\u00e1cil de aplicar, proporcionando prote\u00e7\u00e3o duradoura. Livre-se de pragas sem complica\u00e7\u00f5es e aproveite plantas saud\u00e1veis e produtivas com um \u00fanico produto multifuncional.<\/p>","protected":false},"excerpt":{"rendered":"<h2>Elimine Insetos de Forma Eficaz<\/h2>\n<p>Descubra o inseticida de a\u00e7\u00e3o sist\u00e9mica concentrado que atua de maneira eficiente contra uma grande variedade de insetos. Com a sua f\u00f3rmula avan\u00e7ada, este produto \u00e9 a solu\u00e7\u00e3o ideal para proteger\u00a0 as suas plantas favoritas.<\/p>\n<h2>Indicado para M\u00faltiplos Tipos de Plantas<\/h2>\n<p>Este inseticida \u00e9 um aliado indispens\u00e1vel para o cuidado das suas plantas de interior, roseiras, \u00e1rvores de fruto e culturas hort\u00edcolas. Garanta sa\u00fade e beleza ao seu jardim ou espa\u00e7o verde, independentemente do tipo de vegetal.<\/p>\n<h2>F\u00e1cil Aplica\u00e7\u00e3o e Resultados R\u00e1pidos<\/h2>\n<p>Gra\u00e7as \u00e0 sua f\u00f3rmula concentrada, o inseticida \u00e9 f\u00e1cil de aplicar, proporcionando prote\u00e7\u00e3o duradoura. Livre-se de pragas sem complica\u00e7\u00f5es e aproveite plantas saud\u00e1veis e produtivas com um \u00fanico produto multifuncional.<\/p>","protected":false},"featured_media":2113,"comment_status":"open","ping_status":"closed","template":"","meta":[],"product_brand":[],"product_cat":[32],"product_tag":[],"class_list":{"0":"post-2109","1":"product","2":"type-product","3":"status-publish","4":"has-post-thumbnail","6":"product_cat-horta-jardim","8":"first","9":"instock","10":"taxable","11":"shipping-taxable","12":"purchasable","13":"product-type-simple"},"yoast_head":"<!-- This site is optimized with the Yoast SEO plugin v27.1.1 - https:\/\/yoast.com\/product\/yoast-seo-wordpress\/ -->\n<title>Inseticida Polysect Hortas Ultra SL Polivalente 100ml - racoes e forragens castanheira<\/title>\n<meta name=\"robots\" content=\"index, follow, max-snippet:-1, max-image-preview:large, max-video-preview:-1\" \/>\n<link rel=\"canonical\" href=\"https:\/\/racoeseforragenscastanheira.com\/en\/produto\/inseticida-polysect-hortas-ultra-sl-polivalente-100ml\/\" \/>\n<meta property=\"og:locale\" content=\"en_GB\" \/>\n<meta property=\"og:type\" content=\"article\" \/>\n<meta property=\"og:title\" content=\"Inseticida Polysect Hortas Ultra SL Polivalente 100ml - racoes e forragens castanheira\" \/>\n<meta property=\"og:description\" content=\"Elimine Insetos de Forma Eficaz Descubra o inseticida de a\u00e7\u00e3o sist\u00e9mica concentrado que atua de maneira eficiente contra uma grande variedade de insetos. Com a sua f\u00f3rmula avan\u00e7ada, este produto \u00e9 a solu\u00e7\u00e3o ideal para proteger\u00a0 as suas plantas favoritas. Indicado para M\u00faltiplos Tipos de Plantas Este inseticida \u00e9 um aliado indispens\u00e1vel para o cuidado das suas plantas de interior, roseiras, \u00e1rvores de fruto e culturas hort\u00edcolas. Garanta sa\u00fade e beleza ao seu jardim ou espa\u00e7o verde, independentemente do tipo de vegetal. F\u00e1cil Aplica\u00e7\u00e3o e Resultados R\u00e1pidos Gra\u00e7as \u00e0 sua f\u00f3rmula concentrada, o inseticida \u00e9 f\u00e1cil de aplicar, proporcionando prote\u00e7\u00e3o duradoura. Livre-se de pragas sem complica\u00e7\u00f5es e aproveite plantas saud\u00e1veis e produtivas com um \u00fanico produto multifuncional.\" \/>\n<meta property=\"og:url\" content=\"https:\/\/racoeseforragenscastanheira.com\/en\/produto\/inseticida-polysect-hortas-ultra-sl-polivalente-100ml\/\" \/>\n<meta property=\"og:site_name\" content=\"racoes e forragens castanheira\" \/>\n<meta property=\"article:publisher\" content=\"https:\/\/www.facebook.com\/racoeseforragenscastanheira\" \/>\n<meta property=\"article:modified_time\" content=\"2026-03-27T17:16:42+00:00\" \/>\n<meta property=\"og:image\" content=\"https:\/\/racoeseforragenscastanheira.com\/wp-content\/uploads\/2026\/02\/Sem-Titulo-1.png\" \/>\n\t<meta property=\"og:image:width\" content=\"1280\" \/>\n\t<meta property=\"og:image:height\" content=\"1920\" \/>\n\t<meta property=\"og:image:type\" content=\"image\/png\" \/>\n<meta name=\"twitter:card\" content=\"summary_large_image\" \/>\n<meta name=\"twitter:label1\" content=\"Estimated reading time\" \/>\n\t<meta name=\"twitter:data1\" content=\"1 minute\" \/>\n<script type=\"application\/ld+json\" class=\"yoast-schema-graph\">{\"@context\":\"https:\/\/schema.org\",\"@graph\":[{\"@type\":\"WebPage\",\"@id\":\"https:\/\/racoeseforragenscastanheira.com\/produto\/inseticida-polysect-hortas-ultra-sl-polivalente-100ml\/\",\"url\":\"https:\/\/racoeseforragenscastanheira.com\/produto\/inseticida-polysect-hortas-ultra-sl-polivalente-100ml\/\",\"name\":\"Inseticida Polysect Hortas Ultra SL Polivalente 100ml - racoes e forragens castanheira\",\"isPartOf\":{\"@id\":\"https:\/\/racoeseforragenscastanheira.com\/#website\"},\"primaryImageOfPage\":{\"@id\":\"https:\/\/racoeseforragenscastanheira.com\/produto\/inseticida-polysect-hortas-ultra-sl-polivalente-100ml\/#primaryimage\"},\"image\":{\"@id\":\"https:\/\/racoeseforragenscastanheira.com\/produto\/inseticida-polysect-hortas-ultra-sl-polivalente-100ml\/#primaryimage\"},\"thumbnailUrl\":\"https:\/\/racoeseforragenscastanheira.com\/wp-content\/uploads\/2026\/02\/Sem-Titulo-1.png\",\"datePublished\":\"2026-02-21T10:15:30+00:00\",\"dateModified\":\"2026-03-27T17:16:42+00:00\",\"breadcrumb\":{\"@id\":\"https:\/\/racoeseforragenscastanheira.com\/produto\/inseticida-polysect-hortas-ultra-sl-polivalente-100ml\/#breadcrumb\"},\"inLanguage\":\"en-GB\",\"potentialAction\":[{\"@type\":\"ReadAction\",\"target\":[\"https:\/\/racoeseforragenscastanheira.com\/produto\/inseticida-polysect-hortas-ultra-sl-polivalente-100ml\/\"]}]},{\"@type\":\"ImageObject\",\"inLanguage\":\"en-GB\",\"@id\":\"https:\/\/racoeseforragenscastanheira.com\/produto\/inseticida-polysect-hortas-ultra-sl-polivalente-100ml\/#primaryimage\",\"url\":\"https:\/\/racoeseforragenscastanheira.com\/wp-content\/uploads\/2026\/02\/Sem-Titulo-1.png\",\"contentUrl\":\"https:\/\/racoeseforragenscastanheira.com\/wp-content\/uploads\/2026\/02\/Sem-Titulo-1.png\",\"width\":1280,\"height\":1920},{\"@type\":\"BreadcrumbList\",\"@id\":\"https:\/\/racoeseforragenscastanheira.com\/produto\/inseticida-polysect-hortas-ultra-sl-polivalente-100ml\/#breadcrumb\",\"itemListElement\":[{\"@type\":\"ListItem\",\"position\":1,\"name\":\"In\u00edcio\",\"item\":\"https:\/\/racoeseforragenscastanheira.com\/\"},{\"@type\":\"ListItem\",\"position\":2,\"name\":\"Shop\",\"item\":\"https:\/\/racoeseforragenscastanheira.com\/shop\/\"},{\"@type\":\"ListItem\",\"position\":3,\"name\":\"Inseticida Polysect Hortas Ultra SL Polivalente 100ml\"}]},{\"@type\":\"WebSite\",\"@id\":\"https:\/\/racoeseforragenscastanheira.com\/#website\",\"url\":\"https:\/\/racoeseforragenscastanheira.com\/\",\"name\":\"racoes e forragens castanheira\",\"description\":\"\",\"publisher\":{\"@id\":\"https:\/\/racoeseforragenscastanheira.com\/#organization\"},\"potentialAction\":[{\"@type\":\"SearchAction\",\"target\":{\"@type\":\"EntryPoint\",\"urlTemplate\":\"https:\/\/racoeseforragenscastanheira.com\/?s={search_term_string}\"},\"query-input\":{\"@type\":\"PropertyValueSpecification\",\"valueRequired\":true,\"valueName\":\"search_term_string\"}}],\"inLanguage\":\"en-GB\"},{\"@type\":\"Organization\",\"@id\":\"https:\/\/racoeseforragenscastanheira.com\/#organization\",\"name\":\"racoes e forragens castanheira\",\"url\":\"https:\/\/racoeseforragenscastanheira.com\/\",\"logo\":{\"@type\":\"ImageObject\",\"inLanguage\":\"en-GB\",\"@id\":\"https:\/\/racoeseforragenscastanheira.com\/#\/schema\/logo\/image\/\",\"url\":\"https:\/\/lightgoldenrodyellow-dugong-899059.hostingersite.com\/wp-content\/uploads\/2025\/01\/image003-e1726606072123.jpg\",\"contentUrl\":\"https:\/\/lightgoldenrodyellow-dugong-899059.hostingersite.com\/wp-content\/uploads\/2025\/01\/image003-e1726606072123.jpg\",\"width\":640,\"height\":405,\"caption\":\"racoes e forragens castanheira\"},\"image\":{\"@id\":\"https:\/\/racoeseforragenscastanheira.com\/#\/schema\/logo\/image\/\"},\"sameAs\":[\"https:\/\/www.facebook.com\/racoeseforragenscastanheira\",\"https:\/\/www.instagram.com\/racoes_e_forragens_castanheira\/\"]}]}<\/script>\n<!-- \/ Yoast SEO plugin. -->","yoast_head_json":{"title":"Inseticida Polysect Hortas Ultra SL Polivalente 100ml - racoes e forragens castanheira","robots":{"index":"index","follow":"follow","max-snippet":"max-snippet:-1","max-image-preview":"max-image-preview:large","max-video-preview":"max-video-preview:-1"},"canonical":"https:\/\/racoeseforragenscastanheira.com\/en\/produto\/inseticida-polysect-hortas-ultra-sl-polivalente-100ml\/","og_locale":"en_GB","og_type":"article","og_title":"Inseticida Polysect Hortas Ultra SL Polivalente 100ml - racoes e forragens castanheira","og_description":"Elimine Insetos de Forma Eficaz Descubra o inseticida de a\u00e7\u00e3o sist\u00e9mica concentrado que atua de maneira eficiente contra uma grande variedade de insetos. Com a sua f\u00f3rmula avan\u00e7ada, este produto \u00e9 a solu\u00e7\u00e3o ideal para proteger\u00a0 as suas plantas favoritas. Indicado para M\u00faltiplos Tipos de Plantas Este inseticida \u00e9 um aliado indispens\u00e1vel para o cuidado das suas plantas de interior, roseiras, \u00e1rvores de fruto e culturas hort\u00edcolas. Garanta sa\u00fade e beleza ao seu jardim ou espa\u00e7o verde, independentemente do tipo de vegetal. F\u00e1cil Aplica\u00e7\u00e3o e Resultados R\u00e1pidos Gra\u00e7as \u00e0 sua f\u00f3rmula concentrada, o inseticida \u00e9 f\u00e1cil de aplicar, proporcionando prote\u00e7\u00e3o duradoura. Livre-se de pragas sem complica\u00e7\u00f5es e aproveite plantas saud\u00e1veis e produtivas com um \u00fanico produto multifuncional.","og_url":"https:\/\/racoeseforragenscastanheira.com\/en\/produto\/inseticida-polysect-hortas-ultra-sl-polivalente-100ml\/","og_site_name":"racoes e forragens castanheira","article_publisher":"https:\/\/www.facebook.com\/racoeseforragenscastanheira","article_modified_time":"2026-03-27T17:16:42+00:00","og_image":[{"width":1280,"height":1920,"url":"https:\/\/racoeseforragenscastanheira.com\/wp-content\/uploads\/2026\/02\/Sem-Titulo-1.png","type":"image\/png"}],"twitter_card":"summary_large_image","twitter_misc":{"Estimated reading time":"1 minute"},"schema":{"@context":"https:\/\/schema.org","@graph":[{"@type":"WebPage","@id":"https:\/\/racoeseforragenscastanheira.com\/produto\/inseticida-polysect-hortas-ultra-sl-polivalente-100ml\/","url":"https:\/\/racoeseforragenscastanheira.com\/produto\/inseticida-polysect-hortas-ultra-sl-polivalente-100ml\/","name":"Inseticida Polysect Hortas Ultra SL Polivalente 100ml - racoes e forragens castanheira","isPartOf":{"@id":"https:\/\/racoeseforragenscastanheira.com\/#website"},"primaryImageOfPage":{"@id":"https:\/\/racoeseforragenscastanheira.com\/produto\/inseticida-polysect-hortas-ultra-sl-polivalente-100ml\/#primaryimage"},"image":{"@id":"https:\/\/racoeseforragenscastanheira.com\/produto\/inseticida-polysect-hortas-ultra-sl-polivalente-100ml\/#primaryimage"},"thumbnailUrl":"https:\/\/racoeseforragenscastanheira.com\/wp-content\/uploads\/2026\/02\/Sem-Titulo-1.png","datePublished":"2026-02-21T10:15:30+00:00","dateModified":"2026-03-27T17:16:42+00:00","breadcrumb":{"@id":"https:\/\/racoeseforragenscastanheira.com\/produto\/inseticida-polysect-hortas-ultra-sl-polivalente-100ml\/#breadcrumb"},"inLanguage":"en-GB","potentialAction":[{"@type":"ReadAction","target":["https:\/\/racoeseforragenscastanheira.com\/produto\/inseticida-polysect-hortas-ultra-sl-polivalente-100ml\/"]}]},{"@type":"ImageObject","inLanguage":"en-GB","@id":"https:\/\/racoeseforragenscastanheira.com\/produto\/inseticida-polysect-hortas-ultra-sl-polivalente-100ml\/#primaryimage","url":"https:\/\/racoeseforragenscastanheira.com\/wp-content\/uploads\/2026\/02\/Sem-Titulo-1.png","contentUrl":"https:\/\/racoeseforragenscastanheira.com\/wp-content\/uploads\/2026\/02\/Sem-Titulo-1.png","width":1280,"height":1920},{"@type":"BreadcrumbList","@id":"https:\/\/racoeseforragenscastanheira.com\/produto\/inseticida-polysect-hortas-ultra-sl-polivalente-100ml\/#breadcrumb","itemListElement":[{"@type":"ListItem","position":1,"name":"In\u00edcio","item":"https:\/\/racoeseforragenscastanheira.com\/"},{"@type":"ListItem","position":2,"name":"Shop","item":"https:\/\/racoeseforragenscastanheira.com\/shop\/"},{"@type":"ListItem","position":3,"name":"Inseticida Polysect Hortas Ultra SL Polivalente 100ml"}]},{"@type":"WebSite","@id":"https:\/\/racoeseforragenscastanheira.com\/#website","url":"https:\/\/racoeseforragenscastanheira.com\/","name":"racoes e forragens castanheira","description":"","publisher":{"@id":"https:\/\/racoeseforragenscastanheira.com\/#organization"},"potentialAction":[{"@type":"SearchAction","target":{"@type":"EntryPoint","urlTemplate":"https:\/\/racoeseforragenscastanheira.com\/?s={search_term_string}"},"query-input":{"@type":"PropertyValueSpecification","valueRequired":true,"valueName":"search_term_string"}}],"inLanguage":"en-GB"},{"@type":"Organization","@id":"https:\/\/racoeseforragenscastanheira.com\/#organization","name":"racoes e forragens castanheira","url":"https:\/\/racoeseforragenscastanheira.com\/","logo":{"@type":"ImageObject","inLanguage":"en-GB","@id":"https:\/\/racoeseforragenscastanheira.com\/#\/schema\/logo\/image\/","url":"https:\/\/lightgoldenrodyellow-dugong-899059.hostingersite.com\/wp-content\/uploads\/2025\/01\/image003-e1726606072123.jpg","contentUrl":"https:\/\/lightgoldenrodyellow-dugong-899059.hostingersite.com\/wp-content\/uploads\/2025\/01\/image003-e1726606072123.jpg","width":640,"height":405,"caption":"racoes e forragens castanheira"},"image":{"@id":"https:\/\/racoeseforragenscastanheira.com\/#\/schema\/logo\/image\/"},"sameAs":["https:\/\/www.facebook.com\/racoeseforragenscastanheira","https:\/\/www.instagram.com\/racoes_e_forragens_castanheira\/"]}]}},"_links":{"self":[{"href":"https:\/\/racoeseforragenscastanheira.com\/en\/wp-json\/wp\/v2\/product\/2109","targetHints":{"allow":["GET"]}}],"collection":[{"href":"https:\/\/racoeseforragenscastanheira.com\/en\/wp-json\/wp\/v2\/product"}],"about":[{"href":"https:\/\/racoeseforragenscastanheira.com\/en\/wp-json\/wp\/v2\/types\/product"}],"replies":[{"embeddable":true,"href":"https:\/\/racoeseforragenscastanheira.com\/en\/wp-json\/wp\/v2\/comments?post=2109"}],"wp:featuredmedia":[{"embeddable":true,"href":"https:\/\/racoeseforragenscastanheira.com\/en\/wp-json\/wp\/v2\/media\/2113"}],"wp:attachment":[{"href":"https:\/\/racoeseforragenscastanheira.com\/en\/wp-json\/wp\/v2\/media?parent=2109"}],"wp:term":[{"taxonomy":"product_brand","embeddable":true,"href":"https:\/\/racoeseforragenscastanheira.com\/en\/wp-json\/wp\/v2\/product_brand?post=2109"},{"taxonomy":"product_cat","embeddable":true,"href":"https:\/\/racoeseforragenscastanheira.com\/en\/wp-json\/wp\/v2\/product_cat?post=2109"},{"taxonomy":"product_tag","embeddable":true,"href":"https:\/\/racoeseforragenscastanheira.com\/en\/wp-json\/wp\/v2\/product_tag?post=2109"}],"curies":[{"name":"wp","href":"https:\/\/api.w.org\/{rel}","templated":true}]}}