{"id":2094,"date":"2026-01-23T12:17:14","date_gmt":"2026-01-23T12:17:14","guid":{"rendered":"https:\/\/racoeseforragenscastanheira.com\/?post_type=product&#038;p=2094"},"modified":"2026-01-23T12:17:24","modified_gmt":"2026-01-23T12:17:24","slug":"granulado-sepiolita-absorvente-20kg","status":"publish","type":"product","link":"https:\/\/racoeseforragenscastanheira.com\/en\/product\/granulado-sepiolita-absorvente-20kg\/","title":{"rendered":"GRANULADO SEPIOLITA ABSORVENTE 20KG"},"content":{"rendered":"<p data-start=\"323\" data-end=\"751\">O\u00a0<strong data-start=\"325\" data-end=\"362\">Granulado Absorvente 15\/30 (20Kg)<\/strong>\u00a0\u00e9 uma solu\u00e7\u00e3o indispens\u00e1vel para qualquer oficina, ind\u00fastria, armaz\u00e9m, posto de abastecimento ou espa\u00e7o onde exista risco de derrame de l\u00edquidos. Fabricado a partir de\u00a0<strong data-start=\"531\" data-end=\"557\">sepiolita 100% natural<\/strong>, este granulado \u00e9 altamente eficaz na absor\u00e7\u00e3o de \u00f3leos, combust\u00edveis, lubrificantes, \u00e1gua, solventes e diversos produtos qu\u00edmicos, deixando as superf\u00edcies limpas, seguras e totalmente secas.<\/p>\n<p data-start=\"753\" data-end=\"968\">Trata-se de um\u00a0<strong data-start=\"768\" data-end=\"795\">produto mineral natural<\/strong>, sem qualquer aditivo qu\u00edmico, totalmente\u00a0<strong data-start=\"838\" data-end=\"884\">inofensivo para pessoas, animais e plantas<\/strong>, sendo uma op\u00e7\u00e3o segura, ecol\u00f3gica e econ\u00f3mica para controlo e limpeza de derrames.<\/p>","protected":false},"excerpt":{"rendered":"<p data-start=\"323\" data-end=\"751\">O\u00a0<strong data-start=\"325\" data-end=\"362\">Granulado Absorvente 15\/30 (20Kg)<\/strong>\u00a0\u00e9 uma solu\u00e7\u00e3o indispens\u00e1vel para qualquer oficina, ind\u00fastria, armaz\u00e9m, posto de abastecimento ou espa\u00e7o onde exista risco de derrame de l\u00edquidos. Fabricado a partir de\u00a0<strong data-start=\"531\" data-end=\"557\">sepiolita 100% natural<\/strong>, este granulado \u00e9 altamente eficaz na absor\u00e7\u00e3o de \u00f3leos, combust\u00edveis, lubrificantes, \u00e1gua, solventes e diversos produtos qu\u00edmicos, deixando as superf\u00edcies limpas, seguras e totalmente secas.<\/p>\n<p data-start=\"753\" data-end=\"968\">Trata-se de um\u00a0<strong data-start=\"768\" data-end=\"795\">produto mineral natural<\/strong>, sem qualquer aditivo qu\u00edmico, totalmente\u00a0<strong data-start=\"838\" data-end=\"884\">inofensivo para pessoas, animais e plantas<\/strong>, sendo uma op\u00e7\u00e3o segura, ecol\u00f3gica e econ\u00f3mica para controlo e limpeza de derrames.<\/p>","protected":false},"featured_media":2095,"comment_status":"open","ping_status":"closed","template":"","meta":[],"product_brand":[],"product_cat":[35],"product_tag":[],"class_list":{"0":"post-2094","1":"product","2":"type-product","3":"status-publish","4":"has-post-thumbnail","6":"product_cat-ferramentas-utensilios","8":"first","9":"instock","10":"taxable","11":"shipping-taxable","12":"purchasable","13":"product-type-simple"},"yoast_head":"<!-- This site is optimized with the Yoast SEO plugin v27.5 - https:\/\/yoast.com\/product\/yoast-seo-wordpress\/ -->\n<title>GRANULADO SEPIOLITA ABSORVENTE 20KG - racoes e forragens castanheira<\/title>\n<meta name=\"robots\" content=\"index, follow, max-snippet:-1, max-image-preview:large, max-video-preview:-1\" \/>\n<link rel=\"canonical\" href=\"https:\/\/racoeseforragenscastanheira.com\/en\/product\/granulado-sepiolita-absorvente-20kg\/\" \/>\n<meta property=\"og:locale\" content=\"en_GB\" \/>\n<meta property=\"og:type\" content=\"article\" \/>\n<meta property=\"og:title\" content=\"GRANULADO SEPIOLITA ABSORVENTE 20KG - racoes e forragens castanheira\" \/>\n<meta property=\"og:description\" content=\"O\u00a0Granulado Absorvente 15\/30 (20Kg)\u00a0\u00e9 uma solu\u00e7\u00e3o indispens\u00e1vel para qualquer oficina, ind\u00fastria, armaz\u00e9m, posto de abastecimento ou espa\u00e7o onde exista risco de derrame de l\u00edquidos. Fabricado a partir de\u00a0sepiolita 100% natural, este granulado \u00e9 altamente eficaz na absor\u00e7\u00e3o de \u00f3leos, combust\u00edveis, lubrificantes, \u00e1gua, solventes e diversos produtos qu\u00edmicos, deixando as superf\u00edcies limpas, seguras e totalmente secas. Trata-se de um\u00a0produto mineral natural, sem qualquer aditivo qu\u00edmico, totalmente\u00a0inofensivo para pessoas, animais e plantas, sendo uma op\u00e7\u00e3o segura, ecol\u00f3gica e econ\u00f3mica para controlo e limpeza de derrames.\" \/>\n<meta property=\"og:url\" content=\"https:\/\/racoeseforragenscastanheira.com\/en\/product\/granulado-sepiolita-absorvente-20kg\/\" \/>\n<meta property=\"og:site_name\" content=\"racoes e forragens castanheira\" \/>\n<meta property=\"article:publisher\" content=\"https:\/\/www.facebook.com\/racoeseforragenscastanheira\" \/>\n<meta property=\"article:modified_time\" content=\"2026-01-23T12:17:24+00:00\" \/>\n<meta property=\"og:image\" content=\"https:\/\/racoeseforragenscastanheira.com\/wp-content\/uploads\/2026\/01\/Design-sem-nome-e1762812764593.png\" \/>\n\t<meta property=\"og:image:width\" content=\"1015\" \/>\n\t<meta property=\"og:image:height\" content=\"1015\" \/>\n\t<meta property=\"og:image:type\" content=\"image\/png\" \/>\n<meta name=\"twitter:card\" content=\"summary_large_image\" \/>\n<meta name=\"twitter:label1\" content=\"Estimated reading time\" \/>\n\t<meta name=\"twitter:data1\" content=\"1 minute\" \/>\n<script type=\"application\/ld+json\" class=\"yoast-schema-graph\">{\"@context\":\"https:\\\/\\\/schema.org\",\"@graph\":[{\"@type\":\"WebPage\",\"@id\":\"https:\\\/\\\/racoeseforragenscastanheira.com\\\/en\\\/product\\\/granulado-sepiolita-absorvente-20kg\\\/\",\"url\":\"https:\\\/\\\/racoeseforragenscastanheira.com\\\/en\\\/product\\\/granulado-sepiolita-absorvente-20kg\\\/\",\"name\":\"GRANULADO SEPIOLITA ABSORVENTE 20KG - racoes e forragens castanheira\",\"isPartOf\":{\"@id\":\"https:\\\/\\\/racoeseforragenscastanheira.com\\\/#website\"},\"primaryImageOfPage\":{\"@id\":\"https:\\\/\\\/racoeseforragenscastanheira.com\\\/en\\\/product\\\/granulado-sepiolita-absorvente-20kg\\\/#primaryimage\"},\"image\":{\"@id\":\"https:\\\/\\\/racoeseforragenscastanheira.com\\\/en\\\/product\\\/granulado-sepiolita-absorvente-20kg\\\/#primaryimage\"},\"thumbnailUrl\":\"https:\\\/\\\/racoeseforragenscastanheira.com\\\/wp-content\\\/uploads\\\/2026\\\/01\\\/Design-sem-nome-e1762812764593.png\",\"datePublished\":\"2026-01-23T12:17:14+00:00\",\"dateModified\":\"2026-01-23T12:17:24+00:00\",\"breadcrumb\":{\"@id\":\"https:\\\/\\\/racoeseforragenscastanheira.com\\\/en\\\/product\\\/granulado-sepiolita-absorvente-20kg\\\/#breadcrumb\"},\"inLanguage\":\"en-GB\",\"potentialAction\":[{\"@type\":\"ReadAction\",\"target\":[\"https:\\\/\\\/racoeseforragenscastanheira.com\\\/en\\\/product\\\/granulado-sepiolita-absorvente-20kg\\\/\"]}]},{\"@type\":\"ImageObject\",\"inLanguage\":\"en-GB\",\"@id\":\"https:\\\/\\\/racoeseforragenscastanheira.com\\\/en\\\/product\\\/granulado-sepiolita-absorvente-20kg\\\/#primaryimage\",\"url\":\"https:\\\/\\\/racoeseforragenscastanheira.com\\\/wp-content\\\/uploads\\\/2026\\\/01\\\/Design-sem-nome-e1762812764593.png\",\"contentUrl\":\"https:\\\/\\\/racoeseforragenscastanheira.com\\\/wp-content\\\/uploads\\\/2026\\\/01\\\/Design-sem-nome-e1762812764593.png\",\"width\":1015,\"height\":1015},{\"@type\":\"BreadcrumbList\",\"@id\":\"https:\\\/\\\/racoeseforragenscastanheira.com\\\/en\\\/product\\\/granulado-sepiolita-absorvente-20kg\\\/#breadcrumb\",\"itemListElement\":[{\"@type\":\"ListItem\",\"position\":1,\"name\":\"In\u00edcio\",\"item\":\"https:\\\/\\\/racoeseforragenscastanheira.com\\\/\"},{\"@type\":\"ListItem\",\"position\":2,\"name\":\"Shop\",\"item\":\"https:\\\/\\\/racoeseforragenscastanheira.com\\\/shop\\\/\"},{\"@type\":\"ListItem\",\"position\":3,\"name\":\"GRANULADO SEPIOLITA ABSORVENTE 20KG\"}]},{\"@type\":\"WebSite\",\"@id\":\"https:\\\/\\\/racoeseforragenscastanheira.com\\\/#website\",\"url\":\"https:\\\/\\\/racoeseforragenscastanheira.com\\\/\",\"name\":\"racoes e forragens castanheira\",\"description\":\"\",\"publisher\":{\"@id\":\"https:\\\/\\\/racoeseforragenscastanheira.com\\\/#organization\"},\"potentialAction\":[{\"@type\":\"SearchAction\",\"target\":{\"@type\":\"EntryPoint\",\"urlTemplate\":\"https:\\\/\\\/racoeseforragenscastanheira.com\\\/?s={search_term_string}\"},\"query-input\":{\"@type\":\"PropertyValueSpecification\",\"valueRequired\":true,\"valueName\":\"search_term_string\"}}],\"inLanguage\":\"en-GB\"},{\"@type\":\"Organization\",\"@id\":\"https:\\\/\\\/racoeseforragenscastanheira.com\\\/#organization\",\"name\":\"racoes e forragens castanheira\",\"url\":\"https:\\\/\\\/racoeseforragenscastanheira.com\\\/\",\"logo\":{\"@type\":\"ImageObject\",\"inLanguage\":\"en-GB\",\"@id\":\"https:\\\/\\\/racoeseforragenscastanheira.com\\\/#\\\/schema\\\/logo\\\/image\\\/\",\"url\":\"https:\\\/\\\/lightgoldenrodyellow-dugong-899059.hostingersite.com\\\/wp-content\\\/uploads\\\/2025\\\/01\\\/image003-e1726606072123.jpg\",\"contentUrl\":\"https:\\\/\\\/lightgoldenrodyellow-dugong-899059.hostingersite.com\\\/wp-content\\\/uploads\\\/2025\\\/01\\\/image003-e1726606072123.jpg\",\"width\":640,\"height\":405,\"caption\":\"racoes e forragens castanheira\"},\"image\":{\"@id\":\"https:\\\/\\\/racoeseforragenscastanheira.com\\\/#\\\/schema\\\/logo\\\/image\\\/\"},\"sameAs\":[\"https:\\\/\\\/www.facebook.com\\\/racoeseforragenscastanheira\",\"https:\\\/\\\/www.instagram.com\\\/racoes_e_forragens_castanheira\\\/\"]}]}<\/script>\n<!-- \/ Yoast SEO plugin. -->","yoast_head_json":{"title":"GRANULADO SEPIOLITA ABSORVENTE 20KG - racoes e forragens castanheira","robots":{"index":"index","follow":"follow","max-snippet":"max-snippet:-1","max-image-preview":"max-image-preview:large","max-video-preview":"max-video-preview:-1"},"canonical":"https:\/\/racoeseforragenscastanheira.com\/en\/product\/granulado-sepiolita-absorvente-20kg\/","og_locale":"en_GB","og_type":"article","og_title":"GRANULADO SEPIOLITA ABSORVENTE 20KG - racoes e forragens castanheira","og_description":"O\u00a0Granulado Absorvente 15\/30 (20Kg)\u00a0\u00e9 uma solu\u00e7\u00e3o indispens\u00e1vel para qualquer oficina, ind\u00fastria, armaz\u00e9m, posto de abastecimento ou espa\u00e7o onde exista risco de derrame de l\u00edquidos. Fabricado a partir de\u00a0sepiolita 100% natural, este granulado \u00e9 altamente eficaz na absor\u00e7\u00e3o de \u00f3leos, combust\u00edveis, lubrificantes, \u00e1gua, solventes e diversos produtos qu\u00edmicos, deixando as superf\u00edcies limpas, seguras e totalmente secas. Trata-se de um\u00a0produto mineral natural, sem qualquer aditivo qu\u00edmico, totalmente\u00a0inofensivo para pessoas, animais e plantas, sendo uma op\u00e7\u00e3o segura, ecol\u00f3gica e econ\u00f3mica para controlo e limpeza de derrames.","og_url":"https:\/\/racoeseforragenscastanheira.com\/en\/product\/granulado-sepiolita-absorvente-20kg\/","og_site_name":"racoes e forragens castanheira","article_publisher":"https:\/\/www.facebook.com\/racoeseforragenscastanheira","article_modified_time":"2026-01-23T12:17:24+00:00","og_image":[{"width":1015,"height":1015,"url":"https:\/\/racoeseforragenscastanheira.com\/wp-content\/uploads\/2026\/01\/Design-sem-nome-e1762812764593.png","type":"image\/png"}],"twitter_card":"summary_large_image","twitter_misc":{"Estimated reading time":"1 minute"},"schema":{"@context":"https:\/\/schema.org","@graph":[{"@type":"WebPage","@id":"https:\/\/racoeseforragenscastanheira.com\/en\/product\/granulado-sepiolita-absorvente-20kg\/","url":"https:\/\/racoeseforragenscastanheira.com\/en\/product\/granulado-sepiolita-absorvente-20kg\/","name":"GRANULADO SEPIOLITA ABSORVENTE 20KG - racoes e forragens castanheira","isPartOf":{"@id":"https:\/\/racoeseforragenscastanheira.com\/#website"},"primaryImageOfPage":{"@id":"https:\/\/racoeseforragenscastanheira.com\/en\/product\/granulado-sepiolita-absorvente-20kg\/#primaryimage"},"image":{"@id":"https:\/\/racoeseforragenscastanheira.com\/en\/product\/granulado-sepiolita-absorvente-20kg\/#primaryimage"},"thumbnailUrl":"https:\/\/racoeseforragenscastanheira.com\/wp-content\/uploads\/2026\/01\/Design-sem-nome-e1762812764593.png","datePublished":"2026-01-23T12:17:14+00:00","dateModified":"2026-01-23T12:17:24+00:00","breadcrumb":{"@id":"https:\/\/racoeseforragenscastanheira.com\/en\/product\/granulado-sepiolita-absorvente-20kg\/#breadcrumb"},"inLanguage":"en-GB","potentialAction":[{"@type":"ReadAction","target":["https:\/\/racoeseforragenscastanheira.com\/en\/product\/granulado-sepiolita-absorvente-20kg\/"]}]},{"@type":"ImageObject","inLanguage":"en-GB","@id":"https:\/\/racoeseforragenscastanheira.com\/en\/product\/granulado-sepiolita-absorvente-20kg\/#primaryimage","url":"https:\/\/racoeseforragenscastanheira.com\/wp-content\/uploads\/2026\/01\/Design-sem-nome-e1762812764593.png","contentUrl":"https:\/\/racoeseforragenscastanheira.com\/wp-content\/uploads\/2026\/01\/Design-sem-nome-e1762812764593.png","width":1015,"height":1015},{"@type":"BreadcrumbList","@id":"https:\/\/racoeseforragenscastanheira.com\/en\/product\/granulado-sepiolita-absorvente-20kg\/#breadcrumb","itemListElement":[{"@type":"ListItem","position":1,"name":"In\u00edcio","item":"https:\/\/racoeseforragenscastanheira.com\/"},{"@type":"ListItem","position":2,"name":"Shop","item":"https:\/\/racoeseforragenscastanheira.com\/shop\/"},{"@type":"ListItem","position":3,"name":"GRANULADO SEPIOLITA ABSORVENTE 20KG"}]},{"@type":"WebSite","@id":"https:\/\/racoeseforragenscastanheira.com\/#website","url":"https:\/\/racoeseforragenscastanheira.com\/","name":"racoes e forragens castanheira","description":"","publisher":{"@id":"https:\/\/racoeseforragenscastanheira.com\/#organization"},"potentialAction":[{"@type":"SearchAction","target":{"@type":"EntryPoint","urlTemplate":"https:\/\/racoeseforragenscastanheira.com\/?s={search_term_string}"},"query-input":{"@type":"PropertyValueSpecification","valueRequired":true,"valueName":"search_term_string"}}],"inLanguage":"en-GB"},{"@type":"Organization","@id":"https:\/\/racoeseforragenscastanheira.com\/#organization","name":"racoes e forragens castanheira","url":"https:\/\/racoeseforragenscastanheira.com\/","logo":{"@type":"ImageObject","inLanguage":"en-GB","@id":"https:\/\/racoeseforragenscastanheira.com\/#\/schema\/logo\/image\/","url":"https:\/\/lightgoldenrodyellow-dugong-899059.hostingersite.com\/wp-content\/uploads\/2025\/01\/image003-e1726606072123.jpg","contentUrl":"https:\/\/lightgoldenrodyellow-dugong-899059.hostingersite.com\/wp-content\/uploads\/2025\/01\/image003-e1726606072123.jpg","width":640,"height":405,"caption":"racoes e forragens castanheira"},"image":{"@id":"https:\/\/racoeseforragenscastanheira.com\/#\/schema\/logo\/image\/"},"sameAs":["https:\/\/www.facebook.com\/racoeseforragenscastanheira","https:\/\/www.instagram.com\/racoes_e_forragens_castanheira\/"]}]}},"_links":{"self":[{"href":"https:\/\/racoeseforragenscastanheira.com\/en\/wp-json\/wp\/v2\/product\/2094","targetHints":{"allow":["GET"]}}],"collection":[{"href":"https:\/\/racoeseforragenscastanheira.com\/en\/wp-json\/wp\/v2\/product"}],"about":[{"href":"https:\/\/racoeseforragenscastanheira.com\/en\/wp-json\/wp\/v2\/types\/product"}],"replies":[{"embeddable":true,"href":"https:\/\/racoeseforragenscastanheira.com\/en\/wp-json\/wp\/v2\/comments?post=2094"}],"wp:featuredmedia":[{"embeddable":true,"href":"https:\/\/racoeseforragenscastanheira.com\/en\/wp-json\/wp\/v2\/media\/2095"}],"wp:attachment":[{"href":"https:\/\/racoeseforragenscastanheira.com\/en\/wp-json\/wp\/v2\/media?parent=2094"}],"wp:term":[{"taxonomy":"product_brand","embeddable":true,"href":"https:\/\/racoeseforragenscastanheira.com\/en\/wp-json\/wp\/v2\/product_brand?post=2094"},{"taxonomy":"product_cat","embeddable":true,"href":"https:\/\/racoeseforragenscastanheira.com\/en\/wp-json\/wp\/v2\/product_cat?post=2094"},{"taxonomy":"product_tag","embeddable":true,"href":"https:\/\/racoeseforragenscastanheira.com\/en\/wp-json\/wp\/v2\/product_tag?post=2094"}],"curies":[{"name":"wp","href":"https:\/\/api.w.org\/{rel}","templated":true}]}}