{"id":2079,"date":"2026-01-08T16:46:55","date_gmt":"2026-01-08T16:46:55","guid":{"rendered":"https:\/\/racoeseforragenscastanheira.com\/?post_type=product&#038;p=2079"},"modified":"2026-02-05T10:24:19","modified_gmt":"2026-02-05T10:24:19","slug":"effivet-skin-wound-250-ml","status":"publish","type":"product","link":"https:\/\/racoeseforragenscastanheira.com\/en\/product\/effivet-skin-wound-250-ml\/","title":{"rendered":"Effivet Skin &#038; Wound 250 mL"},"content":{"rendered":"","protected":false},"excerpt":{"rendered":"<p>Effivet Skin &amp; Wound \u00e9 um l\u00edquido para tratamento de feridas, coadjuvante de a\u00e7\u00e3o de tratamento de feridas traum\u00e1ticas, cortes, abras\u00f5es, irrita\u00e7\u00f5es de pele, queimaduras, arranh\u00f5es e cuidado das \u00e1reas p\u00f3s-cir\u00fargicas. Indicado na limpeza e remo\u00e7\u00e3o das principais causas de irrita\u00e7\u00e3o e infe\u00e7\u00e3o da pele. Aumenta o fluxo sangu\u00edneo para a zona da ferida e elimina 99.9%das bact\u00e9rias, v\u00edrus e fungos, reduzindo a inflama\u00e7\u00e3o e eliminando o odor. Potente anti-microbiano com \u00e1cido hipocloroso, mais concentrado, com pH neutro e muito seguro na sua utiliza\u00e7\u00e3o. Elimina por contacto bact\u00e9rias, fungos e v\u00edrus, e acelera a cicatriza\u00e7\u00e3o de feridas. N\u00e3o arde nem irrita a ferida e ajuda a restaurar o pH normal. A f\u00f3rmula antimicrobiana ajuda a combater bact\u00e9rias, fungos e v\u00edrus. N\u00e3o tem \u00e1lcool e \u00e9 adequado desde o nascimento. O spray est\u00e1 pronto a usar, n\u00e3o necessitando de ser misturado ou dilu\u00eddo. Tem efeito antibacteriano, antif\u00fangico e antiviral.<br \/>\nIndicado para caninos, felinos, equinos, bovinos, caprinos, ovinos, su\u00ednos e animais ex\u00f3ticos.<\/p>","protected":false},"featured_media":2080,"comment_status":"open","ping_status":"closed","template":"","meta":[],"product_brand":[],"product_cat":[27],"product_tag":[],"class_list":{"0":"post-2079","1":"product","2":"type-product","3":"status-publish","4":"has-post-thumbnail","6":"product_cat-veterinaria","8":"first","9":"instock","10":"taxable","11":"shipping-taxable","12":"purchasable","13":"product-type-simple"},"yoast_head":"<!-- This site is optimized with the Yoast SEO plugin v27.5 - https:\/\/yoast.com\/product\/yoast-seo-wordpress\/ -->\n<title>Effivet Skin &amp; Wound 250 mL - racoes e forragens castanheira<\/title>\n<meta name=\"robots\" content=\"index, follow, max-snippet:-1, max-image-preview:large, max-video-preview:-1\" \/>\n<link rel=\"canonical\" href=\"https:\/\/racoeseforragenscastanheira.com\/en\/product\/effivet-skin-wound-250-ml\/\" \/>\n<meta property=\"og:locale\" content=\"en_GB\" \/>\n<meta property=\"og:type\" content=\"article\" \/>\n<meta property=\"og:title\" content=\"Effivet Skin &amp; Wound 250 mL - racoes e forragens castanheira\" \/>\n<meta property=\"og:description\" content=\"Effivet Skin &amp; Wound \u00e9 um l\u00edquido para tratamento de feridas, coadjuvante de a\u00e7\u00e3o de tratamento de feridas traum\u00e1ticas, cortes, abras\u00f5es, irrita\u00e7\u00f5es de pele, queimaduras, arranh\u00f5es e cuidado das \u00e1reas p\u00f3s-cir\u00fargicas. Indicado na limpeza e remo\u00e7\u00e3o das principais causas de irrita\u00e7\u00e3o e infe\u00e7\u00e3o da pele. Aumenta o fluxo sangu\u00edneo para a zona da ferida e elimina 99.9%das bact\u00e9rias, v\u00edrus e fungos, reduzindo a inflama\u00e7\u00e3o e eliminando o odor. Potente anti-microbiano com \u00e1cido hipocloroso, mais concentrado, com pH neutro e muito seguro na sua utiliza\u00e7\u00e3o. Elimina por contacto bact\u00e9rias, fungos e v\u00edrus, e acelera a cicatriza\u00e7\u00e3o de feridas. N\u00e3o arde nem irrita a ferida e ajuda a restaurar o pH normal. A f\u00f3rmula antimicrobiana ajuda a combater bact\u00e9rias, fungos e v\u00edrus. N\u00e3o tem \u00e1lcool e \u00e9 adequado desde o nascimento. O spray est\u00e1 pronto a usar, n\u00e3o necessitando de ser misturado ou dilu\u00eddo. Tem efeito antibacteriano, antif\u00fangico e antiviral. Indicado para caninos, felinos, equinos, bovinos, caprinos, ovinos, su\u00ednos e animais ex\u00f3ticos.\" \/>\n<meta property=\"og:url\" content=\"https:\/\/racoeseforragenscastanheira.com\/en\/product\/effivet-skin-wound-250-ml\/\" \/>\n<meta property=\"og:site_name\" content=\"racoes e forragens castanheira\" \/>\n<meta property=\"article:publisher\" content=\"https:\/\/www.facebook.com\/racoeseforragenscastanheira\" \/>\n<meta property=\"article:modified_time\" content=\"2026-02-05T10:24:19+00:00\" \/>\n<meta property=\"og:image\" content=\"https:\/\/racoeseforragenscastanheira.com\/wp-content\/uploads\/2026\/01\/6347260.png\" \/>\n\t<meta property=\"og:image:width\" content=\"1080\" \/>\n\t<meta property=\"og:image:height\" content=\"1080\" \/>\n\t<meta property=\"og:image:type\" content=\"image\/png\" \/>\n<meta name=\"twitter:card\" content=\"summary_large_image\" \/>\n<meta name=\"twitter:label1\" content=\"Estimated reading time\" \/>\n\t<meta name=\"twitter:data1\" content=\"1 minute\" \/>\n<script type=\"application\/ld+json\" class=\"yoast-schema-graph\">{\"@context\":\"https:\\\/\\\/schema.org\",\"@graph\":[{\"@type\":\"WebPage\",\"@id\":\"https:\\\/\\\/racoeseforragenscastanheira.com\\\/produto\\\/effivet-skin-wound-250-ml\\\/\",\"url\":\"https:\\\/\\\/racoeseforragenscastanheira.com\\\/produto\\\/effivet-skin-wound-250-ml\\\/\",\"name\":\"Effivet Skin & Wound 250 mL - racoes e forragens castanheira\",\"isPartOf\":{\"@id\":\"https:\\\/\\\/racoeseforragenscastanheira.com\\\/#website\"},\"primaryImageOfPage\":{\"@id\":\"https:\\\/\\\/racoeseforragenscastanheira.com\\\/produto\\\/effivet-skin-wound-250-ml\\\/#primaryimage\"},\"image\":{\"@id\":\"https:\\\/\\\/racoeseforragenscastanheira.com\\\/produto\\\/effivet-skin-wound-250-ml\\\/#primaryimage\"},\"thumbnailUrl\":\"https:\\\/\\\/racoeseforragenscastanheira.com\\\/wp-content\\\/uploads\\\/2026\\\/01\\\/6347260.png\",\"datePublished\":\"2026-01-08T16:46:55+00:00\",\"dateModified\":\"2026-02-05T10:24:19+00:00\",\"breadcrumb\":{\"@id\":\"https:\\\/\\\/racoeseforragenscastanheira.com\\\/produto\\\/effivet-skin-wound-250-ml\\\/#breadcrumb\"},\"inLanguage\":\"en-GB\",\"potentialAction\":[{\"@type\":\"ReadAction\",\"target\":[\"https:\\\/\\\/racoeseforragenscastanheira.com\\\/produto\\\/effivet-skin-wound-250-ml\\\/\"]}]},{\"@type\":\"ImageObject\",\"inLanguage\":\"en-GB\",\"@id\":\"https:\\\/\\\/racoeseforragenscastanheira.com\\\/produto\\\/effivet-skin-wound-250-ml\\\/#primaryimage\",\"url\":\"https:\\\/\\\/racoeseforragenscastanheira.com\\\/wp-content\\\/uploads\\\/2026\\\/01\\\/6347260.png\",\"contentUrl\":\"https:\\\/\\\/racoeseforragenscastanheira.com\\\/wp-content\\\/uploads\\\/2026\\\/01\\\/6347260.png\",\"width\":1080,\"height\":1080},{\"@type\":\"BreadcrumbList\",\"@id\":\"https:\\\/\\\/racoeseforragenscastanheira.com\\\/produto\\\/effivet-skin-wound-250-ml\\\/#breadcrumb\",\"itemListElement\":[{\"@type\":\"ListItem\",\"position\":1,\"name\":\"In\u00edcio\",\"item\":\"https:\\\/\\\/racoeseforragenscastanheira.com\\\/\"},{\"@type\":\"ListItem\",\"position\":2,\"name\":\"Shop\",\"item\":\"https:\\\/\\\/racoeseforragenscastanheira.com\\\/shop\\\/\"},{\"@type\":\"ListItem\",\"position\":3,\"name\":\"Effivet Skin &#038; Wound 250 mL\"}]},{\"@type\":\"WebSite\",\"@id\":\"https:\\\/\\\/racoeseforragenscastanheira.com\\\/#website\",\"url\":\"https:\\\/\\\/racoeseforragenscastanheira.com\\\/\",\"name\":\"racoes e forragens castanheira\",\"description\":\"\",\"publisher\":{\"@id\":\"https:\\\/\\\/racoeseforragenscastanheira.com\\\/#organization\"},\"potentialAction\":[{\"@type\":\"SearchAction\",\"target\":{\"@type\":\"EntryPoint\",\"urlTemplate\":\"https:\\\/\\\/racoeseforragenscastanheira.com\\\/?s={search_term_string}\"},\"query-input\":{\"@type\":\"PropertyValueSpecification\",\"valueRequired\":true,\"valueName\":\"search_term_string\"}}],\"inLanguage\":\"en-GB\"},{\"@type\":\"Organization\",\"@id\":\"https:\\\/\\\/racoeseforragenscastanheira.com\\\/#organization\",\"name\":\"racoes e forragens castanheira\",\"url\":\"https:\\\/\\\/racoeseforragenscastanheira.com\\\/\",\"logo\":{\"@type\":\"ImageObject\",\"inLanguage\":\"en-GB\",\"@id\":\"https:\\\/\\\/racoeseforragenscastanheira.com\\\/#\\\/schema\\\/logo\\\/image\\\/\",\"url\":\"https:\\\/\\\/lightgoldenrodyellow-dugong-899059.hostingersite.com\\\/wp-content\\\/uploads\\\/2025\\\/01\\\/image003-e1726606072123.jpg\",\"contentUrl\":\"https:\\\/\\\/lightgoldenrodyellow-dugong-899059.hostingersite.com\\\/wp-content\\\/uploads\\\/2025\\\/01\\\/image003-e1726606072123.jpg\",\"width\":640,\"height\":405,\"caption\":\"racoes e forragens castanheira\"},\"image\":{\"@id\":\"https:\\\/\\\/racoeseforragenscastanheira.com\\\/#\\\/schema\\\/logo\\\/image\\\/\"},\"sameAs\":[\"https:\\\/\\\/www.facebook.com\\\/racoeseforragenscastanheira\",\"https:\\\/\\\/www.instagram.com\\\/racoes_e_forragens_castanheira\\\/\"]}]}<\/script>\n<!-- \/ Yoast SEO plugin. -->","yoast_head_json":{"title":"Effivet Skin & Wound 250 mL - racoes e forragens castanheira","robots":{"index":"index","follow":"follow","max-snippet":"max-snippet:-1","max-image-preview":"max-image-preview:large","max-video-preview":"max-video-preview:-1"},"canonical":"https:\/\/racoeseforragenscastanheira.com\/en\/product\/effivet-skin-wound-250-ml\/","og_locale":"en_GB","og_type":"article","og_title":"Effivet Skin & Wound 250 mL - racoes e forragens castanheira","og_description":"Effivet Skin &amp; Wound \u00e9 um l\u00edquido para tratamento de feridas, coadjuvante de a\u00e7\u00e3o de tratamento de feridas traum\u00e1ticas, cortes, abras\u00f5es, irrita\u00e7\u00f5es de pele, queimaduras, arranh\u00f5es e cuidado das \u00e1reas p\u00f3s-cir\u00fargicas. Indicado na limpeza e remo\u00e7\u00e3o das principais causas de irrita\u00e7\u00e3o e infe\u00e7\u00e3o da pele. Aumenta o fluxo sangu\u00edneo para a zona da ferida e elimina 99.9%das bact\u00e9rias, v\u00edrus e fungos, reduzindo a inflama\u00e7\u00e3o e eliminando o odor. Potente anti-microbiano com \u00e1cido hipocloroso, mais concentrado, com pH neutro e muito seguro na sua utiliza\u00e7\u00e3o. Elimina por contacto bact\u00e9rias, fungos e v\u00edrus, e acelera a cicatriza\u00e7\u00e3o de feridas. N\u00e3o arde nem irrita a ferida e ajuda a restaurar o pH normal. A f\u00f3rmula antimicrobiana ajuda a combater bact\u00e9rias, fungos e v\u00edrus. N\u00e3o tem \u00e1lcool e \u00e9 adequado desde o nascimento. O spray est\u00e1 pronto a usar, n\u00e3o necessitando de ser misturado ou dilu\u00eddo. Tem efeito antibacteriano, antif\u00fangico e antiviral. Indicado para caninos, felinos, equinos, bovinos, caprinos, ovinos, su\u00ednos e animais ex\u00f3ticos.","og_url":"https:\/\/racoeseforragenscastanheira.com\/en\/product\/effivet-skin-wound-250-ml\/","og_site_name":"racoes e forragens castanheira","article_publisher":"https:\/\/www.facebook.com\/racoeseforragenscastanheira","article_modified_time":"2026-02-05T10:24:19+00:00","og_image":[{"width":1080,"height":1080,"url":"https:\/\/racoeseforragenscastanheira.com\/wp-content\/uploads\/2026\/01\/6347260.png","type":"image\/png"}],"twitter_card":"summary_large_image","twitter_misc":{"Estimated reading time":"1 minute"},"schema":{"@context":"https:\/\/schema.org","@graph":[{"@type":"WebPage","@id":"https:\/\/racoeseforragenscastanheira.com\/produto\/effivet-skin-wound-250-ml\/","url":"https:\/\/racoeseforragenscastanheira.com\/produto\/effivet-skin-wound-250-ml\/","name":"Effivet Skin & Wound 250 mL - racoes e forragens castanheira","isPartOf":{"@id":"https:\/\/racoeseforragenscastanheira.com\/#website"},"primaryImageOfPage":{"@id":"https:\/\/racoeseforragenscastanheira.com\/produto\/effivet-skin-wound-250-ml\/#primaryimage"},"image":{"@id":"https:\/\/racoeseforragenscastanheira.com\/produto\/effivet-skin-wound-250-ml\/#primaryimage"},"thumbnailUrl":"https:\/\/racoeseforragenscastanheira.com\/wp-content\/uploads\/2026\/01\/6347260.png","datePublished":"2026-01-08T16:46:55+00:00","dateModified":"2026-02-05T10:24:19+00:00","breadcrumb":{"@id":"https:\/\/racoeseforragenscastanheira.com\/produto\/effivet-skin-wound-250-ml\/#breadcrumb"},"inLanguage":"en-GB","potentialAction":[{"@type":"ReadAction","target":["https:\/\/racoeseforragenscastanheira.com\/produto\/effivet-skin-wound-250-ml\/"]}]},{"@type":"ImageObject","inLanguage":"en-GB","@id":"https:\/\/racoeseforragenscastanheira.com\/produto\/effivet-skin-wound-250-ml\/#primaryimage","url":"https:\/\/racoeseforragenscastanheira.com\/wp-content\/uploads\/2026\/01\/6347260.png","contentUrl":"https:\/\/racoeseforragenscastanheira.com\/wp-content\/uploads\/2026\/01\/6347260.png","width":1080,"height":1080},{"@type":"BreadcrumbList","@id":"https:\/\/racoeseforragenscastanheira.com\/produto\/effivet-skin-wound-250-ml\/#breadcrumb","itemListElement":[{"@type":"ListItem","position":1,"name":"In\u00edcio","item":"https:\/\/racoeseforragenscastanheira.com\/"},{"@type":"ListItem","position":2,"name":"Shop","item":"https:\/\/racoeseforragenscastanheira.com\/shop\/"},{"@type":"ListItem","position":3,"name":"Effivet Skin &#038; Wound 250 mL"}]},{"@type":"WebSite","@id":"https:\/\/racoeseforragenscastanheira.com\/#website","url":"https:\/\/racoeseforragenscastanheira.com\/","name":"racoes e forragens castanheira","description":"","publisher":{"@id":"https:\/\/racoeseforragenscastanheira.com\/#organization"},"potentialAction":[{"@type":"SearchAction","target":{"@type":"EntryPoint","urlTemplate":"https:\/\/racoeseforragenscastanheira.com\/?s={search_term_string}"},"query-input":{"@type":"PropertyValueSpecification","valueRequired":true,"valueName":"search_term_string"}}],"inLanguage":"en-GB"},{"@type":"Organization","@id":"https:\/\/racoeseforragenscastanheira.com\/#organization","name":"racoes e forragens castanheira","url":"https:\/\/racoeseforragenscastanheira.com\/","logo":{"@type":"ImageObject","inLanguage":"en-GB","@id":"https:\/\/racoeseforragenscastanheira.com\/#\/schema\/logo\/image\/","url":"https:\/\/lightgoldenrodyellow-dugong-899059.hostingersite.com\/wp-content\/uploads\/2025\/01\/image003-e1726606072123.jpg","contentUrl":"https:\/\/lightgoldenrodyellow-dugong-899059.hostingersite.com\/wp-content\/uploads\/2025\/01\/image003-e1726606072123.jpg","width":640,"height":405,"caption":"racoes e forragens castanheira"},"image":{"@id":"https:\/\/racoeseforragenscastanheira.com\/#\/schema\/logo\/image\/"},"sameAs":["https:\/\/www.facebook.com\/racoeseforragenscastanheira","https:\/\/www.instagram.com\/racoes_e_forragens_castanheira\/"]}]}},"_links":{"self":[{"href":"https:\/\/racoeseforragenscastanheira.com\/en\/wp-json\/wp\/v2\/product\/2079","targetHints":{"allow":["GET"]}}],"collection":[{"href":"https:\/\/racoeseforragenscastanheira.com\/en\/wp-json\/wp\/v2\/product"}],"about":[{"href":"https:\/\/racoeseforragenscastanheira.com\/en\/wp-json\/wp\/v2\/types\/product"}],"replies":[{"embeddable":true,"href":"https:\/\/racoeseforragenscastanheira.com\/en\/wp-json\/wp\/v2\/comments?post=2079"}],"wp:featuredmedia":[{"embeddable":true,"href":"https:\/\/racoeseforragenscastanheira.com\/en\/wp-json\/wp\/v2\/media\/2080"}],"wp:attachment":[{"href":"https:\/\/racoeseforragenscastanheira.com\/en\/wp-json\/wp\/v2\/media?parent=2079"}],"wp:term":[{"taxonomy":"product_brand","embeddable":true,"href":"https:\/\/racoeseforragenscastanheira.com\/en\/wp-json\/wp\/v2\/product_brand?post=2079"},{"taxonomy":"product_cat","embeddable":true,"href":"https:\/\/racoeseforragenscastanheira.com\/en\/wp-json\/wp\/v2\/product_cat?post=2079"},{"taxonomy":"product_tag","embeddable":true,"href":"https:\/\/racoeseforragenscastanheira.com\/en\/wp-json\/wp\/v2\/product_tag?post=2079"}],"curies":[{"name":"wp","href":"https:\/\/api.w.org\/{rel}","templated":true}]}}