{"id":2025,"date":"2025-10-01T11:28:43","date_gmt":"2025-10-01T11:28:43","guid":{"rendered":"https:\/\/racoeseforragenscastanheira.com\/?post_type=product&#038;p=2025"},"modified":"2026-05-05T15:33:31","modified_gmt":"2026-05-05T15:33:31","slug":"azeite-virgem-extra-biologico-5lt","status":"publish","type":"product","link":"https:\/\/racoeseforragenscastanheira.com\/en\/product\/azeite-virgem-extra-biologico-5lt\/","title":{"rendered":"AZEITE VIRGEM EXTRA BIOL\u00d3GICO 5LT"},"content":{"rendered":"<h2>Uma escolha saud\u00e1vel e sustent\u00e1vel para o seu dia a dia<\/h2>\n<p>O Azeite Virgem Extra 5 Litros (garraf\u00e3o) Biol\u00f3gico &#8211; Candeio, proveniente da regi\u00e3o de Castelo Branco na Beira Baixa, n\u00e3o \u00e9 apenas um azeite; \u00e9 um compromisso com a natureza e com a sa\u00fade. Este azeite combina a qualidade premium com uma produ\u00e7\u00e3o inteiramente biol\u00f3gica, garantindo que cada gota seja rica em sabor e nutrientes. Com acidez excepcionalmente baixa, \u00e9 perfeito para quem busca um produto de alta qualidade, que respeita o meio ambiente.<\/p>\n<h2>Produ\u00e7\u00e3o biol\u00f3gica e origem certificada<\/h2>\n<p>O Azeite Virgem Extra Candeio \u00e9 fruto de uma agricultura sustent\u00e1vel, respeitando o ambiente e as tradi\u00e7\u00f5es locais. Produzido na Beira Baixa, uma regi\u00e3o conhecida pela excel\u00eancia na produ\u00e7\u00e3o de azeites, este produto reflete o equil\u00edbrio entre tradi\u00e7\u00e3o e inova\u00e7\u00e3o. As oliveiras s\u00e3o cuidadas sem recurso a qu\u00edmicos ou pesticidas, garantindo um azeite 100% biol\u00f3gico, certificado e cheio de benef\u00edcios \u00e0 sa\u00fade.<\/p>\n<h2>Por que escolher o Azeite Biol\u00f3gico Candeio?<\/h2>\n<p>Com um sabor robusto e equilibrado, o Azeite Virgem Extra Candeio transforma qualquer receita em uma experi\u00eancia verdadeiramente gourmet. Sua acidez baixa n\u00e3o apenas garante uma maior qualidade, mas tamb\u00e9m ajuda a preservar o sabor puro das azeitonas. Dispon\u00edvel em embalagem generosa de 5 litros, o garraf\u00e3o \u00e9 ideal para fam\u00edlias, restaurantes ou aficionados por culin\u00e1ria que buscam um produto premium para uso di\u00e1rio. Al\u00e9m disso, ao optar por este azeite, voc\u00ea tamb\u00e9m est\u00e1 a apoiar pr\u00e1ticas agr\u00edcolas sustent\u00e1veis e um futuro mais saud\u00e1vel.<\/p>","protected":false},"excerpt":{"rendered":"<h2>Uma escolha saud\u00e1vel e sustent\u00e1vel para o seu dia a dia<\/h2>\n<p>O Azeite Virgem Extra 5 Litros (garraf\u00e3o) Biol\u00f3gico &#8211; Candeio, proveniente da regi\u00e3o de Castelo Branco na Beira Baixa, n\u00e3o \u00e9 apenas um azeite; \u00e9 um compromisso com a natureza e com a sa\u00fade. Este azeite combina a qualidade premium com uma produ\u00e7\u00e3o inteiramente biol\u00f3gica, garantindo que cada gota seja rica em sabor e nutrientes. Com acidez excepcionalmente baixa, \u00e9 perfeito para quem busca um produto de alta qualidade, que respeita o meio ambiente.<\/p>\n<h2>Produ\u00e7\u00e3o biol\u00f3gica e origem certificada<\/h2>\n<p>O Azeite Virgem Extra Candeio \u00e9 fruto de uma agricultura sustent\u00e1vel, respeitando o ambiente e as tradi\u00e7\u00f5es locais. Produzido na Beira Baixa, uma regi\u00e3o conhecida pela excel\u00eancia na produ\u00e7\u00e3o de azeites, este produto reflete o equil\u00edbrio entre tradi\u00e7\u00e3o e inova\u00e7\u00e3o. As oliveiras s\u00e3o cuidadas sem recurso a qu\u00edmicos ou pesticidas, garantindo um azeite 100% biol\u00f3gico, certificado e cheio de benef\u00edcios \u00e0 sa\u00fade.<\/p>\n<h2>Por que escolher o Azeite Biol\u00f3gico Candeio?<\/h2>\n<p>Com um sabor robusto e equilibrado, o Azeite Virgem Extra Candeio transforma qualquer receita em uma experi\u00eancia verdadeiramente gourmet. Sua acidez baixa n\u00e3o apenas garante uma maior qualidade, mas tamb\u00e9m ajuda a preservar o sabor puro das azeitonas. Dispon\u00edvel em embalagem generosa de 5 litros, o garraf\u00e3o \u00e9 ideal para fam\u00edlias, restaurantes ou aficionados por culin\u00e1ria que buscam um produto premium para uso di\u00e1rio. Al\u00e9m disso, ao optar por este azeite, voc\u00ea tamb\u00e9m est\u00e1 a apoiar pr\u00e1ticas agr\u00edcolas sustent\u00e1veis e um futuro mais saud\u00e1vel.<\/p>","protected":false},"featured_media":2026,"comment_status":"open","ping_status":"closed","template":"","meta":[],"product_brand":[],"product_cat":[97],"product_tag":[],"class_list":{"0":"post-2025","1":"product","2":"type-product","3":"status-publish","4":"has-post-thumbnail","6":"product_cat-diversos","8":"first","9":"instock","10":"taxable","11":"shipping-taxable","12":"purchasable","13":"product-type-simple"},"yoast_head":"<!-- This site is optimized with the Yoast SEO plugin v27.5 - https:\/\/yoast.com\/product\/yoast-seo-wordpress\/ -->\n<title>AZEITE VIRGEM EXTRA BIOL\u00d3GICO 5LT - racoes e forragens castanheira<\/title>\n<meta name=\"robots\" content=\"index, follow, max-snippet:-1, max-image-preview:large, max-video-preview:-1\" \/>\n<link rel=\"canonical\" href=\"https:\/\/racoeseforragenscastanheira.com\/en\/product\/azeite-virgem-extra-biologico-5lt\/\" \/>\n<meta property=\"og:locale\" content=\"en_GB\" \/>\n<meta property=\"og:type\" content=\"article\" \/>\n<meta property=\"og:title\" content=\"AZEITE VIRGEM EXTRA BIOL\u00d3GICO 5LT - racoes e forragens castanheira\" \/>\n<meta property=\"og:description\" content=\"Uma escolha saud\u00e1vel e sustent\u00e1vel para o seu dia a dia O Azeite Virgem Extra 5 Litros (garraf\u00e3o) Biol\u00f3gico - Candeio, proveniente da regi\u00e3o de Castelo Branco na Beira Baixa, n\u00e3o \u00e9 apenas um azeite; \u00e9 um compromisso com a natureza e com a sa\u00fade. Este azeite combina a qualidade premium com uma produ\u00e7\u00e3o inteiramente biol\u00f3gica, garantindo que cada gota seja rica em sabor e nutrientes. Com acidez excepcionalmente baixa, \u00e9 perfeito para quem busca um produto de alta qualidade, que respeita o meio ambiente. Produ\u00e7\u00e3o biol\u00f3gica e origem certificada O Azeite Virgem Extra Candeio \u00e9 fruto de uma agricultura sustent\u00e1vel, respeitando o ambiente e as tradi\u00e7\u00f5es locais. Produzido na Beira Baixa, uma regi\u00e3o conhecida pela excel\u00eancia na produ\u00e7\u00e3o de azeites, este produto reflete o equil\u00edbrio entre tradi\u00e7\u00e3o e inova\u00e7\u00e3o. As oliveiras s\u00e3o cuidadas sem recurso a qu\u00edmicos ou pesticidas, garantindo um azeite 100% biol\u00f3gico, certificado e cheio de benef\u00edcios \u00e0 sa\u00fade. Por que escolher o Azeite Biol\u00f3gico Candeio? Com um sabor robusto e equilibrado, o Azeite Virgem Extra Candeio transforma qualquer receita em uma experi\u00eancia verdadeiramente gourmet. Sua acidez baixa n\u00e3o apenas garante uma maior qualidade, mas tamb\u00e9m ajuda a preservar o sabor puro das azeitonas. Dispon\u00edvel em embalagem generosa de 5 litros, o garraf\u00e3o \u00e9 ideal para fam\u00edlias, restaurantes ou aficionados por culin\u00e1ria que buscam um produto premium para uso di\u00e1rio. Al\u00e9m disso, ao optar por este azeite, voc\u00ea tamb\u00e9m est\u00e1 a apoiar pr\u00e1ticas agr\u00edcolas sustent\u00e1veis e um futuro mais saud\u00e1vel.\" \/>\n<meta property=\"og:url\" content=\"https:\/\/racoeseforragenscastanheira.com\/en\/product\/azeite-virgem-extra-biologico-5lt\/\" \/>\n<meta property=\"og:site_name\" content=\"racoes e forragens castanheira\" \/>\n<meta property=\"article:publisher\" content=\"https:\/\/www.facebook.com\/racoeseforragenscastanheira\" \/>\n<meta property=\"article:modified_time\" content=\"2026-05-05T15:33:31+00:00\" \/>\n<meta property=\"og:image\" content=\"https:\/\/racoeseforragenscastanheira.com\/wp-content\/uploads\/2025\/10\/azeite-frente.jpeg\" \/>\n\t<meta property=\"og:image:width\" content=\"1800\" \/>\n\t<meta property=\"og:image:height\" content=\"2400\" \/>\n\t<meta property=\"og:image:type\" content=\"image\/jpeg\" \/>\n<meta name=\"twitter:card\" content=\"summary_large_image\" \/>\n<meta name=\"twitter:label1\" content=\"Estimated reading time\" \/>\n\t<meta name=\"twitter:data1\" content=\"2 minutes\" \/>\n<script type=\"application\/ld+json\" class=\"yoast-schema-graph\">{\"@context\":\"https:\\\/\\\/schema.org\",\"@graph\":[{\"@type\":\"WebPage\",\"@id\":\"https:\\\/\\\/racoeseforragenscastanheira.com\\\/produto\\\/azeite-virgem-extra-biologico-5lt\\\/\",\"url\":\"https:\\\/\\\/racoeseforragenscastanheira.com\\\/produto\\\/azeite-virgem-extra-biologico-5lt\\\/\",\"name\":\"AZEITE VIRGEM EXTRA BIOL\u00d3GICO 5LT - racoes e forragens castanheira\",\"isPartOf\":{\"@id\":\"https:\\\/\\\/racoeseforragenscastanheira.com\\\/#website\"},\"primaryImageOfPage\":{\"@id\":\"https:\\\/\\\/racoeseforragenscastanheira.com\\\/produto\\\/azeite-virgem-extra-biologico-5lt\\\/#primaryimage\"},\"image\":{\"@id\":\"https:\\\/\\\/racoeseforragenscastanheira.com\\\/produto\\\/azeite-virgem-extra-biologico-5lt\\\/#primaryimage\"},\"thumbnailUrl\":\"https:\\\/\\\/racoeseforragenscastanheira.com\\\/wp-content\\\/uploads\\\/2025\\\/10\\\/azeite-frente.jpeg\",\"datePublished\":\"2025-10-01T11:28:43+00:00\",\"dateModified\":\"2026-05-05T15:33:31+00:00\",\"breadcrumb\":{\"@id\":\"https:\\\/\\\/racoeseforragenscastanheira.com\\\/produto\\\/azeite-virgem-extra-biologico-5lt\\\/#breadcrumb\"},\"inLanguage\":\"en-GB\",\"potentialAction\":[{\"@type\":\"ReadAction\",\"target\":[\"https:\\\/\\\/racoeseforragenscastanheira.com\\\/produto\\\/azeite-virgem-extra-biologico-5lt\\\/\"]}]},{\"@type\":\"ImageObject\",\"inLanguage\":\"en-GB\",\"@id\":\"https:\\\/\\\/racoeseforragenscastanheira.com\\\/produto\\\/azeite-virgem-extra-biologico-5lt\\\/#primaryimage\",\"url\":\"https:\\\/\\\/racoeseforragenscastanheira.com\\\/wp-content\\\/uploads\\\/2025\\\/10\\\/azeite-frente.jpeg\",\"contentUrl\":\"https:\\\/\\\/racoeseforragenscastanheira.com\\\/wp-content\\\/uploads\\\/2025\\\/10\\\/azeite-frente.jpeg\",\"width\":1800,\"height\":2400},{\"@type\":\"BreadcrumbList\",\"@id\":\"https:\\\/\\\/racoeseforragenscastanheira.com\\\/produto\\\/azeite-virgem-extra-biologico-5lt\\\/#breadcrumb\",\"itemListElement\":[{\"@type\":\"ListItem\",\"position\":1,\"name\":\"In\u00edcio\",\"item\":\"https:\\\/\\\/racoeseforragenscastanheira.com\\\/\"},{\"@type\":\"ListItem\",\"position\":2,\"name\":\"Shop\",\"item\":\"https:\\\/\\\/racoeseforragenscastanheira.com\\\/shop\\\/\"},{\"@type\":\"ListItem\",\"position\":3,\"name\":\"AZEITE VIRGEM EXTRA BIOL\u00d3GICO 5LT\"}]},{\"@type\":\"WebSite\",\"@id\":\"https:\\\/\\\/racoeseforragenscastanheira.com\\\/#website\",\"url\":\"https:\\\/\\\/racoeseforragenscastanheira.com\\\/\",\"name\":\"racoes e forragens castanheira\",\"description\":\"\",\"publisher\":{\"@id\":\"https:\\\/\\\/racoeseforragenscastanheira.com\\\/#organization\"},\"potentialAction\":[{\"@type\":\"SearchAction\",\"target\":{\"@type\":\"EntryPoint\",\"urlTemplate\":\"https:\\\/\\\/racoeseforragenscastanheira.com\\\/?s={search_term_string}\"},\"query-input\":{\"@type\":\"PropertyValueSpecification\",\"valueRequired\":true,\"valueName\":\"search_term_string\"}}],\"inLanguage\":\"en-GB\"},{\"@type\":\"Organization\",\"@id\":\"https:\\\/\\\/racoeseforragenscastanheira.com\\\/#organization\",\"name\":\"racoes e forragens castanheira\",\"url\":\"https:\\\/\\\/racoeseforragenscastanheira.com\\\/\",\"logo\":{\"@type\":\"ImageObject\",\"inLanguage\":\"en-GB\",\"@id\":\"https:\\\/\\\/racoeseforragenscastanheira.com\\\/#\\\/schema\\\/logo\\\/image\\\/\",\"url\":\"https:\\\/\\\/lightgoldenrodyellow-dugong-899059.hostingersite.com\\\/wp-content\\\/uploads\\\/2025\\\/01\\\/image003-e1726606072123.jpg\",\"contentUrl\":\"https:\\\/\\\/lightgoldenrodyellow-dugong-899059.hostingersite.com\\\/wp-content\\\/uploads\\\/2025\\\/01\\\/image003-e1726606072123.jpg\",\"width\":640,\"height\":405,\"caption\":\"racoes e forragens castanheira\"},\"image\":{\"@id\":\"https:\\\/\\\/racoeseforragenscastanheira.com\\\/#\\\/schema\\\/logo\\\/image\\\/\"},\"sameAs\":[\"https:\\\/\\\/www.facebook.com\\\/racoeseforragenscastanheira\",\"https:\\\/\\\/www.instagram.com\\\/racoes_e_forragens_castanheira\\\/\"]}]}<\/script>\n<!-- \/ Yoast SEO plugin. -->","yoast_head_json":{"title":"AZEITE VIRGEM EXTRA BIOL\u00d3GICO 5LT - racoes e forragens castanheira","robots":{"index":"index","follow":"follow","max-snippet":"max-snippet:-1","max-image-preview":"max-image-preview:large","max-video-preview":"max-video-preview:-1"},"canonical":"https:\/\/racoeseforragenscastanheira.com\/en\/product\/azeite-virgem-extra-biologico-5lt\/","og_locale":"en_GB","og_type":"article","og_title":"AZEITE VIRGEM EXTRA BIOL\u00d3GICO 5LT - racoes e forragens castanheira","og_description":"Uma escolha saud\u00e1vel e sustent\u00e1vel para o seu dia a dia O Azeite Virgem Extra 5 Litros (garraf\u00e3o) Biol\u00f3gico - Candeio, proveniente da regi\u00e3o de Castelo Branco na Beira Baixa, n\u00e3o \u00e9 apenas um azeite; \u00e9 um compromisso com a natureza e com a sa\u00fade. Este azeite combina a qualidade premium com uma produ\u00e7\u00e3o inteiramente biol\u00f3gica, garantindo que cada gota seja rica em sabor e nutrientes. Com acidez excepcionalmente baixa, \u00e9 perfeito para quem busca um produto de alta qualidade, que respeita o meio ambiente. Produ\u00e7\u00e3o biol\u00f3gica e origem certificada O Azeite Virgem Extra Candeio \u00e9 fruto de uma agricultura sustent\u00e1vel, respeitando o ambiente e as tradi\u00e7\u00f5es locais. Produzido na Beira Baixa, uma regi\u00e3o conhecida pela excel\u00eancia na produ\u00e7\u00e3o de azeites, este produto reflete o equil\u00edbrio entre tradi\u00e7\u00e3o e inova\u00e7\u00e3o. As oliveiras s\u00e3o cuidadas sem recurso a qu\u00edmicos ou pesticidas, garantindo um azeite 100% biol\u00f3gico, certificado e cheio de benef\u00edcios \u00e0 sa\u00fade. Por que escolher o Azeite Biol\u00f3gico Candeio? Com um sabor robusto e equilibrado, o Azeite Virgem Extra Candeio transforma qualquer receita em uma experi\u00eancia verdadeiramente gourmet. Sua acidez baixa n\u00e3o apenas garante uma maior qualidade, mas tamb\u00e9m ajuda a preservar o sabor puro das azeitonas. Dispon\u00edvel em embalagem generosa de 5 litros, o garraf\u00e3o \u00e9 ideal para fam\u00edlias, restaurantes ou aficionados por culin\u00e1ria que buscam um produto premium para uso di\u00e1rio. Al\u00e9m disso, ao optar por este azeite, voc\u00ea tamb\u00e9m est\u00e1 a apoiar pr\u00e1ticas agr\u00edcolas sustent\u00e1veis e um futuro mais saud\u00e1vel.","og_url":"https:\/\/racoeseforragenscastanheira.com\/en\/product\/azeite-virgem-extra-biologico-5lt\/","og_site_name":"racoes e forragens castanheira","article_publisher":"https:\/\/www.facebook.com\/racoeseforragenscastanheira","article_modified_time":"2026-05-05T15:33:31+00:00","og_image":[{"width":1800,"height":2400,"url":"https:\/\/racoeseforragenscastanheira.com\/wp-content\/uploads\/2025\/10\/azeite-frente.jpeg","type":"image\/jpeg"}],"twitter_card":"summary_large_image","twitter_misc":{"Estimated reading time":"2 minutes"},"schema":{"@context":"https:\/\/schema.org","@graph":[{"@type":"WebPage","@id":"https:\/\/racoeseforragenscastanheira.com\/produto\/azeite-virgem-extra-biologico-5lt\/","url":"https:\/\/racoeseforragenscastanheira.com\/produto\/azeite-virgem-extra-biologico-5lt\/","name":"AZEITE VIRGEM EXTRA BIOL\u00d3GICO 5LT - racoes e forragens castanheira","isPartOf":{"@id":"https:\/\/racoeseforragenscastanheira.com\/#website"},"primaryImageOfPage":{"@id":"https:\/\/racoeseforragenscastanheira.com\/produto\/azeite-virgem-extra-biologico-5lt\/#primaryimage"},"image":{"@id":"https:\/\/racoeseforragenscastanheira.com\/produto\/azeite-virgem-extra-biologico-5lt\/#primaryimage"},"thumbnailUrl":"https:\/\/racoeseforragenscastanheira.com\/wp-content\/uploads\/2025\/10\/azeite-frente.jpeg","datePublished":"2025-10-01T11:28:43+00:00","dateModified":"2026-05-05T15:33:31+00:00","breadcrumb":{"@id":"https:\/\/racoeseforragenscastanheira.com\/produto\/azeite-virgem-extra-biologico-5lt\/#breadcrumb"},"inLanguage":"en-GB","potentialAction":[{"@type":"ReadAction","target":["https:\/\/racoeseforragenscastanheira.com\/produto\/azeite-virgem-extra-biologico-5lt\/"]}]},{"@type":"ImageObject","inLanguage":"en-GB","@id":"https:\/\/racoeseforragenscastanheira.com\/produto\/azeite-virgem-extra-biologico-5lt\/#primaryimage","url":"https:\/\/racoeseforragenscastanheira.com\/wp-content\/uploads\/2025\/10\/azeite-frente.jpeg","contentUrl":"https:\/\/racoeseforragenscastanheira.com\/wp-content\/uploads\/2025\/10\/azeite-frente.jpeg","width":1800,"height":2400},{"@type":"BreadcrumbList","@id":"https:\/\/racoeseforragenscastanheira.com\/produto\/azeite-virgem-extra-biologico-5lt\/#breadcrumb","itemListElement":[{"@type":"ListItem","position":1,"name":"In\u00edcio","item":"https:\/\/racoeseforragenscastanheira.com\/"},{"@type":"ListItem","position":2,"name":"Shop","item":"https:\/\/racoeseforragenscastanheira.com\/shop\/"},{"@type":"ListItem","position":3,"name":"AZEITE VIRGEM EXTRA BIOL\u00d3GICO 5LT"}]},{"@type":"WebSite","@id":"https:\/\/racoeseforragenscastanheira.com\/#website","url":"https:\/\/racoeseforragenscastanheira.com\/","name":"racoes e forragens castanheira","description":"","publisher":{"@id":"https:\/\/racoeseforragenscastanheira.com\/#organization"},"potentialAction":[{"@type":"SearchAction","target":{"@type":"EntryPoint","urlTemplate":"https:\/\/racoeseforragenscastanheira.com\/?s={search_term_string}"},"query-input":{"@type":"PropertyValueSpecification","valueRequired":true,"valueName":"search_term_string"}}],"inLanguage":"en-GB"},{"@type":"Organization","@id":"https:\/\/racoeseforragenscastanheira.com\/#organization","name":"racoes e forragens castanheira","url":"https:\/\/racoeseforragenscastanheira.com\/","logo":{"@type":"ImageObject","inLanguage":"en-GB","@id":"https:\/\/racoeseforragenscastanheira.com\/#\/schema\/logo\/image\/","url":"https:\/\/lightgoldenrodyellow-dugong-899059.hostingersite.com\/wp-content\/uploads\/2025\/01\/image003-e1726606072123.jpg","contentUrl":"https:\/\/lightgoldenrodyellow-dugong-899059.hostingersite.com\/wp-content\/uploads\/2025\/01\/image003-e1726606072123.jpg","width":640,"height":405,"caption":"racoes e forragens castanheira"},"image":{"@id":"https:\/\/racoeseforragenscastanheira.com\/#\/schema\/logo\/image\/"},"sameAs":["https:\/\/www.facebook.com\/racoeseforragenscastanheira","https:\/\/www.instagram.com\/racoes_e_forragens_castanheira\/"]}]}},"_links":{"self":[{"href":"https:\/\/racoeseforragenscastanheira.com\/en\/wp-json\/wp\/v2\/product\/2025","targetHints":{"allow":["GET"]}}],"collection":[{"href":"https:\/\/racoeseforragenscastanheira.com\/en\/wp-json\/wp\/v2\/product"}],"about":[{"href":"https:\/\/racoeseforragenscastanheira.com\/en\/wp-json\/wp\/v2\/types\/product"}],"replies":[{"embeddable":true,"href":"https:\/\/racoeseforragenscastanheira.com\/en\/wp-json\/wp\/v2\/comments?post=2025"}],"wp:featuredmedia":[{"embeddable":true,"href":"https:\/\/racoeseforragenscastanheira.com\/en\/wp-json\/wp\/v2\/media\/2026"}],"wp:attachment":[{"href":"https:\/\/racoeseforragenscastanheira.com\/en\/wp-json\/wp\/v2\/media?parent=2025"}],"wp:term":[{"taxonomy":"product_brand","embeddable":true,"href":"https:\/\/racoeseforragenscastanheira.com\/en\/wp-json\/wp\/v2\/product_brand?post=2025"},{"taxonomy":"product_cat","embeddable":true,"href":"https:\/\/racoeseforragenscastanheira.com\/en\/wp-json\/wp\/v2\/product_cat?post=2025"},{"taxonomy":"product_tag","embeddable":true,"href":"https:\/\/racoeseforragenscastanheira.com\/en\/wp-json\/wp\/v2\/product_tag?post=2025"}],"curies":[{"name":"wp","href":"https:\/\/api.w.org\/{rel}","templated":true}]}}