{"id":1797,"date":"2025-03-19T11:41:27","date_gmt":"2025-03-19T11:41:27","guid":{"rendered":"https:\/\/racoeseforragenscastanheira.com\/?post_type=product&#038;p=1797"},"modified":"2025-11-28T12:19:01","modified_gmt":"2025-11-28T12:19:01","slug":"sementes-mix-flores-p-ramos-sementes-vivas-biologico","status":"publish","type":"product","link":"https:\/\/racoeseforragenscastanheira.com\/en\/product\/sementes-mix-flores-p-ramos-sementes-vivas-biologico\/","title":{"rendered":"Sementes mix flores p\/ramos sementes vivas biol\u00f3gico"},"content":{"rendered":"","protected":false},"excerpt":{"rendered":"<p>Mistura de belas flores de corte, ideal para a cria\u00e7\u00e3o de\u00a0bouquets. As flores fornecem p\u00f3len para as abelhas. Inclui\u00a0mix de Z\u00ednias, Perp\u00e9tua Roxa, Boca de Le\u00e3o, Rainha Margarida P\u00e9tala simples e Girassol Folha de Pepino.<\/p>","protected":false},"featured_media":1823,"comment_status":"open","ping_status":"closed","template":"","meta":[],"product_brand":[],"product_cat":[32],"product_tag":[],"class_list":{"0":"post-1797","1":"product","2":"type-product","3":"status-publish","4":"has-post-thumbnail","6":"product_cat-horta-jardim","8":"first","9":"instock","10":"taxable","11":"shipping-taxable","12":"purchasable","13":"product-type-simple"},"yoast_head":"<!-- This site is optimized with the Yoast SEO plugin v27.5 - https:\/\/yoast.com\/product\/yoast-seo-wordpress\/ -->\n<title>Sementes mix flores p\/ramos sementes vivas biol\u00f3gico - racoes e forragens castanheira<\/title>\n<meta name=\"robots\" content=\"index, follow, max-snippet:-1, max-image-preview:large, max-video-preview:-1\" \/>\n<link rel=\"canonical\" href=\"https:\/\/racoeseforragenscastanheira.com\/en\/product\/sementes-mix-flores-p-ramos-sementes-vivas-biologico\/\" \/>\n<meta property=\"og:locale\" content=\"en_GB\" \/>\n<meta property=\"og:type\" content=\"article\" \/>\n<meta property=\"og:title\" content=\"Sementes mix flores p\/ramos sementes vivas biol\u00f3gico - racoes e forragens castanheira\" \/>\n<meta property=\"og:description\" content=\"Mistura de belas flores de corte, ideal para a cria\u00e7\u00e3o de\u00a0bouquets. As flores fornecem p\u00f3len para as abelhas. Inclui\u00a0mix de Z\u00ednias, Perp\u00e9tua Roxa, Boca de Le\u00e3o, Rainha Margarida P\u00e9tala simples e Girassol Folha de Pepino.\" \/>\n<meta property=\"og:url\" content=\"https:\/\/racoeseforragenscastanheira.com\/en\/product\/sementes-mix-flores-p-ramos-sementes-vivas-biologico\/\" \/>\n<meta property=\"og:site_name\" content=\"racoes e forragens castanheira\" \/>\n<meta property=\"article:publisher\" content=\"https:\/\/www.facebook.com\/racoeseforragenscastanheira\" \/>\n<meta property=\"article:modified_time\" content=\"2025-11-28T12:19:01+00:00\" \/>\n<meta property=\"og:image\" content=\"https:\/\/racoeseforragenscastanheira.com\/wp-content\/uploads\/2025\/03\/1729002595_d84a2a659a3d3d0f6289b230a3c00118.jpg\" \/>\n\t<meta property=\"og:image:width\" content=\"580\" \/>\n\t<meta property=\"og:image:height\" content=\"580\" \/>\n\t<meta property=\"og:image:type\" content=\"image\/jpeg\" \/>\n<meta name=\"twitter:card\" content=\"summary_large_image\" \/>\n<meta name=\"twitter:label1\" content=\"Estimated reading time\" \/>\n\t<meta name=\"twitter:data1\" content=\"1 minute\" \/>\n<script type=\"application\/ld+json\" class=\"yoast-schema-graph\">{\"@context\":\"https:\\\/\\\/schema.org\",\"@graph\":[{\"@type\":\"WebPage\",\"@id\":\"https:\\\/\\\/racoeseforragenscastanheira.com\\\/produto\\\/sementes-mix-flores-p-ramos-sementes-vivas-biologico\\\/\",\"url\":\"https:\\\/\\\/racoeseforragenscastanheira.com\\\/produto\\\/sementes-mix-flores-p-ramos-sementes-vivas-biologico\\\/\",\"name\":\"Sementes mix flores p\\\/ramos sementes vivas biol\u00f3gico - racoes e forragens castanheira\",\"isPartOf\":{\"@id\":\"https:\\\/\\\/racoeseforragenscastanheira.com\\\/#website\"},\"primaryImageOfPage\":{\"@id\":\"https:\\\/\\\/racoeseforragenscastanheira.com\\\/produto\\\/sementes-mix-flores-p-ramos-sementes-vivas-biologico\\\/#primaryimage\"},\"image\":{\"@id\":\"https:\\\/\\\/racoeseforragenscastanheira.com\\\/produto\\\/sementes-mix-flores-p-ramos-sementes-vivas-biologico\\\/#primaryimage\"},\"thumbnailUrl\":\"https:\\\/\\\/racoeseforragenscastanheira.com\\\/wp-content\\\/uploads\\\/2025\\\/03\\\/1729002595_d84a2a659a3d3d0f6289b230a3c00118.jpg\",\"datePublished\":\"2025-03-19T11:41:27+00:00\",\"dateModified\":\"2025-11-28T12:19:01+00:00\",\"breadcrumb\":{\"@id\":\"https:\\\/\\\/racoeseforragenscastanheira.com\\\/produto\\\/sementes-mix-flores-p-ramos-sementes-vivas-biologico\\\/#breadcrumb\"},\"inLanguage\":\"en-GB\",\"potentialAction\":[{\"@type\":\"ReadAction\",\"target\":[\"https:\\\/\\\/racoeseforragenscastanheira.com\\\/produto\\\/sementes-mix-flores-p-ramos-sementes-vivas-biologico\\\/\"]}]},{\"@type\":\"ImageObject\",\"inLanguage\":\"en-GB\",\"@id\":\"https:\\\/\\\/racoeseforragenscastanheira.com\\\/produto\\\/sementes-mix-flores-p-ramos-sementes-vivas-biologico\\\/#primaryimage\",\"url\":\"https:\\\/\\\/racoeseforragenscastanheira.com\\\/wp-content\\\/uploads\\\/2025\\\/03\\\/1729002595_d84a2a659a3d3d0f6289b230a3c00118.jpg\",\"contentUrl\":\"https:\\\/\\\/racoeseforragenscastanheira.com\\\/wp-content\\\/uploads\\\/2025\\\/03\\\/1729002595_d84a2a659a3d3d0f6289b230a3c00118.jpg\",\"width\":580,\"height\":580},{\"@type\":\"BreadcrumbList\",\"@id\":\"https:\\\/\\\/racoeseforragenscastanheira.com\\\/produto\\\/sementes-mix-flores-p-ramos-sementes-vivas-biologico\\\/#breadcrumb\",\"itemListElement\":[{\"@type\":\"ListItem\",\"position\":1,\"name\":\"In\u00edcio\",\"item\":\"https:\\\/\\\/racoeseforragenscastanheira.com\\\/\"},{\"@type\":\"ListItem\",\"position\":2,\"name\":\"Shop\",\"item\":\"https:\\\/\\\/racoeseforragenscastanheira.com\\\/shop\\\/\"},{\"@type\":\"ListItem\",\"position\":3,\"name\":\"Sementes mix flores p\\\/ramos sementes vivas biol\u00f3gico\"}]},{\"@type\":\"WebSite\",\"@id\":\"https:\\\/\\\/racoeseforragenscastanheira.com\\\/#website\",\"url\":\"https:\\\/\\\/racoeseforragenscastanheira.com\\\/\",\"name\":\"racoes e forragens castanheira\",\"description\":\"\",\"publisher\":{\"@id\":\"https:\\\/\\\/racoeseforragenscastanheira.com\\\/#organization\"},\"potentialAction\":[{\"@type\":\"SearchAction\",\"target\":{\"@type\":\"EntryPoint\",\"urlTemplate\":\"https:\\\/\\\/racoeseforragenscastanheira.com\\\/?s={search_term_string}\"},\"query-input\":{\"@type\":\"PropertyValueSpecification\",\"valueRequired\":true,\"valueName\":\"search_term_string\"}}],\"inLanguage\":\"en-GB\"},{\"@type\":\"Organization\",\"@id\":\"https:\\\/\\\/racoeseforragenscastanheira.com\\\/#organization\",\"name\":\"racoes e forragens castanheira\",\"url\":\"https:\\\/\\\/racoeseforragenscastanheira.com\\\/\",\"logo\":{\"@type\":\"ImageObject\",\"inLanguage\":\"en-GB\",\"@id\":\"https:\\\/\\\/racoeseforragenscastanheira.com\\\/#\\\/schema\\\/logo\\\/image\\\/\",\"url\":\"https:\\\/\\\/lightgoldenrodyellow-dugong-899059.hostingersite.com\\\/wp-content\\\/uploads\\\/2025\\\/01\\\/image003-e1726606072123.jpg\",\"contentUrl\":\"https:\\\/\\\/lightgoldenrodyellow-dugong-899059.hostingersite.com\\\/wp-content\\\/uploads\\\/2025\\\/01\\\/image003-e1726606072123.jpg\",\"width\":640,\"height\":405,\"caption\":\"racoes e forragens castanheira\"},\"image\":{\"@id\":\"https:\\\/\\\/racoeseforragenscastanheira.com\\\/#\\\/schema\\\/logo\\\/image\\\/\"},\"sameAs\":[\"https:\\\/\\\/www.facebook.com\\\/racoeseforragenscastanheira\",\"https:\\\/\\\/www.instagram.com\\\/racoes_e_forragens_castanheira\\\/\"]}]}<\/script>\n<!-- \/ Yoast SEO plugin. -->","yoast_head_json":{"title":"Sementes mix flores p\/ramos sementes vivas biol\u00f3gico - racoes e forragens castanheira","robots":{"index":"index","follow":"follow","max-snippet":"max-snippet:-1","max-image-preview":"max-image-preview:large","max-video-preview":"max-video-preview:-1"},"canonical":"https:\/\/racoeseforragenscastanheira.com\/en\/product\/sementes-mix-flores-p-ramos-sementes-vivas-biologico\/","og_locale":"en_GB","og_type":"article","og_title":"Sementes mix flores p\/ramos sementes vivas biol\u00f3gico - racoes e forragens castanheira","og_description":"Mistura de belas flores de corte, ideal para a cria\u00e7\u00e3o de\u00a0bouquets. As flores fornecem p\u00f3len para as abelhas. Inclui\u00a0mix de Z\u00ednias, Perp\u00e9tua Roxa, Boca de Le\u00e3o, Rainha Margarida P\u00e9tala simples e Girassol Folha de Pepino.","og_url":"https:\/\/racoeseforragenscastanheira.com\/en\/product\/sementes-mix-flores-p-ramos-sementes-vivas-biologico\/","og_site_name":"racoes e forragens castanheira","article_publisher":"https:\/\/www.facebook.com\/racoeseforragenscastanheira","article_modified_time":"2025-11-28T12:19:01+00:00","og_image":[{"width":580,"height":580,"url":"https:\/\/racoeseforragenscastanheira.com\/wp-content\/uploads\/2025\/03\/1729002595_d84a2a659a3d3d0f6289b230a3c00118.jpg","type":"image\/jpeg"}],"twitter_card":"summary_large_image","twitter_misc":{"Estimated reading time":"1 minute"},"schema":{"@context":"https:\/\/schema.org","@graph":[{"@type":"WebPage","@id":"https:\/\/racoeseforragenscastanheira.com\/produto\/sementes-mix-flores-p-ramos-sementes-vivas-biologico\/","url":"https:\/\/racoeseforragenscastanheira.com\/produto\/sementes-mix-flores-p-ramos-sementes-vivas-biologico\/","name":"Sementes mix flores p\/ramos sementes vivas biol\u00f3gico - racoes e forragens castanheira","isPartOf":{"@id":"https:\/\/racoeseforragenscastanheira.com\/#website"},"primaryImageOfPage":{"@id":"https:\/\/racoeseforragenscastanheira.com\/produto\/sementes-mix-flores-p-ramos-sementes-vivas-biologico\/#primaryimage"},"image":{"@id":"https:\/\/racoeseforragenscastanheira.com\/produto\/sementes-mix-flores-p-ramos-sementes-vivas-biologico\/#primaryimage"},"thumbnailUrl":"https:\/\/racoeseforragenscastanheira.com\/wp-content\/uploads\/2025\/03\/1729002595_d84a2a659a3d3d0f6289b230a3c00118.jpg","datePublished":"2025-03-19T11:41:27+00:00","dateModified":"2025-11-28T12:19:01+00:00","breadcrumb":{"@id":"https:\/\/racoeseforragenscastanheira.com\/produto\/sementes-mix-flores-p-ramos-sementes-vivas-biologico\/#breadcrumb"},"inLanguage":"en-GB","potentialAction":[{"@type":"ReadAction","target":["https:\/\/racoeseforragenscastanheira.com\/produto\/sementes-mix-flores-p-ramos-sementes-vivas-biologico\/"]}]},{"@type":"ImageObject","inLanguage":"en-GB","@id":"https:\/\/racoeseforragenscastanheira.com\/produto\/sementes-mix-flores-p-ramos-sementes-vivas-biologico\/#primaryimage","url":"https:\/\/racoeseforragenscastanheira.com\/wp-content\/uploads\/2025\/03\/1729002595_d84a2a659a3d3d0f6289b230a3c00118.jpg","contentUrl":"https:\/\/racoeseforragenscastanheira.com\/wp-content\/uploads\/2025\/03\/1729002595_d84a2a659a3d3d0f6289b230a3c00118.jpg","width":580,"height":580},{"@type":"BreadcrumbList","@id":"https:\/\/racoeseforragenscastanheira.com\/produto\/sementes-mix-flores-p-ramos-sementes-vivas-biologico\/#breadcrumb","itemListElement":[{"@type":"ListItem","position":1,"name":"In\u00edcio","item":"https:\/\/racoeseforragenscastanheira.com\/"},{"@type":"ListItem","position":2,"name":"Shop","item":"https:\/\/racoeseforragenscastanheira.com\/shop\/"},{"@type":"ListItem","position":3,"name":"Sementes mix flores p\/ramos sementes vivas biol\u00f3gico"}]},{"@type":"WebSite","@id":"https:\/\/racoeseforragenscastanheira.com\/#website","url":"https:\/\/racoeseforragenscastanheira.com\/","name":"racoes e forragens castanheira","description":"","publisher":{"@id":"https:\/\/racoeseforragenscastanheira.com\/#organization"},"potentialAction":[{"@type":"SearchAction","target":{"@type":"EntryPoint","urlTemplate":"https:\/\/racoeseforragenscastanheira.com\/?s={search_term_string}"},"query-input":{"@type":"PropertyValueSpecification","valueRequired":true,"valueName":"search_term_string"}}],"inLanguage":"en-GB"},{"@type":"Organization","@id":"https:\/\/racoeseforragenscastanheira.com\/#organization","name":"racoes e forragens castanheira","url":"https:\/\/racoeseforragenscastanheira.com\/","logo":{"@type":"ImageObject","inLanguage":"en-GB","@id":"https:\/\/racoeseforragenscastanheira.com\/#\/schema\/logo\/image\/","url":"https:\/\/lightgoldenrodyellow-dugong-899059.hostingersite.com\/wp-content\/uploads\/2025\/01\/image003-e1726606072123.jpg","contentUrl":"https:\/\/lightgoldenrodyellow-dugong-899059.hostingersite.com\/wp-content\/uploads\/2025\/01\/image003-e1726606072123.jpg","width":640,"height":405,"caption":"racoes e forragens castanheira"},"image":{"@id":"https:\/\/racoeseforragenscastanheira.com\/#\/schema\/logo\/image\/"},"sameAs":["https:\/\/www.facebook.com\/racoeseforragenscastanheira","https:\/\/www.instagram.com\/racoes_e_forragens_castanheira\/"]}]}},"_links":{"self":[{"href":"https:\/\/racoeseforragenscastanheira.com\/en\/wp-json\/wp\/v2\/product\/1797","targetHints":{"allow":["GET"]}}],"collection":[{"href":"https:\/\/racoeseforragenscastanheira.com\/en\/wp-json\/wp\/v2\/product"}],"about":[{"href":"https:\/\/racoeseforragenscastanheira.com\/en\/wp-json\/wp\/v2\/types\/product"}],"replies":[{"embeddable":true,"href":"https:\/\/racoeseforragenscastanheira.com\/en\/wp-json\/wp\/v2\/comments?post=1797"}],"wp:featuredmedia":[{"embeddable":true,"href":"https:\/\/racoeseforragenscastanheira.com\/en\/wp-json\/wp\/v2\/media\/1823"}],"wp:attachment":[{"href":"https:\/\/racoeseforragenscastanheira.com\/en\/wp-json\/wp\/v2\/media?parent=1797"}],"wp:term":[{"taxonomy":"product_brand","embeddable":true,"href":"https:\/\/racoeseforragenscastanheira.com\/en\/wp-json\/wp\/v2\/product_brand?post=1797"},{"taxonomy":"product_cat","embeddable":true,"href":"https:\/\/racoeseforragenscastanheira.com\/en\/wp-json\/wp\/v2\/product_cat?post=1797"},{"taxonomy":"product_tag","embeddable":true,"href":"https:\/\/racoeseforragenscastanheira.com\/en\/wp-json\/wp\/v2\/product_tag?post=1797"}],"curies":[{"name":"wp","href":"https:\/\/api.w.org\/{rel}","templated":true}]}}