{"id":1676,"date":"2025-03-03T16:56:45","date_gmt":"2025-03-03T16:56:45","guid":{"rendered":"https:\/\/racoeseforragenscastanheira.com\/?post_type=product&#038;p=1676"},"modified":"2026-02-05T10:58:10","modified_gmt":"2026-02-05T10:58:10","slug":"feno-select-hay-seco-alfa-grass-f-xxl-luzerna-fardo-80-lt","status":"publish","type":"product","link":"https:\/\/racoeseforragenscastanheira.com\/en\/product\/feno-select-hay-seco-alfa-grass-f-xxl-luzerna-fardo-80-lt\/","title":{"rendered":"FENO SELECT HAY SECO ALFA-GRASS (LUZERNA) &#8211; FARDO 80 LT"},"content":{"rendered":"<p>Conte\u00fado nutricional :<br \/>\n&#8211; 100% Feno Luzerna Extra em Rama<br \/>\n&#8211; Fibras largas XXL, suaves e digest\u00edveis<br \/>\n&#8211; Isento de p\u00f3, livre de qu\u00edmicos<br \/>\n&#8211; Erva arom\u00e1tica muito apetec\u00edvel<\/p>\n<p>Composi\u00e7\u00e3o :<br \/>\n&#8211; 100% Feno Luzerna Extra em Rama<\/p>\n<p>Uso :<br \/>\n&#8211; Abra a embalagem na \u00e1rea superior.<br \/>\n&#8211; Extraia a quantidade exata a consumir em cada refei\u00e7\u00e3o.<br \/>\n&#8211; Feche a embalagem ap\u00f3s o uso.<br \/>\n&#8211; Armazene em local fresco e seco<\/p>\n<p>Dosagem :<br \/>\n&#8211; Recomenda-se alimentar com 0.5 a 1.5 kg por cada 100 kg de peso corporal por dia, como complemento aos fenos tradicionais.<br \/>\n&#8211; As quantidades recomendadas depender\u00e3o da qualidade das forragens e do tipo de trabalho.<\/p>\n<p>Adapta\u00e7\u00e3o :<br \/>\n&#8211; Seu cavalo precisa de um per\u00edodo de adapta\u00e7\u00e3o. \u00c9 importante misturar o novo produto com a comida habitual por um per\u00edodo de 3-6 dias.<\/p>\n<p>&#8211; O cavalo pode inicialmente rejeitar estes alimentos frescos. N\u00e3o se preocupe, em pouco tempo o cavalo vai ter um interesse espetacular em comer estes tipos de forragens fresca.<\/p>\n<p>Composi\u00e7\u00e3o Qu\u00edmica<br \/>\n&#8211; Prote\u00edna Bruta 16,80 %<br \/>\n&#8211; Gordura Bruta 8,60 %<br \/>\n&#8211; A\u00e7\u00facar 5,80 %<br \/>\n&#8211; Fibra Bruta 27,60 %<br \/>\n&#8211; Cinzas Brutas 3,20 %<br \/>\n&#8211; Energ\u00eda Digestible 12 Mj\/kg<br \/>\n&#8211; Calcio 0,80 %\/kg<br \/>\n&#8211; Magnesio 0,75 %\/kg<br \/>\n&#8211; Vitamina B6 3,00 mg\/kg<br \/>\n&#8211; Vitamina E 1) 130 mg\/kg<br \/>\n&#8211; D-Biotina 130,00 mcg\/kg<br \/>\n&#8211; Humidade 10%<\/p>\n<p>Tipo de embalagem :<br \/>\n&#8211; Formato pacotes Open&amp;Feed de 80L.<\/p>","protected":false},"excerpt":{"rendered":"<p>Conte\u00fado nutricional :100% Feno Luzerna Extra em Rama- Fibras largas XXL, suaves e digest\u00edveis. Isento de p\u00f3, livre de qu\u00edmicos. Erva arom\u00e1tica muito apetec\u00edvel.<\/p>\n<p>Composi\u00e7\u00e3o :<\/p>\n<p>&#8211; 100% Feno Luzerna Extra em Rama<\/p>\n<p>Uso :<\/p>\n<p>&#8211; Abra a embalagem na \u00e1rea superior.<\/p>\n<p>&#8211; Extraia a quantidade exata a consumir em cada refei\u00e7\u00e3o.<\/p>\n<p>&#8211; Feche a embalagem ap\u00f3s o uso.<\/p>\n<p>&#8211; Armazene em local fresco e seco.<\/p>\n<p>Dosagem :<\/p>\n<p>&#8211; Recomenda-se alimentar com 0.5 a 1.5 kg por cada 100 kg de peso corporal por dia, como complemento aos fenos tradicionais.<\/p>\n<p>&#8211; As quantidades recomendadas depender\u00e3o da qualidade das forragens e do tipo de trabalho.<\/p>\n<p>Adapta\u00e7\u00e3o :<\/p>\n<p>&#8211; Seu cavalo precisa de um per\u00edodo de adapta\u00e7\u00e3o. \u00c9 importante misturar o novo produto com a comida habitual por um per\u00edodo de 3-6 dias.<\/p>\n<p>&#8211; O cavalo pode inicialmente rejeitar estes alimentos frescos. N\u00e3o se preocupe, em pouco tempo o cavalo vai ter um interesse espetacular em comer estes tipos de forragens fresca.<\/p>\n<p>Composi\u00e7\u00e3o Qu\u00edmica:<\/p>\n<p>&#8211; Prote\u00edna Bruta 16,80%<\/p>\n<p>&#8211; Gordura Bruta 8,60 %<\/p>\n<p>&#8211; A\u00e7\u00facar 5,80 %<\/p>\n<p>&#8211; Fibra Bruta 27,60 %<\/p>\n<p>&#8211; Cinzas Brutas 3,20 %<\/p>\n<p>&#8211; Energia Digest\u00edvel 12 Mj\/kg<\/p>\n<p>&#8211; C\u00e1lcio 0,80 %\/kg<\/p>\n<p>&#8211; Magn\u00e9sio 0,75 %\/kg<\/p>\n<p>&#8211; Vitamina B6 3,00 mg\/kg<\/p>\n<p>&#8211; Vitamina E 1) 130 mg\/kg<\/p>\n<p>&#8211; D-Biotina 130,00 mg\/kg<\/p>\n<p>&#8211; Humidade 10%<\/p>\n<p>Tipo de embalagem :<\/p>\n<p>&#8211; Formato pacotes Open&amp;Feed de 80L.<\/p>","protected":false},"featured_media":1677,"comment_status":"open","ping_status":"closed","template":"","meta":[],"product_brand":[],"product_cat":[25,24,28],"product_tag":[],"class_list":{"0":"post-1676","1":"product","2":"type-product","3":"status-publish","4":"has-post-thumbnail","6":"product_cat-alimentacao","7":"product_cat-pecuaria","8":"product_cat-pet-shop","10":"first","11":"outofstock","12":"taxable","13":"shipping-taxable","14":"purchasable","15":"product-type-simple"},"yoast_head":"<!-- This site is optimized with the Yoast SEO plugin v27.5 - https:\/\/yoast.com\/product\/yoast-seo-wordpress\/ -->\n<title>FENO SELECT HAY SECO ALFA-GRASS (LUZERNA) - FARDO 80 LT - racoes e forragens castanheira<\/title>\n<meta name=\"description\" content=\"Conte\u00fado nutricional :100% Feno Luzerna Extra em Rama- Fibras largas XXL, suaves e digest\u00edveis. Isento de p\u00f3, livre de qu\u00edmicos. Erva arom\u00e1tica muito apetec\u00edvel. Composi\u00e7\u00e3o : - 100% Feno Luzerna Extra em Rama Uso : - Abra a embalagem na \u00e1rea superior. - Extraia a quantidade exata a consumir em cada refei\u00e7\u00e3o. - Feche a embalagem ap\u00f3s o uso. - Armazene em local fresco e seco. Dosagem : - Recomenda-se alimentar com 0.5 a 1.5 kg por cada 100 kg de peso corporal por dia, como complemento aos fenos tradicionais. - As quantidades recomendadas depender\u00e3o da qualidade das forragens e do tipo de trabalho. Adapta\u00e7\u00e3o : - Seu cavalo precisa de um per\u00edodo de adapta\u00e7\u00e3o. \u00c9 importante misturar o novo produto com a comida habitual por um per\u00edodo de 3-6 dias. - O cavalo pode inicialmente rejeitar estes alimentos frescos. N\u00e3o se preocupe, em pouco tempo o cavalo vai ter um interesse espetacular em comer estes tipos de forragens fresca. Composi\u00e7\u00e3o Qu\u00edmica: - Prote\u00edna Bruta 16,80% - Gordura Bruta 8,60 % - A\u00e7\u00facar 5,80 % - Fibra Bruta 27,60 % - Cinzas Brutas 3,20 % - Energia Digest\u00edvel 12 Mj\/kg - C\u00e1lcio 0,80 %\/kg - Magn\u00e9sio 0,75 %\/kg - Vitamina B6 3,00 mg\/kg - Vitamina E 1) 130 mg\/kg - D-Biotina 130,00 mg\/kg - Humidade 10% Tipo de embalagem : - Formato pacotes Open&amp;Feed de 80L.\" \/>\n<meta name=\"robots\" content=\"index, follow, max-snippet:-1, max-image-preview:large, max-video-preview:-1\" \/>\n<link rel=\"canonical\" href=\"https:\/\/racoeseforragenscastanheira.com\/en\/product\/feno-select-hay-seco-alfa-grass-f-xxl-luzerna-fardo-80-lt\/\" \/>\n<meta property=\"og:locale\" content=\"en_GB\" \/>\n<meta property=\"og:type\" content=\"article\" \/>\n<meta property=\"og:title\" content=\"FENO SELECT HAY SECO ALFA-GRASS (LUZERNA) - FARDO 80 LT - racoes e forragens castanheira\" \/>\n<meta property=\"og:description\" content=\"Conte\u00fado nutricional :100% Feno Luzerna Extra em Rama- Fibras largas XXL, suaves e digest\u00edveis. Isento de p\u00f3, livre de qu\u00edmicos. Erva arom\u00e1tica muito apetec\u00edvel. Composi\u00e7\u00e3o : - 100% Feno Luzerna Extra em Rama Uso : - Abra a embalagem na \u00e1rea superior. - Extraia a quantidade exata a consumir em cada refei\u00e7\u00e3o. - Feche a embalagem ap\u00f3s o uso. - Armazene em local fresco e seco. Dosagem : - Recomenda-se alimentar com 0.5 a 1.5 kg por cada 100 kg de peso corporal por dia, como complemento aos fenos tradicionais. - As quantidades recomendadas depender\u00e3o da qualidade das forragens e do tipo de trabalho. Adapta\u00e7\u00e3o : - Seu cavalo precisa de um per\u00edodo de adapta\u00e7\u00e3o. \u00c9 importante misturar o novo produto com a comida habitual por um per\u00edodo de 3-6 dias. - O cavalo pode inicialmente rejeitar estes alimentos frescos. N\u00e3o se preocupe, em pouco tempo o cavalo vai ter um interesse espetacular em comer estes tipos de forragens fresca. Composi\u00e7\u00e3o Qu\u00edmica: - Prote\u00edna Bruta 16,80% - Gordura Bruta 8,60 % - A\u00e7\u00facar 5,80 % - Fibra Bruta 27,60 % - Cinzas Brutas 3,20 % - Energia Digest\u00edvel 12 Mj\/kg - C\u00e1lcio 0,80 %\/kg - Magn\u00e9sio 0,75 %\/kg - Vitamina B6 3,00 mg\/kg - Vitamina E 1) 130 mg\/kg - D-Biotina 130,00 mg\/kg - Humidade 10% Tipo de embalagem : - Formato pacotes Open&amp;Feed de 80L.\" \/>\n<meta property=\"og:url\" content=\"https:\/\/racoeseforragenscastanheira.com\/en\/product\/feno-select-hay-seco-alfa-grass-f-xxl-luzerna-fardo-80-lt\/\" \/>\n<meta property=\"og:site_name\" content=\"racoes e forragens castanheira\" \/>\n<meta property=\"article:publisher\" content=\"https:\/\/www.facebook.com\/racoeseforragenscastanheira\" \/>\n<meta property=\"article:modified_time\" content=\"2026-02-05T10:58:10+00:00\" \/>\n<meta property=\"og:image\" content=\"https:\/\/racoeseforragenscastanheira.com\/wp-content\/uploads\/2025\/03\/alfafa.jpg\" \/>\n\t<meta property=\"og:image:width\" content=\"600\" \/>\n\t<meta property=\"og:image:height\" content=\"600\" \/>\n\t<meta property=\"og:image:type\" content=\"image\/jpeg\" \/>\n<meta name=\"twitter:card\" content=\"summary_large_image\" \/>\n<meta name=\"twitter:label1\" content=\"Estimated reading time\" \/>\n\t<meta name=\"twitter:data1\" content=\"2 minutes\" \/>\n<script type=\"application\/ld+json\" class=\"yoast-schema-graph\">{\"@context\":\"https:\\\/\\\/schema.org\",\"@graph\":[{\"@type\":\"WebPage\",\"@id\":\"https:\\\/\\\/racoeseforragenscastanheira.com\\\/produto\\\/feno-select-hay-seco-alfa-grass-f-xxl-luzerna-fardo-80-lt\\\/\",\"url\":\"https:\\\/\\\/racoeseforragenscastanheira.com\\\/produto\\\/feno-select-hay-seco-alfa-grass-f-xxl-luzerna-fardo-80-lt\\\/\",\"name\":\"FENO SELECT HAY SECO ALFA-GRASS (LUZERNA) - FARDO 80 LT - racoes e forragens castanheira\",\"isPartOf\":{\"@id\":\"https:\\\/\\\/racoeseforragenscastanheira.com\\\/#website\"},\"primaryImageOfPage\":{\"@id\":\"https:\\\/\\\/racoeseforragenscastanheira.com\\\/produto\\\/feno-select-hay-seco-alfa-grass-f-xxl-luzerna-fardo-80-lt\\\/#primaryimage\"},\"image\":{\"@id\":\"https:\\\/\\\/racoeseforragenscastanheira.com\\\/produto\\\/feno-select-hay-seco-alfa-grass-f-xxl-luzerna-fardo-80-lt\\\/#primaryimage\"},\"thumbnailUrl\":\"https:\\\/\\\/racoeseforragenscastanheira.com\\\/wp-content\\\/uploads\\\/2025\\\/03\\\/alfafa.jpg\",\"datePublished\":\"2025-03-03T16:56:45+00:00\",\"dateModified\":\"2026-02-05T10:58:10+00:00\",\"description\":\"Conte\u00fado nutricional :100% Feno Luzerna Extra em Rama- Fibras largas XXL, suaves e digest\u00edveis. Isento de p\u00f3, livre de qu\u00edmicos. Erva arom\u00e1tica muito apetec\u00edvel. Composi\u00e7\u00e3o : - 100% Feno Luzerna Extra em Rama Uso : - Abra a embalagem na \u00e1rea superior. - Extraia a quantidade exata a consumir em cada refei\u00e7\u00e3o. - Feche a embalagem ap\u00f3s o uso. - Armazene em local fresco e seco. Dosagem : - Recomenda-se alimentar com 0.5 a 1.5 kg por cada 100 kg de peso corporal por dia, como complemento aos fenos tradicionais. - As quantidades recomendadas depender\u00e3o da qualidade das forragens e do tipo de trabalho. Adapta\u00e7\u00e3o : - Seu cavalo precisa de um per\u00edodo de adapta\u00e7\u00e3o. \u00c9 importante misturar o novo produto com a comida habitual por um per\u00edodo de 3-6 dias. - O cavalo pode inicialmente rejeitar estes alimentos frescos. N\u00e3o se preocupe, em pouco tempo o cavalo vai ter um interesse espetacular em comer estes tipos de forragens fresca. Composi\u00e7\u00e3o Qu\u00edmica: - Prote\u00edna Bruta 16,80% - Gordura Bruta 8,60 % - A\u00e7\u00facar 5,80 % - Fibra Bruta 27,60 % - Cinzas Brutas 3,20 % - Energia Digest\u00edvel 12 Mj\\\/kg - C\u00e1lcio 0,80 %\\\/kg - Magn\u00e9sio 0,75 %\\\/kg - Vitamina B6 3,00 mg\\\/kg - Vitamina E 1) 130 mg\\\/kg - D-Biotina 130,00 mg\\\/kg - Humidade 10% Tipo de embalagem : - Formato pacotes Open&Feed de 80L.\",\"breadcrumb\":{\"@id\":\"https:\\\/\\\/racoeseforragenscastanheira.com\\\/produto\\\/feno-select-hay-seco-alfa-grass-f-xxl-luzerna-fardo-80-lt\\\/#breadcrumb\"},\"inLanguage\":\"en-GB\",\"potentialAction\":[{\"@type\":\"ReadAction\",\"target\":[\"https:\\\/\\\/racoeseforragenscastanheira.com\\\/produto\\\/feno-select-hay-seco-alfa-grass-f-xxl-luzerna-fardo-80-lt\\\/\"]}]},{\"@type\":\"ImageObject\",\"inLanguage\":\"en-GB\",\"@id\":\"https:\\\/\\\/racoeseforragenscastanheira.com\\\/produto\\\/feno-select-hay-seco-alfa-grass-f-xxl-luzerna-fardo-80-lt\\\/#primaryimage\",\"url\":\"https:\\\/\\\/racoeseforragenscastanheira.com\\\/wp-content\\\/uploads\\\/2025\\\/03\\\/alfafa.jpg\",\"contentUrl\":\"https:\\\/\\\/racoeseforragenscastanheira.com\\\/wp-content\\\/uploads\\\/2025\\\/03\\\/alfafa.jpg\",\"width\":600,\"height\":600},{\"@type\":\"BreadcrumbList\",\"@id\":\"https:\\\/\\\/racoeseforragenscastanheira.com\\\/produto\\\/feno-select-hay-seco-alfa-grass-f-xxl-luzerna-fardo-80-lt\\\/#breadcrumb\",\"itemListElement\":[{\"@type\":\"ListItem\",\"position\":1,\"name\":\"In\u00edcio\",\"item\":\"https:\\\/\\\/racoeseforragenscastanheira.com\\\/\"},{\"@type\":\"ListItem\",\"position\":2,\"name\":\"Shop\",\"item\":\"https:\\\/\\\/racoeseforragenscastanheira.com\\\/shop\\\/\"},{\"@type\":\"ListItem\",\"position\":3,\"name\":\"FENO SELECT HAY SECO ALFA-GRASS (LUZERNA) &#8211; FARDO 80 LT\"}]},{\"@type\":\"WebSite\",\"@id\":\"https:\\\/\\\/racoeseforragenscastanheira.com\\\/#website\",\"url\":\"https:\\\/\\\/racoeseforragenscastanheira.com\\\/\",\"name\":\"racoes e forragens castanheira\",\"description\":\"\",\"publisher\":{\"@id\":\"https:\\\/\\\/racoeseforragenscastanheira.com\\\/#organization\"},\"potentialAction\":[{\"@type\":\"SearchAction\",\"target\":{\"@type\":\"EntryPoint\",\"urlTemplate\":\"https:\\\/\\\/racoeseforragenscastanheira.com\\\/?s={search_term_string}\"},\"query-input\":{\"@type\":\"PropertyValueSpecification\",\"valueRequired\":true,\"valueName\":\"search_term_string\"}}],\"inLanguage\":\"en-GB\"},{\"@type\":\"Organization\",\"@id\":\"https:\\\/\\\/racoeseforragenscastanheira.com\\\/#organization\",\"name\":\"racoes e forragens castanheira\",\"url\":\"https:\\\/\\\/racoeseforragenscastanheira.com\\\/\",\"logo\":{\"@type\":\"ImageObject\",\"inLanguage\":\"en-GB\",\"@id\":\"https:\\\/\\\/racoeseforragenscastanheira.com\\\/#\\\/schema\\\/logo\\\/image\\\/\",\"url\":\"https:\\\/\\\/lightgoldenrodyellow-dugong-899059.hostingersite.com\\\/wp-content\\\/uploads\\\/2025\\\/01\\\/image003-e1726606072123.jpg\",\"contentUrl\":\"https:\\\/\\\/lightgoldenrodyellow-dugong-899059.hostingersite.com\\\/wp-content\\\/uploads\\\/2025\\\/01\\\/image003-e1726606072123.jpg\",\"width\":640,\"height\":405,\"caption\":\"racoes e forragens castanheira\"},\"image\":{\"@id\":\"https:\\\/\\\/racoeseforragenscastanheira.com\\\/#\\\/schema\\\/logo\\\/image\\\/\"},\"sameAs\":[\"https:\\\/\\\/www.facebook.com\\\/racoeseforragenscastanheira\",\"https:\\\/\\\/www.instagram.com\\\/racoes_e_forragens_castanheira\\\/\"]}]}<\/script>\n<!-- \/ Yoast SEO plugin. -->","yoast_head_json":{"title":"FENO SELECT HAY SECO ALFA-GRASS (LUZERNA) - FARDO 80 LT - racoes e forragens castanheira","description":"Conte\u00fado nutricional :100% Feno Luzerna Extra em Rama- Fibras largas XXL, suaves e digest\u00edveis. Isento de p\u00f3, livre de qu\u00edmicos. Erva arom\u00e1tica muito apetec\u00edvel. Composi\u00e7\u00e3o : - 100% Feno Luzerna Extra em Rama Uso : - Abra a embalagem na \u00e1rea superior. - Extraia a quantidade exata a consumir em cada refei\u00e7\u00e3o. - Feche a embalagem ap\u00f3s o uso. - Armazene em local fresco e seco. Dosagem : - Recomenda-se alimentar com 0.5 a 1.5 kg por cada 100 kg de peso corporal por dia, como complemento aos fenos tradicionais. - As quantidades recomendadas depender\u00e3o da qualidade das forragens e do tipo de trabalho. Adapta\u00e7\u00e3o : - Seu cavalo precisa de um per\u00edodo de adapta\u00e7\u00e3o. \u00c9 importante misturar o novo produto com a comida habitual por um per\u00edodo de 3-6 dias. - O cavalo pode inicialmente rejeitar estes alimentos frescos. N\u00e3o se preocupe, em pouco tempo o cavalo vai ter um interesse espetacular em comer estes tipos de forragens fresca. Composi\u00e7\u00e3o Qu\u00edmica: - Prote\u00edna Bruta 16,80% - Gordura Bruta 8,60 % - A\u00e7\u00facar 5,80 % - Fibra Bruta 27,60 % - Cinzas Brutas 3,20 % - Energia Digest\u00edvel 12 Mj\/kg - C\u00e1lcio 0,80 %\/kg - Magn\u00e9sio 0,75 %\/kg - Vitamina B6 3,00 mg\/kg - Vitamina E 1) 130 mg\/kg - D-Biotina 130,00 mg\/kg - Humidade 10% Tipo de embalagem : - Formato pacotes Open&Feed de 80L.","robots":{"index":"index","follow":"follow","max-snippet":"max-snippet:-1","max-image-preview":"max-image-preview:large","max-video-preview":"max-video-preview:-1"},"canonical":"https:\/\/racoeseforragenscastanheira.com\/en\/product\/feno-select-hay-seco-alfa-grass-f-xxl-luzerna-fardo-80-lt\/","og_locale":"en_GB","og_type":"article","og_title":"FENO SELECT HAY SECO ALFA-GRASS (LUZERNA) - FARDO 80 LT - racoes e forragens castanheira","og_description":"Conte\u00fado nutricional :100% Feno Luzerna Extra em Rama- Fibras largas XXL, suaves e digest\u00edveis. Isento de p\u00f3, livre de qu\u00edmicos. Erva arom\u00e1tica muito apetec\u00edvel. Composi\u00e7\u00e3o : - 100% Feno Luzerna Extra em Rama Uso : - Abra a embalagem na \u00e1rea superior. - Extraia a quantidade exata a consumir em cada refei\u00e7\u00e3o. - Feche a embalagem ap\u00f3s o uso. - Armazene em local fresco e seco. Dosagem : - Recomenda-se alimentar com 0.5 a 1.5 kg por cada 100 kg de peso corporal por dia, como complemento aos fenos tradicionais. - As quantidades recomendadas depender\u00e3o da qualidade das forragens e do tipo de trabalho. Adapta\u00e7\u00e3o : - Seu cavalo precisa de um per\u00edodo de adapta\u00e7\u00e3o. \u00c9 importante misturar o novo produto com a comida habitual por um per\u00edodo de 3-6 dias. - O cavalo pode inicialmente rejeitar estes alimentos frescos. N\u00e3o se preocupe, em pouco tempo o cavalo vai ter um interesse espetacular em comer estes tipos de forragens fresca. Composi\u00e7\u00e3o Qu\u00edmica: - Prote\u00edna Bruta 16,80% - Gordura Bruta 8,60 % - A\u00e7\u00facar 5,80 % - Fibra Bruta 27,60 % - Cinzas Brutas 3,20 % - Energia Digest\u00edvel 12 Mj\/kg - C\u00e1lcio 0,80 %\/kg - Magn\u00e9sio 0,75 %\/kg - Vitamina B6 3,00 mg\/kg - Vitamina E 1) 130 mg\/kg - D-Biotina 130,00 mg\/kg - Humidade 10% Tipo de embalagem : - Formato pacotes Open&Feed de 80L.","og_url":"https:\/\/racoeseforragenscastanheira.com\/en\/product\/feno-select-hay-seco-alfa-grass-f-xxl-luzerna-fardo-80-lt\/","og_site_name":"racoes e forragens castanheira","article_publisher":"https:\/\/www.facebook.com\/racoeseforragenscastanheira","article_modified_time":"2026-02-05T10:58:10+00:00","og_image":[{"width":600,"height":600,"url":"https:\/\/racoeseforragenscastanheira.com\/wp-content\/uploads\/2025\/03\/alfafa.jpg","type":"image\/jpeg"}],"twitter_card":"summary_large_image","twitter_misc":{"Estimated reading time":"2 minutes"},"schema":{"@context":"https:\/\/schema.org","@graph":[{"@type":"WebPage","@id":"https:\/\/racoeseforragenscastanheira.com\/produto\/feno-select-hay-seco-alfa-grass-f-xxl-luzerna-fardo-80-lt\/","url":"https:\/\/racoeseforragenscastanheira.com\/produto\/feno-select-hay-seco-alfa-grass-f-xxl-luzerna-fardo-80-lt\/","name":"FENO SELECT HAY SECO ALFA-GRASS (LUZERNA) - FARDO 80 LT - racoes e forragens castanheira","isPartOf":{"@id":"https:\/\/racoeseforragenscastanheira.com\/#website"},"primaryImageOfPage":{"@id":"https:\/\/racoeseforragenscastanheira.com\/produto\/feno-select-hay-seco-alfa-grass-f-xxl-luzerna-fardo-80-lt\/#primaryimage"},"image":{"@id":"https:\/\/racoeseforragenscastanheira.com\/produto\/feno-select-hay-seco-alfa-grass-f-xxl-luzerna-fardo-80-lt\/#primaryimage"},"thumbnailUrl":"https:\/\/racoeseforragenscastanheira.com\/wp-content\/uploads\/2025\/03\/alfafa.jpg","datePublished":"2025-03-03T16:56:45+00:00","dateModified":"2026-02-05T10:58:10+00:00","description":"Conte\u00fado nutricional :100% Feno Luzerna Extra em Rama- Fibras largas XXL, suaves e digest\u00edveis. Isento de p\u00f3, livre de qu\u00edmicos. Erva arom\u00e1tica muito apetec\u00edvel. Composi\u00e7\u00e3o : - 100% Feno Luzerna Extra em Rama Uso : - Abra a embalagem na \u00e1rea superior. - Extraia a quantidade exata a consumir em cada refei\u00e7\u00e3o. - Feche a embalagem ap\u00f3s o uso. - Armazene em local fresco e seco. Dosagem : - Recomenda-se alimentar com 0.5 a 1.5 kg por cada 100 kg de peso corporal por dia, como complemento aos fenos tradicionais. - As quantidades recomendadas depender\u00e3o da qualidade das forragens e do tipo de trabalho. Adapta\u00e7\u00e3o : - Seu cavalo precisa de um per\u00edodo de adapta\u00e7\u00e3o. \u00c9 importante misturar o novo produto com a comida habitual por um per\u00edodo de 3-6 dias. - O cavalo pode inicialmente rejeitar estes alimentos frescos. N\u00e3o se preocupe, em pouco tempo o cavalo vai ter um interesse espetacular em comer estes tipos de forragens fresca. Composi\u00e7\u00e3o Qu\u00edmica: - Prote\u00edna Bruta 16,80% - Gordura Bruta 8,60 % - A\u00e7\u00facar 5,80 % - Fibra Bruta 27,60 % - Cinzas Brutas 3,20 % - Energia Digest\u00edvel 12 Mj\/kg - C\u00e1lcio 0,80 %\/kg - Magn\u00e9sio 0,75 %\/kg - Vitamina B6 3,00 mg\/kg - Vitamina E 1) 130 mg\/kg - D-Biotina 130,00 mg\/kg - Humidade 10% Tipo de embalagem : - Formato pacotes Open&Feed de 80L.","breadcrumb":{"@id":"https:\/\/racoeseforragenscastanheira.com\/produto\/feno-select-hay-seco-alfa-grass-f-xxl-luzerna-fardo-80-lt\/#breadcrumb"},"inLanguage":"en-GB","potentialAction":[{"@type":"ReadAction","target":["https:\/\/racoeseforragenscastanheira.com\/produto\/feno-select-hay-seco-alfa-grass-f-xxl-luzerna-fardo-80-lt\/"]}]},{"@type":"ImageObject","inLanguage":"en-GB","@id":"https:\/\/racoeseforragenscastanheira.com\/produto\/feno-select-hay-seco-alfa-grass-f-xxl-luzerna-fardo-80-lt\/#primaryimage","url":"https:\/\/racoeseforragenscastanheira.com\/wp-content\/uploads\/2025\/03\/alfafa.jpg","contentUrl":"https:\/\/racoeseforragenscastanheira.com\/wp-content\/uploads\/2025\/03\/alfafa.jpg","width":600,"height":600},{"@type":"BreadcrumbList","@id":"https:\/\/racoeseforragenscastanheira.com\/produto\/feno-select-hay-seco-alfa-grass-f-xxl-luzerna-fardo-80-lt\/#breadcrumb","itemListElement":[{"@type":"ListItem","position":1,"name":"In\u00edcio","item":"https:\/\/racoeseforragenscastanheira.com\/"},{"@type":"ListItem","position":2,"name":"Shop","item":"https:\/\/racoeseforragenscastanheira.com\/shop\/"},{"@type":"ListItem","position":3,"name":"FENO SELECT HAY SECO ALFA-GRASS (LUZERNA) &#8211; FARDO 80 LT"}]},{"@type":"WebSite","@id":"https:\/\/racoeseforragenscastanheira.com\/#website","url":"https:\/\/racoeseforragenscastanheira.com\/","name":"racoes e forragens castanheira","description":"","publisher":{"@id":"https:\/\/racoeseforragenscastanheira.com\/#organization"},"potentialAction":[{"@type":"SearchAction","target":{"@type":"EntryPoint","urlTemplate":"https:\/\/racoeseforragenscastanheira.com\/?s={search_term_string}"},"query-input":{"@type":"PropertyValueSpecification","valueRequired":true,"valueName":"search_term_string"}}],"inLanguage":"en-GB"},{"@type":"Organization","@id":"https:\/\/racoeseforragenscastanheira.com\/#organization","name":"racoes e forragens castanheira","url":"https:\/\/racoeseforragenscastanheira.com\/","logo":{"@type":"ImageObject","inLanguage":"en-GB","@id":"https:\/\/racoeseforragenscastanheira.com\/#\/schema\/logo\/image\/","url":"https:\/\/lightgoldenrodyellow-dugong-899059.hostingersite.com\/wp-content\/uploads\/2025\/01\/image003-e1726606072123.jpg","contentUrl":"https:\/\/lightgoldenrodyellow-dugong-899059.hostingersite.com\/wp-content\/uploads\/2025\/01\/image003-e1726606072123.jpg","width":640,"height":405,"caption":"racoes e forragens castanheira"},"image":{"@id":"https:\/\/racoeseforragenscastanheira.com\/#\/schema\/logo\/image\/"},"sameAs":["https:\/\/www.facebook.com\/racoeseforragenscastanheira","https:\/\/www.instagram.com\/racoes_e_forragens_castanheira\/"]}]}},"_links":{"self":[{"href":"https:\/\/racoeseforragenscastanheira.com\/en\/wp-json\/wp\/v2\/product\/1676","targetHints":{"allow":["GET"]}}],"collection":[{"href":"https:\/\/racoeseforragenscastanheira.com\/en\/wp-json\/wp\/v2\/product"}],"about":[{"href":"https:\/\/racoeseforragenscastanheira.com\/en\/wp-json\/wp\/v2\/types\/product"}],"replies":[{"embeddable":true,"href":"https:\/\/racoeseforragenscastanheira.com\/en\/wp-json\/wp\/v2\/comments?post=1676"}],"wp:featuredmedia":[{"embeddable":true,"href":"https:\/\/racoeseforragenscastanheira.com\/en\/wp-json\/wp\/v2\/media\/1677"}],"wp:attachment":[{"href":"https:\/\/racoeseforragenscastanheira.com\/en\/wp-json\/wp\/v2\/media?parent=1676"}],"wp:term":[{"taxonomy":"product_brand","embeddable":true,"href":"https:\/\/racoeseforragenscastanheira.com\/en\/wp-json\/wp\/v2\/product_brand?post=1676"},{"taxonomy":"product_cat","embeddable":true,"href":"https:\/\/racoeseforragenscastanheira.com\/en\/wp-json\/wp\/v2\/product_cat?post=1676"},{"taxonomy":"product_tag","embeddable":true,"href":"https:\/\/racoeseforragenscastanheira.com\/en\/wp-json\/wp\/v2\/product_tag?post=1676"}],"curies":[{"name":"wp","href":"https:\/\/api.w.org\/{rel}","templated":true}]}}