{"id":1673,"date":"2025-03-03T16:41:04","date_gmt":"2025-03-03T16:41:04","guid":{"rendered":"https:\/\/racoeseforragenscastanheira.com\/?post_type=product&#038;p=1673"},"modified":"2026-03-20T16:32:22","modified_gmt":"2026-03-20T16:32:22","slug":"oleo-multiusos-almotolia-wd40-100ml","status":"publish","type":"product","link":"https:\/\/racoeseforragenscastanheira.com\/en\/product\/oleo-multiusos-almotolia-wd40-100ml\/","title":{"rendered":"\u00d3leo Multiusos Almotolia 100ml"},"content":{"rendered":"<p>O formato original do conta-gotas \u00e9 um elemento essencial em qualquer casa. A flexibilidade do aplicador de pl\u00e1stico permite que voc\u00ea alcance aqueles locais de dif\u00edcil acesso com a quantidade exata no local exato. Um produto essencial em casa para lubrificar e desbloquear tudo o que voc\u00ea precisa.<\/p>","protected":false},"excerpt":{"rendered":"<p>O formato original do conta-gotas \u00e9 um elemento essencial em qualquer casa. A flexibilidade do aplicador de pl\u00e1stico permite que voc\u00ea alcance aqueles locais de dif\u00edcil acesso com a quantidade exata no local exato. Um produto essencial em casa para lubrificar e desbloquear tudo o que voc\u00ea precisa.<\/p>","protected":false},"featured_media":1674,"comment_status":"open","ping_status":"closed","template":"","meta":[],"product_brand":[],"product_cat":[35],"product_tag":[],"class_list":{"0":"post-1673","1":"product","2":"type-product","3":"status-publish","4":"has-post-thumbnail","6":"product_cat-ferramentas-utensilios","8":"first","9":"instock","10":"taxable","11":"shipping-taxable","12":"purchasable","13":"product-type-simple"},"yoast_head":"<!-- This site is optimized with the Yoast SEO plugin v27.5 - https:\/\/yoast.com\/product\/yoast-seo-wordpress\/ -->\n<title>\u00d3leo Multiusos Almotolia 100ml - racoes e forragens castanheira<\/title>\n<meta name=\"robots\" content=\"index, follow, max-snippet:-1, max-image-preview:large, max-video-preview:-1\" \/>\n<link rel=\"canonical\" href=\"https:\/\/racoeseforragenscastanheira.com\/en\/product\/oleo-multiusos-almotolia-wd40-100ml\/\" \/>\n<meta property=\"og:locale\" content=\"en_GB\" \/>\n<meta property=\"og:type\" content=\"article\" \/>\n<meta property=\"og:title\" content=\"\u00d3leo Multiusos Almotolia 100ml - racoes e forragens castanheira\" \/>\n<meta property=\"og:description\" content=\"O formato original do conta-gotas \u00e9 um elemento essencial em qualquer casa. A flexibilidade do aplicador de pl\u00e1stico permite que voc\u00ea alcance aqueles locais de dif\u00edcil acesso com a quantidade exata no local exato. Um produto essencial em casa para lubrificar e desbloquear tudo o que voc\u00ea precisa.\" \/>\n<meta property=\"og:url\" content=\"https:\/\/racoeseforragenscastanheira.com\/en\/product\/oleo-multiusos-almotolia-wd40-100ml\/\" \/>\n<meta property=\"og:site_name\" content=\"racoes e forragens castanheira\" \/>\n<meta property=\"article:publisher\" content=\"https:\/\/www.facebook.com\/racoeseforragenscastanheira\" \/>\n<meta property=\"article:modified_time\" content=\"2026-03-20T16:32:22+00:00\" \/>\n<meta property=\"og:image\" content=\"https:\/\/racoeseforragenscastanheira.com\/wp-content\/uploads\/2025\/03\/cefffbb84c486b71fec9a2899aaf58f73f68018f.webp\" \/>\n\t<meta property=\"og:image:width\" content=\"1140\" \/>\n\t<meta property=\"og:image:height\" content=\"855\" \/>\n\t<meta property=\"og:image:type\" content=\"image\/webp\" \/>\n<meta name=\"twitter:card\" content=\"summary_large_image\" \/>\n<meta name=\"twitter:label1\" content=\"Estimated reading time\" \/>\n\t<meta name=\"twitter:data1\" content=\"1 minute\" \/>\n<script type=\"application\/ld+json\" class=\"yoast-schema-graph\">{\"@context\":\"https:\\\/\\\/schema.org\",\"@graph\":[{\"@type\":\"WebPage\",\"@id\":\"https:\\\/\\\/racoeseforragenscastanheira.com\\\/produto\\\/oleo-multiusos-almotolia-wd40-100ml\\\/\",\"url\":\"https:\\\/\\\/racoeseforragenscastanheira.com\\\/produto\\\/oleo-multiusos-almotolia-wd40-100ml\\\/\",\"name\":\"\u00d3leo Multiusos Almotolia 100ml - racoes e forragens castanheira\",\"isPartOf\":{\"@id\":\"https:\\\/\\\/racoeseforragenscastanheira.com\\\/#website\"},\"primaryImageOfPage\":{\"@id\":\"https:\\\/\\\/racoeseforragenscastanheira.com\\\/produto\\\/oleo-multiusos-almotolia-wd40-100ml\\\/#primaryimage\"},\"image\":{\"@id\":\"https:\\\/\\\/racoeseforragenscastanheira.com\\\/produto\\\/oleo-multiusos-almotolia-wd40-100ml\\\/#primaryimage\"},\"thumbnailUrl\":\"https:\\\/\\\/racoeseforragenscastanheira.com\\\/wp-content\\\/uploads\\\/2025\\\/03\\\/cefffbb84c486b71fec9a2899aaf58f73f68018f.webp\",\"datePublished\":\"2025-03-03T16:41:04+00:00\",\"dateModified\":\"2026-03-20T16:32:22+00:00\",\"breadcrumb\":{\"@id\":\"https:\\\/\\\/racoeseforragenscastanheira.com\\\/produto\\\/oleo-multiusos-almotolia-wd40-100ml\\\/#breadcrumb\"},\"inLanguage\":\"en-GB\",\"potentialAction\":[{\"@type\":\"ReadAction\",\"target\":[\"https:\\\/\\\/racoeseforragenscastanheira.com\\\/produto\\\/oleo-multiusos-almotolia-wd40-100ml\\\/\"]}]},{\"@type\":\"ImageObject\",\"inLanguage\":\"en-GB\",\"@id\":\"https:\\\/\\\/racoeseforragenscastanheira.com\\\/produto\\\/oleo-multiusos-almotolia-wd40-100ml\\\/#primaryimage\",\"url\":\"https:\\\/\\\/racoeseforragenscastanheira.com\\\/wp-content\\\/uploads\\\/2025\\\/03\\\/cefffbb84c486b71fec9a2899aaf58f73f68018f.webp\",\"contentUrl\":\"https:\\\/\\\/racoeseforragenscastanheira.com\\\/wp-content\\\/uploads\\\/2025\\\/03\\\/cefffbb84c486b71fec9a2899aaf58f73f68018f.webp\",\"width\":1140,\"height\":855},{\"@type\":\"BreadcrumbList\",\"@id\":\"https:\\\/\\\/racoeseforragenscastanheira.com\\\/produto\\\/oleo-multiusos-almotolia-wd40-100ml\\\/#breadcrumb\",\"itemListElement\":[{\"@type\":\"ListItem\",\"position\":1,\"name\":\"In\u00edcio\",\"item\":\"https:\\\/\\\/racoeseforragenscastanheira.com\\\/\"},{\"@type\":\"ListItem\",\"position\":2,\"name\":\"Shop\",\"item\":\"https:\\\/\\\/racoeseforragenscastanheira.com\\\/shop\\\/\"},{\"@type\":\"ListItem\",\"position\":3,\"name\":\"\u00d3leo Multiusos Almotolia 100ml\"}]},{\"@type\":\"WebSite\",\"@id\":\"https:\\\/\\\/racoeseforragenscastanheira.com\\\/#website\",\"url\":\"https:\\\/\\\/racoeseforragenscastanheira.com\\\/\",\"name\":\"racoes e forragens castanheira\",\"description\":\"\",\"publisher\":{\"@id\":\"https:\\\/\\\/racoeseforragenscastanheira.com\\\/#organization\"},\"potentialAction\":[{\"@type\":\"SearchAction\",\"target\":{\"@type\":\"EntryPoint\",\"urlTemplate\":\"https:\\\/\\\/racoeseforragenscastanheira.com\\\/?s={search_term_string}\"},\"query-input\":{\"@type\":\"PropertyValueSpecification\",\"valueRequired\":true,\"valueName\":\"search_term_string\"}}],\"inLanguage\":\"en-GB\"},{\"@type\":\"Organization\",\"@id\":\"https:\\\/\\\/racoeseforragenscastanheira.com\\\/#organization\",\"name\":\"racoes e forragens castanheira\",\"url\":\"https:\\\/\\\/racoeseforragenscastanheira.com\\\/\",\"logo\":{\"@type\":\"ImageObject\",\"inLanguage\":\"en-GB\",\"@id\":\"https:\\\/\\\/racoeseforragenscastanheira.com\\\/#\\\/schema\\\/logo\\\/image\\\/\",\"url\":\"https:\\\/\\\/lightgoldenrodyellow-dugong-899059.hostingersite.com\\\/wp-content\\\/uploads\\\/2025\\\/01\\\/image003-e1726606072123.jpg\",\"contentUrl\":\"https:\\\/\\\/lightgoldenrodyellow-dugong-899059.hostingersite.com\\\/wp-content\\\/uploads\\\/2025\\\/01\\\/image003-e1726606072123.jpg\",\"width\":640,\"height\":405,\"caption\":\"racoes e forragens castanheira\"},\"image\":{\"@id\":\"https:\\\/\\\/racoeseforragenscastanheira.com\\\/#\\\/schema\\\/logo\\\/image\\\/\"},\"sameAs\":[\"https:\\\/\\\/www.facebook.com\\\/racoeseforragenscastanheira\",\"https:\\\/\\\/www.instagram.com\\\/racoes_e_forragens_castanheira\\\/\"]}]}<\/script>\n<!-- \/ Yoast SEO plugin. -->","yoast_head_json":{"title":"\u00d3leo Multiusos Almotolia 100ml - racoes e forragens castanheira","robots":{"index":"index","follow":"follow","max-snippet":"max-snippet:-1","max-image-preview":"max-image-preview:large","max-video-preview":"max-video-preview:-1"},"canonical":"https:\/\/racoeseforragenscastanheira.com\/en\/product\/oleo-multiusos-almotolia-wd40-100ml\/","og_locale":"en_GB","og_type":"article","og_title":"\u00d3leo Multiusos Almotolia 100ml - racoes e forragens castanheira","og_description":"O formato original do conta-gotas \u00e9 um elemento essencial em qualquer casa. A flexibilidade do aplicador de pl\u00e1stico permite que voc\u00ea alcance aqueles locais de dif\u00edcil acesso com a quantidade exata no local exato. Um produto essencial em casa para lubrificar e desbloquear tudo o que voc\u00ea precisa.","og_url":"https:\/\/racoeseforragenscastanheira.com\/en\/product\/oleo-multiusos-almotolia-wd40-100ml\/","og_site_name":"racoes e forragens castanheira","article_publisher":"https:\/\/www.facebook.com\/racoeseforragenscastanheira","article_modified_time":"2026-03-20T16:32:22+00:00","og_image":[{"width":1140,"height":855,"url":"https:\/\/racoeseforragenscastanheira.com\/wp-content\/uploads\/2025\/03\/cefffbb84c486b71fec9a2899aaf58f73f68018f.webp","type":"image\/webp"}],"twitter_card":"summary_large_image","twitter_misc":{"Estimated reading time":"1 minute"},"schema":{"@context":"https:\/\/schema.org","@graph":[{"@type":"WebPage","@id":"https:\/\/racoeseforragenscastanheira.com\/produto\/oleo-multiusos-almotolia-wd40-100ml\/","url":"https:\/\/racoeseforragenscastanheira.com\/produto\/oleo-multiusos-almotolia-wd40-100ml\/","name":"\u00d3leo Multiusos Almotolia 100ml - racoes e forragens castanheira","isPartOf":{"@id":"https:\/\/racoeseforragenscastanheira.com\/#website"},"primaryImageOfPage":{"@id":"https:\/\/racoeseforragenscastanheira.com\/produto\/oleo-multiusos-almotolia-wd40-100ml\/#primaryimage"},"image":{"@id":"https:\/\/racoeseforragenscastanheira.com\/produto\/oleo-multiusos-almotolia-wd40-100ml\/#primaryimage"},"thumbnailUrl":"https:\/\/racoeseforragenscastanheira.com\/wp-content\/uploads\/2025\/03\/cefffbb84c486b71fec9a2899aaf58f73f68018f.webp","datePublished":"2025-03-03T16:41:04+00:00","dateModified":"2026-03-20T16:32:22+00:00","breadcrumb":{"@id":"https:\/\/racoeseforragenscastanheira.com\/produto\/oleo-multiusos-almotolia-wd40-100ml\/#breadcrumb"},"inLanguage":"en-GB","potentialAction":[{"@type":"ReadAction","target":["https:\/\/racoeseforragenscastanheira.com\/produto\/oleo-multiusos-almotolia-wd40-100ml\/"]}]},{"@type":"ImageObject","inLanguage":"en-GB","@id":"https:\/\/racoeseforragenscastanheira.com\/produto\/oleo-multiusos-almotolia-wd40-100ml\/#primaryimage","url":"https:\/\/racoeseforragenscastanheira.com\/wp-content\/uploads\/2025\/03\/cefffbb84c486b71fec9a2899aaf58f73f68018f.webp","contentUrl":"https:\/\/racoeseforragenscastanheira.com\/wp-content\/uploads\/2025\/03\/cefffbb84c486b71fec9a2899aaf58f73f68018f.webp","width":1140,"height":855},{"@type":"BreadcrumbList","@id":"https:\/\/racoeseforragenscastanheira.com\/produto\/oleo-multiusos-almotolia-wd40-100ml\/#breadcrumb","itemListElement":[{"@type":"ListItem","position":1,"name":"In\u00edcio","item":"https:\/\/racoeseforragenscastanheira.com\/"},{"@type":"ListItem","position":2,"name":"Shop","item":"https:\/\/racoeseforragenscastanheira.com\/shop\/"},{"@type":"ListItem","position":3,"name":"\u00d3leo Multiusos Almotolia 100ml"}]},{"@type":"WebSite","@id":"https:\/\/racoeseforragenscastanheira.com\/#website","url":"https:\/\/racoeseforragenscastanheira.com\/","name":"racoes e forragens castanheira","description":"","publisher":{"@id":"https:\/\/racoeseforragenscastanheira.com\/#organization"},"potentialAction":[{"@type":"SearchAction","target":{"@type":"EntryPoint","urlTemplate":"https:\/\/racoeseforragenscastanheira.com\/?s={search_term_string}"},"query-input":{"@type":"PropertyValueSpecification","valueRequired":true,"valueName":"search_term_string"}}],"inLanguage":"en-GB"},{"@type":"Organization","@id":"https:\/\/racoeseforragenscastanheira.com\/#organization","name":"racoes e forragens castanheira","url":"https:\/\/racoeseforragenscastanheira.com\/","logo":{"@type":"ImageObject","inLanguage":"en-GB","@id":"https:\/\/racoeseforragenscastanheira.com\/#\/schema\/logo\/image\/","url":"https:\/\/lightgoldenrodyellow-dugong-899059.hostingersite.com\/wp-content\/uploads\/2025\/01\/image003-e1726606072123.jpg","contentUrl":"https:\/\/lightgoldenrodyellow-dugong-899059.hostingersite.com\/wp-content\/uploads\/2025\/01\/image003-e1726606072123.jpg","width":640,"height":405,"caption":"racoes e forragens castanheira"},"image":{"@id":"https:\/\/racoeseforragenscastanheira.com\/#\/schema\/logo\/image\/"},"sameAs":["https:\/\/www.facebook.com\/racoeseforragenscastanheira","https:\/\/www.instagram.com\/racoes_e_forragens_castanheira\/"]}]}},"_links":{"self":[{"href":"https:\/\/racoeseforragenscastanheira.com\/en\/wp-json\/wp\/v2\/product\/1673","targetHints":{"allow":["GET"]}}],"collection":[{"href":"https:\/\/racoeseforragenscastanheira.com\/en\/wp-json\/wp\/v2\/product"}],"about":[{"href":"https:\/\/racoeseforragenscastanheira.com\/en\/wp-json\/wp\/v2\/types\/product"}],"replies":[{"embeddable":true,"href":"https:\/\/racoeseforragenscastanheira.com\/en\/wp-json\/wp\/v2\/comments?post=1673"}],"wp:featuredmedia":[{"embeddable":true,"href":"https:\/\/racoeseforragenscastanheira.com\/en\/wp-json\/wp\/v2\/media\/1674"}],"wp:attachment":[{"href":"https:\/\/racoeseforragenscastanheira.com\/en\/wp-json\/wp\/v2\/media?parent=1673"}],"wp:term":[{"taxonomy":"product_brand","embeddable":true,"href":"https:\/\/racoeseforragenscastanheira.com\/en\/wp-json\/wp\/v2\/product_brand?post=1673"},{"taxonomy":"product_cat","embeddable":true,"href":"https:\/\/racoeseforragenscastanheira.com\/en\/wp-json\/wp\/v2\/product_cat?post=1673"},{"taxonomy":"product_tag","embeddable":true,"href":"https:\/\/racoeseforragenscastanheira.com\/en\/wp-json\/wp\/v2\/product_tag?post=1673"}],"curies":[{"name":"wp","href":"https:\/\/api.w.org\/{rel}","templated":true}]}}