{"id":1667,"date":"2025-03-03T16:20:13","date_gmt":"2025-03-03T16:20:13","guid":{"rendered":"https:\/\/racoeseforragenscastanheira.com\/?post_type=product&#038;p=1667"},"modified":"2025-09-24T17:02:55","modified_gmt":"2025-09-24T17:02:55","slug":"repelente-clac-pharmakas-500ml","status":"publish","type":"product","link":"https:\/\/racoeseforragenscastanheira.com\/en\/product\/repelente-clac-pharmakas-500ml\/","title":{"rendered":"Repelente Clac Pharmakas, 500ml"},"content":{"rendered":"<p>O Pharmakas\u00ae CLAC Insect Protect Spray com icaridina \u00e9 a sua prote\u00e7\u00e3o segura e fi\u00e1vel contra insectos como moscas, mutucas e carra\u00e7as. A elevada prote\u00e7\u00e3o torna-se eficaz imediatamente ap\u00f3s a aplica\u00e7\u00e3o e desenvolve-se uma defesa que se mant\u00e9m ao mesmo n\u00edvel durante horas, mesmo com transpira\u00e7\u00e3o intensa. Gra\u00e7as ao ingrediente especial icaridina, este spray de alto desempenho \u00e9 particularmente duradouro no seu efeito e, ao mesmo tempo, \u00e9 amigo da pele e do pelo. Segundo a nossa experi\u00eancia, a Icaridina n\u00e3o provoca reac\u00e7\u00f5es al\u00e9rgicas e \u00e9 bem tolerada. \u00c9 por isso que o spray tamb\u00e9m \u00e9 eminentemente adequado para cavalos com pele sens\u00edvel. O inovador frasco de spray garante uma utiliza\u00e7\u00e3o f\u00e1cil, uma aplica\u00e7\u00e3o silenciosa com uma pulveriza\u00e7\u00e3o fina e uniforme, bem como a possibilidade de esvaziamento completo.<\/p>\n<p>Utiliza\u00e7\u00e3o: Agitar bem antes de utilizar! Pulverizar uniformemente sobre o pelo. Conselho: para as zonas sens\u00edveis, utilizar Pharmakas\u00ae CLAC Insect Protect Gel.<\/p>\n<p>Nota: Utilizar produtos biocidas com cuidado. Ler sempre o r\u00f3tulo e as informa\u00e7\u00f5es sobre o produto antes de o utilizar.<\/p>\n<p>N\u00famero de registo da Ag\u00eancia Federal para a Sa\u00fade e Seguran\u00e7a Industrial: N-96752<\/p>\n<p>Informa\u00e7\u00f5es de perigo<\/p>\n<p>H226 &#8211; L\u00edquido e vapor inflam\u00e1veis.<\/p>\n<p>H319 &#8211; Provoca irrita\u00e7\u00e3o ocular grave.<\/p>\n<p>Conte\u00fado: 500 ml<\/p>","protected":false},"excerpt":{"rendered":"<p>O Pharmakas\u00ae CLAC Insect Protect Spray com icaridina \u00e9 a sua prote\u00e7\u00e3o segura e fi\u00e1vel contra insectos como moscas, mutucas e carra\u00e7as. A elevada prote\u00e7\u00e3o torna-se eficaz imediatamente ap\u00f3s a aplica\u00e7\u00e3o e desenvolve-se uma defesa que se mant\u00e9m ao mesmo n\u00edvel durante horas, mesmo com transpira\u00e7\u00e3o intensa. Gra\u00e7as ao ingrediente especial icaridina, este spray de alto desempenho \u00e9 particularmente duradouro no seu efeito e, ao mesmo tempo, \u00e9 amigo da pele e do pelo. Segundo a nossa experi\u00eancia, a Icaridina n\u00e3o provoca reac\u00e7\u00f5es al\u00e9rgicas e \u00e9 bem tolerada. \u00c9 por isso que o spray tamb\u00e9m \u00e9 eminentemente adequado para cavalos com pele sens\u00edvel. O inovador frasco de spray garante uma utiliza\u00e7\u00e3o f\u00e1cil, uma aplica\u00e7\u00e3o silenciosa com uma pulveriza\u00e7\u00e3o fina e uniforme, bem como a possibilidade de esvaziamento completo.<\/p>\n<p>Utiliza\u00e7\u00e3o: Agitar bem antes de utilizar! Pulverizar uniformemente sobre o pelo. Conselho: para as zonas sens\u00edveis, utilizar Pharmakas\u00ae CLAC Insect Protect Gel.<\/p>\n<p>Nota: Utilizar produtos biocidas com cuidado. Ler sempre o r\u00f3tulo e as informa\u00e7\u00f5es sobre o produto antes de o utilizar.<\/p>\n<p>N\u00famero de registo da Ag\u00eancia Federal para a Sa\u00fade e Seguran\u00e7a Industrial: N-96752<\/p>\n<p>Informa\u00e7\u00f5es de perigo<\/p>\n<p>H226 &#8211; L\u00edquido e vapor inflam\u00e1veis.<\/p>\n<p>H319 &#8211; Provoca irrita\u00e7\u00e3o ocular grave.<\/p>\n<p>Conte\u00fado: 500 ml<\/p>","protected":false},"featured_media":1668,"comment_status":"open","ping_status":"closed","template":"","meta":[],"product_brand":[],"product_cat":[28,38],"product_tag":[],"class_list":{"0":"post-1667","1":"product","2":"type-product","3":"status-publish","4":"has-post-thumbnail","6":"product_cat-pet-shop","7":"product_cat-uso-nao-profissional","9":"first","10":"instock","11":"taxable","12":"shipping-taxable","13":"purchasable","14":"product-type-simple"},"yoast_head":"<!-- This site is optimized with the Yoast SEO plugin v27.5 - https:\/\/yoast.com\/product\/yoast-seo-wordpress\/ -->\n<title>Repelente Clac Pharmakas, 500ml - racoes e forragens castanheira<\/title>\n<meta name=\"robots\" content=\"index, follow, max-snippet:-1, max-image-preview:large, max-video-preview:-1\" \/>\n<link rel=\"canonical\" href=\"https:\/\/racoeseforragenscastanheira.com\/en\/product\/repelente-clac-pharmakas-500ml\/\" \/>\n<meta property=\"og:locale\" content=\"en_GB\" \/>\n<meta property=\"og:type\" content=\"article\" \/>\n<meta property=\"og:title\" content=\"Repelente Clac Pharmakas, 500ml - racoes e forragens castanheira\" \/>\n<meta property=\"og:description\" content=\"O Pharmakas\u00ae CLAC Insect Protect Spray com icaridina \u00e9 a sua prote\u00e7\u00e3o segura e fi\u00e1vel contra insectos como moscas, mutucas e carra\u00e7as. A elevada prote\u00e7\u00e3o torna-se eficaz imediatamente ap\u00f3s a aplica\u00e7\u00e3o e desenvolve-se uma defesa que se mant\u00e9m ao mesmo n\u00edvel durante horas, mesmo com transpira\u00e7\u00e3o intensa. Gra\u00e7as ao ingrediente especial icaridina, este spray de alto desempenho \u00e9 particularmente duradouro no seu efeito e, ao mesmo tempo, \u00e9 amigo da pele e do pelo. Segundo a nossa experi\u00eancia, a Icaridina n\u00e3o provoca reac\u00e7\u00f5es al\u00e9rgicas e \u00e9 bem tolerada. \u00c9 por isso que o spray tamb\u00e9m \u00e9 eminentemente adequado para cavalos com pele sens\u00edvel. O inovador frasco de spray garante uma utiliza\u00e7\u00e3o f\u00e1cil, uma aplica\u00e7\u00e3o silenciosa com uma pulveriza\u00e7\u00e3o fina e uniforme, bem como a possibilidade de esvaziamento completo.  Utiliza\u00e7\u00e3o: Agitar bem antes de utilizar! Pulverizar uniformemente sobre o pelo. Conselho: para as zonas sens\u00edveis, utilizar Pharmakas\u00ae CLAC Insect Protect Gel.  Nota: Utilizar produtos biocidas com cuidado. Ler sempre o r\u00f3tulo e as informa\u00e7\u00f5es sobre o produto antes de o utilizar.  N\u00famero de registo da Ag\u00eancia Federal para a Sa\u00fade e Seguran\u00e7a Industrial: N-96752  Informa\u00e7\u00f5es de perigo  H226 - L\u00edquido e vapor inflam\u00e1veis.  H319 - Provoca irrita\u00e7\u00e3o ocular grave.  Conte\u00fado: 500 ml\" \/>\n<meta property=\"og:url\" content=\"https:\/\/racoeseforragenscastanheira.com\/en\/product\/repelente-clac-pharmakas-500ml\/\" \/>\n<meta property=\"og:site_name\" content=\"racoes e forragens castanheira\" \/>\n<meta property=\"article:publisher\" content=\"https:\/\/www.facebook.com\/racoeseforragenscastanheira\" \/>\n<meta property=\"article:modified_time\" content=\"2025-09-24T17:02:55+00:00\" \/>\n<meta property=\"og:image\" content=\"https:\/\/racoeseforragenscastanheira.com\/wp-content\/uploads\/2025\/03\/3905218-Repelente-Clac-Pharmakas\u00ae-500ml.png\" \/>\n\t<meta property=\"og:image:width\" content=\"895\" \/>\n\t<meta property=\"og:image:height\" content=\"1024\" \/>\n\t<meta property=\"og:image:type\" content=\"image\/png\" \/>\n<meta name=\"twitter:card\" content=\"summary_large_image\" \/>\n<meta name=\"twitter:label1\" content=\"Estimated reading time\" \/>\n\t<meta name=\"twitter:data1\" content=\"2 minutes\" \/>\n<script type=\"application\/ld+json\" class=\"yoast-schema-graph\">{\"@context\":\"https:\\\/\\\/schema.org\",\"@graph\":[{\"@type\":\"WebPage\",\"@id\":\"https:\\\/\\\/racoeseforragenscastanheira.com\\\/en\\\/product\\\/repelente-clac-pharmakas-500ml\\\/\",\"url\":\"https:\\\/\\\/racoeseforragenscastanheira.com\\\/en\\\/product\\\/repelente-clac-pharmakas-500ml\\\/\",\"name\":\"Repelente Clac Pharmakas, 500ml - racoes e forragens castanheira\",\"isPartOf\":{\"@id\":\"https:\\\/\\\/racoeseforragenscastanheira.com\\\/#website\"},\"primaryImageOfPage\":{\"@id\":\"https:\\\/\\\/racoeseforragenscastanheira.com\\\/en\\\/product\\\/repelente-clac-pharmakas-500ml\\\/#primaryimage\"},\"image\":{\"@id\":\"https:\\\/\\\/racoeseforragenscastanheira.com\\\/en\\\/product\\\/repelente-clac-pharmakas-500ml\\\/#primaryimage\"},\"thumbnailUrl\":\"https:\\\/\\\/racoeseforragenscastanheira.com\\\/wp-content\\\/uploads\\\/2025\\\/03\\\/3905218-Repelente-Clac-Pharmakas\u00ae-500ml.png\",\"datePublished\":\"2025-03-03T16:20:13+00:00\",\"dateModified\":\"2025-09-24T17:02:55+00:00\",\"breadcrumb\":{\"@id\":\"https:\\\/\\\/racoeseforragenscastanheira.com\\\/en\\\/product\\\/repelente-clac-pharmakas-500ml\\\/#breadcrumb\"},\"inLanguage\":\"en-GB\",\"potentialAction\":[{\"@type\":\"ReadAction\",\"target\":[\"https:\\\/\\\/racoeseforragenscastanheira.com\\\/en\\\/product\\\/repelente-clac-pharmakas-500ml\\\/\"]}]},{\"@type\":\"ImageObject\",\"inLanguage\":\"en-GB\",\"@id\":\"https:\\\/\\\/racoeseforragenscastanheira.com\\\/en\\\/product\\\/repelente-clac-pharmakas-500ml\\\/#primaryimage\",\"url\":\"https:\\\/\\\/racoeseforragenscastanheira.com\\\/wp-content\\\/uploads\\\/2025\\\/03\\\/3905218-Repelente-Clac-Pharmakas\u00ae-500ml.png\",\"contentUrl\":\"https:\\\/\\\/racoeseforragenscastanheira.com\\\/wp-content\\\/uploads\\\/2025\\\/03\\\/3905218-Repelente-Clac-Pharmakas\u00ae-500ml.png\",\"width\":895,\"height\":1024},{\"@type\":\"BreadcrumbList\",\"@id\":\"https:\\\/\\\/racoeseforragenscastanheira.com\\\/en\\\/product\\\/repelente-clac-pharmakas-500ml\\\/#breadcrumb\",\"itemListElement\":[{\"@type\":\"ListItem\",\"position\":1,\"name\":\"In\u00edcio\",\"item\":\"https:\\\/\\\/racoeseforragenscastanheira.com\\\/\"},{\"@type\":\"ListItem\",\"position\":2,\"name\":\"Shop\",\"item\":\"https:\\\/\\\/racoeseforragenscastanheira.com\\\/shop\\\/\"},{\"@type\":\"ListItem\",\"position\":3,\"name\":\"Repelente Clac Pharmakas, 500ml\"}]},{\"@type\":\"WebSite\",\"@id\":\"https:\\\/\\\/racoeseforragenscastanheira.com\\\/#website\",\"url\":\"https:\\\/\\\/racoeseforragenscastanheira.com\\\/\",\"name\":\"racoes e forragens castanheira\",\"description\":\"\",\"publisher\":{\"@id\":\"https:\\\/\\\/racoeseforragenscastanheira.com\\\/#organization\"},\"potentialAction\":[{\"@type\":\"SearchAction\",\"target\":{\"@type\":\"EntryPoint\",\"urlTemplate\":\"https:\\\/\\\/racoeseforragenscastanheira.com\\\/?s={search_term_string}\"},\"query-input\":{\"@type\":\"PropertyValueSpecification\",\"valueRequired\":true,\"valueName\":\"search_term_string\"}}],\"inLanguage\":\"en-GB\"},{\"@type\":\"Organization\",\"@id\":\"https:\\\/\\\/racoeseforragenscastanheira.com\\\/#organization\",\"name\":\"racoes e forragens castanheira\",\"url\":\"https:\\\/\\\/racoeseforragenscastanheira.com\\\/\",\"logo\":{\"@type\":\"ImageObject\",\"inLanguage\":\"en-GB\",\"@id\":\"https:\\\/\\\/racoeseforragenscastanheira.com\\\/#\\\/schema\\\/logo\\\/image\\\/\",\"url\":\"https:\\\/\\\/lightgoldenrodyellow-dugong-899059.hostingersite.com\\\/wp-content\\\/uploads\\\/2025\\\/01\\\/image003-e1726606072123.jpg\",\"contentUrl\":\"https:\\\/\\\/lightgoldenrodyellow-dugong-899059.hostingersite.com\\\/wp-content\\\/uploads\\\/2025\\\/01\\\/image003-e1726606072123.jpg\",\"width\":640,\"height\":405,\"caption\":\"racoes e forragens castanheira\"},\"image\":{\"@id\":\"https:\\\/\\\/racoeseforragenscastanheira.com\\\/#\\\/schema\\\/logo\\\/image\\\/\"},\"sameAs\":[\"https:\\\/\\\/www.facebook.com\\\/racoeseforragenscastanheira\",\"https:\\\/\\\/www.instagram.com\\\/racoes_e_forragens_castanheira\\\/\"]}]}<\/script>\n<!-- \/ Yoast SEO plugin. -->","yoast_head_json":{"title":"Repelente Clac Pharmakas, 500ml - racoes e forragens castanheira","robots":{"index":"index","follow":"follow","max-snippet":"max-snippet:-1","max-image-preview":"max-image-preview:large","max-video-preview":"max-video-preview:-1"},"canonical":"https:\/\/racoeseforragenscastanheira.com\/en\/product\/repelente-clac-pharmakas-500ml\/","og_locale":"en_GB","og_type":"article","og_title":"Repelente Clac Pharmakas, 500ml - racoes e forragens castanheira","og_description":"O Pharmakas\u00ae CLAC Insect Protect Spray com icaridina \u00e9 a sua prote\u00e7\u00e3o segura e fi\u00e1vel contra insectos como moscas, mutucas e carra\u00e7as. A elevada prote\u00e7\u00e3o torna-se eficaz imediatamente ap\u00f3s a aplica\u00e7\u00e3o e desenvolve-se uma defesa que se mant\u00e9m ao mesmo n\u00edvel durante horas, mesmo com transpira\u00e7\u00e3o intensa. Gra\u00e7as ao ingrediente especial icaridina, este spray de alto desempenho \u00e9 particularmente duradouro no seu efeito e, ao mesmo tempo, \u00e9 amigo da pele e do pelo. Segundo a nossa experi\u00eancia, a Icaridina n\u00e3o provoca reac\u00e7\u00f5es al\u00e9rgicas e \u00e9 bem tolerada. \u00c9 por isso que o spray tamb\u00e9m \u00e9 eminentemente adequado para cavalos com pele sens\u00edvel. O inovador frasco de spray garante uma utiliza\u00e7\u00e3o f\u00e1cil, uma aplica\u00e7\u00e3o silenciosa com uma pulveriza\u00e7\u00e3o fina e uniforme, bem como a possibilidade de esvaziamento completo.  Utiliza\u00e7\u00e3o: Agitar bem antes de utilizar! Pulverizar uniformemente sobre o pelo. Conselho: para as zonas sens\u00edveis, utilizar Pharmakas\u00ae CLAC Insect Protect Gel.  Nota: Utilizar produtos biocidas com cuidado. Ler sempre o r\u00f3tulo e as informa\u00e7\u00f5es sobre o produto antes de o utilizar.  N\u00famero de registo da Ag\u00eancia Federal para a Sa\u00fade e Seguran\u00e7a Industrial: N-96752  Informa\u00e7\u00f5es de perigo  H226 - L\u00edquido e vapor inflam\u00e1veis.  H319 - Provoca irrita\u00e7\u00e3o ocular grave.  Conte\u00fado: 500 ml","og_url":"https:\/\/racoeseforragenscastanheira.com\/en\/product\/repelente-clac-pharmakas-500ml\/","og_site_name":"racoes e forragens castanheira","article_publisher":"https:\/\/www.facebook.com\/racoeseforragenscastanheira","article_modified_time":"2025-09-24T17:02:55+00:00","og_image":[{"width":895,"height":1024,"url":"https:\/\/racoeseforragenscastanheira.com\/wp-content\/uploads\/2025\/03\/3905218-Repelente-Clac-Pharmakas\u00ae-500ml.png","type":"image\/png"}],"twitter_card":"summary_large_image","twitter_misc":{"Estimated reading time":"2 minutes"},"schema":{"@context":"https:\/\/schema.org","@graph":[{"@type":"WebPage","@id":"https:\/\/racoeseforragenscastanheira.com\/en\/product\/repelente-clac-pharmakas-500ml\/","url":"https:\/\/racoeseforragenscastanheira.com\/en\/product\/repelente-clac-pharmakas-500ml\/","name":"Repelente Clac Pharmakas, 500ml - racoes e forragens castanheira","isPartOf":{"@id":"https:\/\/racoeseforragenscastanheira.com\/#website"},"primaryImageOfPage":{"@id":"https:\/\/racoeseforragenscastanheira.com\/en\/product\/repelente-clac-pharmakas-500ml\/#primaryimage"},"image":{"@id":"https:\/\/racoeseforragenscastanheira.com\/en\/product\/repelente-clac-pharmakas-500ml\/#primaryimage"},"thumbnailUrl":"https:\/\/racoeseforragenscastanheira.com\/wp-content\/uploads\/2025\/03\/3905218-Repelente-Clac-Pharmakas\u00ae-500ml.png","datePublished":"2025-03-03T16:20:13+00:00","dateModified":"2025-09-24T17:02:55+00:00","breadcrumb":{"@id":"https:\/\/racoeseforragenscastanheira.com\/en\/product\/repelente-clac-pharmakas-500ml\/#breadcrumb"},"inLanguage":"en-GB","potentialAction":[{"@type":"ReadAction","target":["https:\/\/racoeseforragenscastanheira.com\/en\/product\/repelente-clac-pharmakas-500ml\/"]}]},{"@type":"ImageObject","inLanguage":"en-GB","@id":"https:\/\/racoeseforragenscastanheira.com\/en\/product\/repelente-clac-pharmakas-500ml\/#primaryimage","url":"https:\/\/racoeseforragenscastanheira.com\/wp-content\/uploads\/2025\/03\/3905218-Repelente-Clac-Pharmakas\u00ae-500ml.png","contentUrl":"https:\/\/racoeseforragenscastanheira.com\/wp-content\/uploads\/2025\/03\/3905218-Repelente-Clac-Pharmakas\u00ae-500ml.png","width":895,"height":1024},{"@type":"BreadcrumbList","@id":"https:\/\/racoeseforragenscastanheira.com\/en\/product\/repelente-clac-pharmakas-500ml\/#breadcrumb","itemListElement":[{"@type":"ListItem","position":1,"name":"In\u00edcio","item":"https:\/\/racoeseforragenscastanheira.com\/"},{"@type":"ListItem","position":2,"name":"Shop","item":"https:\/\/racoeseforragenscastanheira.com\/shop\/"},{"@type":"ListItem","position":3,"name":"Repelente Clac Pharmakas, 500ml"}]},{"@type":"WebSite","@id":"https:\/\/racoeseforragenscastanheira.com\/#website","url":"https:\/\/racoeseforragenscastanheira.com\/","name":"racoes e forragens castanheira","description":"","publisher":{"@id":"https:\/\/racoeseforragenscastanheira.com\/#organization"},"potentialAction":[{"@type":"SearchAction","target":{"@type":"EntryPoint","urlTemplate":"https:\/\/racoeseforragenscastanheira.com\/?s={search_term_string}"},"query-input":{"@type":"PropertyValueSpecification","valueRequired":true,"valueName":"search_term_string"}}],"inLanguage":"en-GB"},{"@type":"Organization","@id":"https:\/\/racoeseforragenscastanheira.com\/#organization","name":"racoes e forragens castanheira","url":"https:\/\/racoeseforragenscastanheira.com\/","logo":{"@type":"ImageObject","inLanguage":"en-GB","@id":"https:\/\/racoeseforragenscastanheira.com\/#\/schema\/logo\/image\/","url":"https:\/\/lightgoldenrodyellow-dugong-899059.hostingersite.com\/wp-content\/uploads\/2025\/01\/image003-e1726606072123.jpg","contentUrl":"https:\/\/lightgoldenrodyellow-dugong-899059.hostingersite.com\/wp-content\/uploads\/2025\/01\/image003-e1726606072123.jpg","width":640,"height":405,"caption":"racoes e forragens castanheira"},"image":{"@id":"https:\/\/racoeseforragenscastanheira.com\/#\/schema\/logo\/image\/"},"sameAs":["https:\/\/www.facebook.com\/racoeseforragenscastanheira","https:\/\/www.instagram.com\/racoes_e_forragens_castanheira\/"]}]}},"_links":{"self":[{"href":"https:\/\/racoeseforragenscastanheira.com\/en\/wp-json\/wp\/v2\/product\/1667","targetHints":{"allow":["GET"]}}],"collection":[{"href":"https:\/\/racoeseforragenscastanheira.com\/en\/wp-json\/wp\/v2\/product"}],"about":[{"href":"https:\/\/racoeseforragenscastanheira.com\/en\/wp-json\/wp\/v2\/types\/product"}],"replies":[{"embeddable":true,"href":"https:\/\/racoeseforragenscastanheira.com\/en\/wp-json\/wp\/v2\/comments?post=1667"}],"wp:featuredmedia":[{"embeddable":true,"href":"https:\/\/racoeseforragenscastanheira.com\/en\/wp-json\/wp\/v2\/media\/1668"}],"wp:attachment":[{"href":"https:\/\/racoeseforragenscastanheira.com\/en\/wp-json\/wp\/v2\/media?parent=1667"}],"wp:term":[{"taxonomy":"product_brand","embeddable":true,"href":"https:\/\/racoeseforragenscastanheira.com\/en\/wp-json\/wp\/v2\/product_brand?post=1667"},{"taxonomy":"product_cat","embeddable":true,"href":"https:\/\/racoeseforragenscastanheira.com\/en\/wp-json\/wp\/v2\/product_cat?post=1667"},{"taxonomy":"product_tag","embeddable":true,"href":"https:\/\/racoeseforragenscastanheira.com\/en\/wp-json\/wp\/v2\/product_tag?post=1667"}],"curies":[{"name":"wp","href":"https:\/\/api.w.org\/{rel}","templated":true}]}}