{"id":1316,"date":"2025-01-09T15:06:28","date_gmt":"2025-01-09T15:06:28","guid":{"rendered":"https:\/\/racoeseforragenscastanheira.com\/?post_type=product&#038;p=1316"},"modified":"2026-02-05T11:38:35","modified_gmt":"2026-02-05T11:38:35","slug":"maquina-tosquia-confortek-bateria-f2a","status":"publish","type":"product","link":"https:\/\/racoeseforragenscastanheira.com\/en\/product\/maquina-tosquia-confortek-bateria-f2a\/","title":{"rendered":"M\u00e1quina tosquia Confortek Bateria F2A"},"content":{"rendered":"","protected":false},"excerpt":{"rendered":"<p>A\u00a0 ferramenta perfeita para manter seu animal de estima\u00e7\u00e3o com um visual elegante e saud\u00e1vel. Com duas velocidades ajust\u00e1veis, voc\u00ea pode cortar o pelo do seu animal de estima\u00e7\u00e3o com rapidez e facilidade, independentemente do comprimento ou da textura do pelo.<\/p>\n<p><strong>Caracter\u00edsticas:<\/strong><\/p>\n<ul>\n<li>Motor potente de 3200 rpm\/4000 rpm para um corte r\u00e1pido e uniforme<\/li>\n<li>Design ergon\u00f4mico para maior conforto durante o uso<\/li>\n<li>Inclui 4 pentes de corte para diferentes comprimentos de pelo<\/li>\n<\/ul>\n<p><strong>Benef\u00edcios:<\/strong><\/p>\n<ul>\n<li><strong>Facilidade:<\/strong>\u00a0 F\u00e1cil de manusear e controlar, mesmo para iniciantes.<\/li>\n<li><strong>Eficiente:<\/strong>\u00a0Corta rapidamente e com precis\u00e3o, economizando seu tempo.<\/li>\n<li><strong>Ajust\u00e1vel:<\/strong>\u00a0As duas velocidades ajust\u00e1veis permitem que voc\u00ea personalize o corte para o seu animal de estima\u00e7\u00e3o.<\/li>\n<li><strong>Dur\u00e1vel:<\/strong>\u00a0A m\u00e1quina de cortar cabelo \u00e9 feita de materiais de alta qualidade que duram por anos.<\/li>\n<\/ul>\n<p><strong>Voltagem:<\/strong>\u00a0220v<\/p>\n<p><strong>Ideal para:<\/strong><\/p>\n<ul>\n<li>C\u00e3es e gatos de todos os portes e tipos de pelo<\/li>\n<\/ul>","protected":false},"featured_media":1317,"comment_status":"open","ping_status":"closed","template":"","meta":[],"product_brand":[],"product_cat":[73,28],"product_tag":[],"class_list":{"0":"post-1316","1":"product","2":"type-product","3":"status-publish","4":"has-post-thumbnail","6":"product_cat-acessorios-passaros","7":"product_cat-pet-shop","9":"first","10":"instock","11":"taxable","12":"shipping-taxable","13":"purchasable","14":"product-type-simple"},"yoast_head":"<!-- This site is optimized with the Yoast SEO plugin v27.5 - https:\/\/yoast.com\/product\/yoast-seo-wordpress\/ -->\n<title>M\u00e1quina tosquia Confortek Bateria F2A - racoes e forragens castanheira<\/title>\n<meta name=\"robots\" content=\"index, follow, max-snippet:-1, max-image-preview:large, max-video-preview:-1\" \/>\n<link rel=\"canonical\" href=\"https:\/\/racoeseforragenscastanheira.com\/en\/product\/maquina-tosquia-confortek-bateria-f2a\/\" \/>\n<meta property=\"og:locale\" content=\"en_GB\" \/>\n<meta property=\"og:type\" content=\"article\" \/>\n<meta property=\"og:title\" content=\"M\u00e1quina tosquia Confortek Bateria F2A - racoes e forragens castanheira\" \/>\n<meta property=\"og:description\" content=\"A\u00a0 ferramenta perfeita para manter seu animal de estima\u00e7\u00e3o com um visual elegante e saud\u00e1vel. Com duas velocidades ajust\u00e1veis, voc\u00ea pode cortar o pelo do seu animal de estima\u00e7\u00e3o com rapidez e facilidade, independentemente do comprimento ou da textura do pelo.  Caracter\u00edsticas:   Motor potente de 3200 rpm\/4000 rpm para um corte r\u00e1pido e uniforme  Design ergon\u00f4mico para maior conforto durante o uso  Inclui 4 pentes de corte para diferentes comprimentos de pelo  Benef\u00edcios:   Facilidade:\u00a0 F\u00e1cil de manusear e controlar, mesmo para iniciantes.  Eficiente:\u00a0Corta rapidamente e com precis\u00e3o, economizando seu tempo.  Ajust\u00e1vel:\u00a0As duas velocidades ajust\u00e1veis permitem que voc\u00ea personalize o corte para o seu animal de estima\u00e7\u00e3o.  Dur\u00e1vel:\u00a0A m\u00e1quina de cortar cabelo \u00e9 feita de materiais de alta qualidade que duram por anos.  Voltagem:\u00a0220v  Ideal para:   C\u00e3es e gatos de todos os portes e tipos de pelo\" \/>\n<meta property=\"og:url\" content=\"https:\/\/racoeseforragenscastanheira.com\/en\/product\/maquina-tosquia-confortek-bateria-f2a\/\" \/>\n<meta property=\"og:site_name\" content=\"racoes e forragens castanheira\" \/>\n<meta property=\"article:publisher\" content=\"https:\/\/www.facebook.com\/racoeseforragenscastanheira\" \/>\n<meta property=\"article:modified_time\" content=\"2026-02-05T11:38:35+00:00\" \/>\n<meta property=\"og:image\" content=\"https:\/\/racoeseforragenscastanheira.com\/wp-content\/uploads\/2025\/01\/65392fbb53b31865643633.jpg\" \/>\n\t<meta property=\"og:image:width\" content=\"526\" \/>\n\t<meta property=\"og:image:height\" content=\"526\" \/>\n\t<meta property=\"og:image:type\" content=\"image\/jpeg\" \/>\n<meta name=\"twitter:card\" content=\"summary_large_image\" \/>\n<script type=\"application\/ld+json\" class=\"yoast-schema-graph\">{\"@context\":\"https:\\\/\\\/schema.org\",\"@graph\":[{\"@type\":\"WebPage\",\"@id\":\"https:\\\/\\\/racoeseforragenscastanheira.com\\\/en\\\/product\\\/maquina-tosquia-confortek-bateria-f2a\\\/\",\"url\":\"https:\\\/\\\/racoeseforragenscastanheira.com\\\/en\\\/product\\\/maquina-tosquia-confortek-bateria-f2a\\\/\",\"name\":\"M\u00e1quina tosquia Confortek Bateria F2A - racoes e forragens castanheira\",\"isPartOf\":{\"@id\":\"https:\\\/\\\/racoeseforragenscastanheira.com\\\/#website\"},\"primaryImageOfPage\":{\"@id\":\"https:\\\/\\\/racoeseforragenscastanheira.com\\\/en\\\/product\\\/maquina-tosquia-confortek-bateria-f2a\\\/#primaryimage\"},\"image\":{\"@id\":\"https:\\\/\\\/racoeseforragenscastanheira.com\\\/en\\\/product\\\/maquina-tosquia-confortek-bateria-f2a\\\/#primaryimage\"},\"thumbnailUrl\":\"https:\\\/\\\/racoeseforragenscastanheira.com\\\/wp-content\\\/uploads\\\/2025\\\/01\\\/65392fbb53b31865643633.jpg\",\"datePublished\":\"2025-01-09T15:06:28+00:00\",\"dateModified\":\"2026-02-05T11:38:35+00:00\",\"breadcrumb\":{\"@id\":\"https:\\\/\\\/racoeseforragenscastanheira.com\\\/en\\\/product\\\/maquina-tosquia-confortek-bateria-f2a\\\/#breadcrumb\"},\"inLanguage\":\"en-GB\",\"potentialAction\":[{\"@type\":\"ReadAction\",\"target\":[\"https:\\\/\\\/racoeseforragenscastanheira.com\\\/en\\\/product\\\/maquina-tosquia-confortek-bateria-f2a\\\/\"]}]},{\"@type\":\"ImageObject\",\"inLanguage\":\"en-GB\",\"@id\":\"https:\\\/\\\/racoeseforragenscastanheira.com\\\/en\\\/product\\\/maquina-tosquia-confortek-bateria-f2a\\\/#primaryimage\",\"url\":\"https:\\\/\\\/racoeseforragenscastanheira.com\\\/wp-content\\\/uploads\\\/2025\\\/01\\\/65392fbb53b31865643633.jpg\",\"contentUrl\":\"https:\\\/\\\/racoeseforragenscastanheira.com\\\/wp-content\\\/uploads\\\/2025\\\/01\\\/65392fbb53b31865643633.jpg\",\"width\":526,\"height\":526},{\"@type\":\"BreadcrumbList\",\"@id\":\"https:\\\/\\\/racoeseforragenscastanheira.com\\\/en\\\/product\\\/maquina-tosquia-confortek-bateria-f2a\\\/#breadcrumb\",\"itemListElement\":[{\"@type\":\"ListItem\",\"position\":1,\"name\":\"In\u00edcio\",\"item\":\"https:\\\/\\\/racoeseforragenscastanheira.com\\\/\"},{\"@type\":\"ListItem\",\"position\":2,\"name\":\"Shop\",\"item\":\"https:\\\/\\\/racoeseforragenscastanheira.com\\\/shop\\\/\"},{\"@type\":\"ListItem\",\"position\":3,\"name\":\"M\u00e1quina tosquia Confortek Bateria F2A\"}]},{\"@type\":\"WebSite\",\"@id\":\"https:\\\/\\\/racoeseforragenscastanheira.com\\\/#website\",\"url\":\"https:\\\/\\\/racoeseforragenscastanheira.com\\\/\",\"name\":\"racoes e forragens castanheira\",\"description\":\"\",\"publisher\":{\"@id\":\"https:\\\/\\\/racoeseforragenscastanheira.com\\\/#organization\"},\"potentialAction\":[{\"@type\":\"SearchAction\",\"target\":{\"@type\":\"EntryPoint\",\"urlTemplate\":\"https:\\\/\\\/racoeseforragenscastanheira.com\\\/?s={search_term_string}\"},\"query-input\":{\"@type\":\"PropertyValueSpecification\",\"valueRequired\":true,\"valueName\":\"search_term_string\"}}],\"inLanguage\":\"en-GB\"},{\"@type\":\"Organization\",\"@id\":\"https:\\\/\\\/racoeseforragenscastanheira.com\\\/#organization\",\"name\":\"racoes e forragens castanheira\",\"url\":\"https:\\\/\\\/racoeseforragenscastanheira.com\\\/\",\"logo\":{\"@type\":\"ImageObject\",\"inLanguage\":\"en-GB\",\"@id\":\"https:\\\/\\\/racoeseforragenscastanheira.com\\\/#\\\/schema\\\/logo\\\/image\\\/\",\"url\":\"https:\\\/\\\/lightgoldenrodyellow-dugong-899059.hostingersite.com\\\/wp-content\\\/uploads\\\/2025\\\/01\\\/image003-e1726606072123.jpg\",\"contentUrl\":\"https:\\\/\\\/lightgoldenrodyellow-dugong-899059.hostingersite.com\\\/wp-content\\\/uploads\\\/2025\\\/01\\\/image003-e1726606072123.jpg\",\"width\":640,\"height\":405,\"caption\":\"racoes e forragens castanheira\"},\"image\":{\"@id\":\"https:\\\/\\\/racoeseforragenscastanheira.com\\\/#\\\/schema\\\/logo\\\/image\\\/\"},\"sameAs\":[\"https:\\\/\\\/www.facebook.com\\\/racoeseforragenscastanheira\",\"https:\\\/\\\/www.instagram.com\\\/racoes_e_forragens_castanheira\\\/\"]}]}<\/script>\n<!-- \/ Yoast SEO plugin. -->","yoast_head_json":{"title":"M\u00e1quina tosquia Confortek Bateria F2A - racoes e forragens castanheira","robots":{"index":"index","follow":"follow","max-snippet":"max-snippet:-1","max-image-preview":"max-image-preview:large","max-video-preview":"max-video-preview:-1"},"canonical":"https:\/\/racoeseforragenscastanheira.com\/en\/product\/maquina-tosquia-confortek-bateria-f2a\/","og_locale":"en_GB","og_type":"article","og_title":"M\u00e1quina tosquia Confortek Bateria F2A - racoes e forragens castanheira","og_description":"A\u00a0 ferramenta perfeita para manter seu animal de estima\u00e7\u00e3o com um visual elegante e saud\u00e1vel. Com duas velocidades ajust\u00e1veis, voc\u00ea pode cortar o pelo do seu animal de estima\u00e7\u00e3o com rapidez e facilidade, independentemente do comprimento ou da textura do pelo.  Caracter\u00edsticas:   Motor potente de 3200 rpm\/4000 rpm para um corte r\u00e1pido e uniforme  Design ergon\u00f4mico para maior conforto durante o uso  Inclui 4 pentes de corte para diferentes comprimentos de pelo  Benef\u00edcios:   Facilidade:\u00a0 F\u00e1cil de manusear e controlar, mesmo para iniciantes.  Eficiente:\u00a0Corta rapidamente e com precis\u00e3o, economizando seu tempo.  Ajust\u00e1vel:\u00a0As duas velocidades ajust\u00e1veis permitem que voc\u00ea personalize o corte para o seu animal de estima\u00e7\u00e3o.  Dur\u00e1vel:\u00a0A m\u00e1quina de cortar cabelo \u00e9 feita de materiais de alta qualidade que duram por anos.  Voltagem:\u00a0220v  Ideal para:   C\u00e3es e gatos de todos os portes e tipos de pelo","og_url":"https:\/\/racoeseforragenscastanheira.com\/en\/product\/maquina-tosquia-confortek-bateria-f2a\/","og_site_name":"racoes e forragens castanheira","article_publisher":"https:\/\/www.facebook.com\/racoeseforragenscastanheira","article_modified_time":"2026-02-05T11:38:35+00:00","og_image":[{"width":526,"height":526,"url":"https:\/\/racoeseforragenscastanheira.com\/wp-content\/uploads\/2025\/01\/65392fbb53b31865643633.jpg","type":"image\/jpeg"}],"twitter_card":"summary_large_image","schema":{"@context":"https:\/\/schema.org","@graph":[{"@type":"WebPage","@id":"https:\/\/racoeseforragenscastanheira.com\/en\/product\/maquina-tosquia-confortek-bateria-f2a\/","url":"https:\/\/racoeseforragenscastanheira.com\/en\/product\/maquina-tosquia-confortek-bateria-f2a\/","name":"M\u00e1quina tosquia Confortek Bateria F2A - racoes e forragens castanheira","isPartOf":{"@id":"https:\/\/racoeseforragenscastanheira.com\/#website"},"primaryImageOfPage":{"@id":"https:\/\/racoeseforragenscastanheira.com\/en\/product\/maquina-tosquia-confortek-bateria-f2a\/#primaryimage"},"image":{"@id":"https:\/\/racoeseforragenscastanheira.com\/en\/product\/maquina-tosquia-confortek-bateria-f2a\/#primaryimage"},"thumbnailUrl":"https:\/\/racoeseforragenscastanheira.com\/wp-content\/uploads\/2025\/01\/65392fbb53b31865643633.jpg","datePublished":"2025-01-09T15:06:28+00:00","dateModified":"2026-02-05T11:38:35+00:00","breadcrumb":{"@id":"https:\/\/racoeseforragenscastanheira.com\/en\/product\/maquina-tosquia-confortek-bateria-f2a\/#breadcrumb"},"inLanguage":"en-GB","potentialAction":[{"@type":"ReadAction","target":["https:\/\/racoeseforragenscastanheira.com\/en\/product\/maquina-tosquia-confortek-bateria-f2a\/"]}]},{"@type":"ImageObject","inLanguage":"en-GB","@id":"https:\/\/racoeseforragenscastanheira.com\/en\/product\/maquina-tosquia-confortek-bateria-f2a\/#primaryimage","url":"https:\/\/racoeseforragenscastanheira.com\/wp-content\/uploads\/2025\/01\/65392fbb53b31865643633.jpg","contentUrl":"https:\/\/racoeseforragenscastanheira.com\/wp-content\/uploads\/2025\/01\/65392fbb53b31865643633.jpg","width":526,"height":526},{"@type":"BreadcrumbList","@id":"https:\/\/racoeseforragenscastanheira.com\/en\/product\/maquina-tosquia-confortek-bateria-f2a\/#breadcrumb","itemListElement":[{"@type":"ListItem","position":1,"name":"In\u00edcio","item":"https:\/\/racoeseforragenscastanheira.com\/"},{"@type":"ListItem","position":2,"name":"Shop","item":"https:\/\/racoeseforragenscastanheira.com\/shop\/"},{"@type":"ListItem","position":3,"name":"M\u00e1quina tosquia Confortek Bateria F2A"}]},{"@type":"WebSite","@id":"https:\/\/racoeseforragenscastanheira.com\/#website","url":"https:\/\/racoeseforragenscastanheira.com\/","name":"racoes e forragens castanheira","description":"","publisher":{"@id":"https:\/\/racoeseforragenscastanheira.com\/#organization"},"potentialAction":[{"@type":"SearchAction","target":{"@type":"EntryPoint","urlTemplate":"https:\/\/racoeseforragenscastanheira.com\/?s={search_term_string}"},"query-input":{"@type":"PropertyValueSpecification","valueRequired":true,"valueName":"search_term_string"}}],"inLanguage":"en-GB"},{"@type":"Organization","@id":"https:\/\/racoeseforragenscastanheira.com\/#organization","name":"racoes e forragens castanheira","url":"https:\/\/racoeseforragenscastanheira.com\/","logo":{"@type":"ImageObject","inLanguage":"en-GB","@id":"https:\/\/racoeseforragenscastanheira.com\/#\/schema\/logo\/image\/","url":"https:\/\/lightgoldenrodyellow-dugong-899059.hostingersite.com\/wp-content\/uploads\/2025\/01\/image003-e1726606072123.jpg","contentUrl":"https:\/\/lightgoldenrodyellow-dugong-899059.hostingersite.com\/wp-content\/uploads\/2025\/01\/image003-e1726606072123.jpg","width":640,"height":405,"caption":"racoes e forragens castanheira"},"image":{"@id":"https:\/\/racoeseforragenscastanheira.com\/#\/schema\/logo\/image\/"},"sameAs":["https:\/\/www.facebook.com\/racoeseforragenscastanheira","https:\/\/www.instagram.com\/racoes_e_forragens_castanheira\/"]}]}},"_links":{"self":[{"href":"https:\/\/racoeseforragenscastanheira.com\/en\/wp-json\/wp\/v2\/product\/1316","targetHints":{"allow":["GET"]}}],"collection":[{"href":"https:\/\/racoeseforragenscastanheira.com\/en\/wp-json\/wp\/v2\/product"}],"about":[{"href":"https:\/\/racoeseforragenscastanheira.com\/en\/wp-json\/wp\/v2\/types\/product"}],"replies":[{"embeddable":true,"href":"https:\/\/racoeseforragenscastanheira.com\/en\/wp-json\/wp\/v2\/comments?post=1316"}],"wp:featuredmedia":[{"embeddable":true,"href":"https:\/\/racoeseforragenscastanheira.com\/en\/wp-json\/wp\/v2\/media\/1317"}],"wp:attachment":[{"href":"https:\/\/racoeseforragenscastanheira.com\/en\/wp-json\/wp\/v2\/media?parent=1316"}],"wp:term":[{"taxonomy":"product_brand","embeddable":true,"href":"https:\/\/racoeseforragenscastanheira.com\/en\/wp-json\/wp\/v2\/product_brand?post=1316"},{"taxonomy":"product_cat","embeddable":true,"href":"https:\/\/racoeseforragenscastanheira.com\/en\/wp-json\/wp\/v2\/product_cat?post=1316"},{"taxonomy":"product_tag","embeddable":true,"href":"https:\/\/racoeseforragenscastanheira.com\/en\/wp-json\/wp\/v2\/product_tag?post=1316"}],"curies":[{"name":"wp","href":"https:\/\/api.w.org\/{rel}","templated":true}]}}